{"id":8,"date":"2024-01-07T23:01:26","date_gmt":"2024-01-07T23:01:26","guid":{"rendered":"https:\/\/slotofaztec.com\/?page_id=8"},"modified":"2024-03-22T15:45:03","modified_gmt":"2024-03-22T15:45:03","slug":"the-gameplay-of-the-video-slot-aztec-fire-hold-and-win","status":"publish","type":"page","link":"https:\/\/slotofaztec.com\/pt\/the-gameplay-of-the-video-slot-aztec-fire-hold-and-win\/","title":{"rendered":"A jogabilidade da slot de v\u00eddeo Aztec Fire: Hold and Win"},"content":{"rendered":"<p>Explorar as selvas da Am\u00e9rica Central pode trazer riquezas incalcul\u00e1veis para os jogadores. A jogabilidade da slot \u00e9 constru\u00edda em torno da op\u00e7\u00e3o de respins &#8211; a slot frequentemente concede respins com recursos adicionais. As op\u00e7\u00f5es auxiliares entram em jogo tanto no jogo base quanto nos rounds de b\u00f4nus.<\/p>\n<p>Ao lan\u00e7ar a slot, os jogadores s\u00e3o transportados para uma localiza\u00e7\u00e3o lindamente projetada nas selvas virtuais. Os oito principais s\u00edmbolos da slot s\u00e3o divididos em duas categorias &#8211; \u00edcones menos caros e altamente remunerados. Combina\u00e7\u00f5es com cartas de jogar cl\u00e1ssicas trazem pequenos pagamentos. Imagens de astecas e animais rendem ganhos substanciais. Recursos das fun\u00e7\u00f5es de b\u00f4nus da slot:<\/p>\n<ul>\n<li>O b\u00f4nus tem\u00e1tico ocupa um lugar central no jogo.<\/li>\n<li>A op\u00e7\u00e3o Hold and Win pode ser ativada em qualquer est\u00e1gio do jogo.<\/li>\n<li>O b\u00f4nus \u00e9 acionado com 6 ou mais s\u00edmbolos de b\u00f4nus.<\/li>\n<li>Os s\u00edmbolos de b\u00f4nus t\u00eam multiplicadores aleat\u00f3rios de x1 a x12.<\/li>\n<li>Os \u00edcones se fixam aos cilindros, e o n\u00edvel de b\u00f4nus come\u00e7a.<\/li>\n<\/ul>\n<p>No round tem\u00e1tico, apenas s\u00edmbolos de b\u00f4nus aparecem na tela. A funcionalidade Hold and Win \u00e9 ativada na grade padr\u00e3o do campo de jogo, mas ap\u00f3s a ativa\u00e7\u00e3o da op\u00e7\u00e3o, os cilindros se expandem quando v\u00e1rios \u00edcones de b\u00f4nus est\u00e3o presentes. De 10 a 25 imagens abrem fileiras adicionais nos cilindros &#8211; a 5\u00aa, 6\u00aa, 7\u00aa e 8\u00aa fileira para 10, 15, 20 e 25 \u00edcones de b\u00f4nus, respectivamente.<\/p>\n<h2>S\u00edmbolos da slot Aztec Fire: Hold and Win:<\/h2>\n<ol>\n<li><strong>\u00cdcones B\u00e1sicos:<\/strong> S\u00e3o imagens relacionadas \u00e0 cultura asteca, incluindo est\u00e1tuas douradas, m\u00e1scaras astecas, pedras preciosas, bem como cartas de jogar padr\u00e3o (por exemplo, de dez a \u00e1s).<\/li>\n<li><strong>S\u00edmbolo Wild:<\/strong> Este \u00e9 um \u00edcone especial que pode substituir a maioria dos outros s\u00edmbolos para formar combina\u00e7\u00f5es vencedoras.<\/li>\n<li><strong>S\u00edmbolo Scatter:<\/strong> Este s\u00edmbolo frequentemente ativa rounds de b\u00f4nus ou giros gr\u00e1tis quando um certo n\u00famero desses \u00edcones aparece nos cilindros.<\/li>\n<li><strong>\u00cdcone de B\u00f4nus:<\/strong> Em slots com a fun\u00e7\u00e3o &#8220;Hold and Win&#8221;, muitas vezes h\u00e1 \u00edcones de b\u00f4nus especiais que podem acionar rounds especiais, onde os jogadores t\u00eam a chance de ganhar pr\u00eamios adicionais ou jackpots.<\/li>\n<li><strong>\u00cdcone de Jackpot:<\/strong> Este \u00edcone, associado ao jackpot, proporciona a oportunidade de ganhar grandes somas quando eles se alinham em uma ordem espec\u00edfica.<\/li>\n<\/ol>\n","protected":false},"excerpt":{"rendered":"<p>Explorar as selvas da Am\u00e9rica Central pode trazer riquezas incalcul\u00e1veis para os jogadores. A jogabilidade da slot \u00e9 constru\u00edda em torno da op\u00e7\u00e3o de respins &#8211; a slot frequentemente concede respins com recursos adicionais. As op\u00e7\u00f5es auxiliares entram em jogo tanto no jogo base quanto nos rounds de b\u00f4nus. Ao lan\u00e7ar a slot, os jogadores s\u00e3o transportados para uma localiza\u00e7\u00e3o lindamente projetada nas selvas virtuais. Os oito principais s\u00edmbolos da slot s\u00e3o divididos em duas&hellip; <\/p>\n","protected":false},"author":1,"featured_media":0,"parent":0,"menu_order":0,"comment_status":"closed","ping_status":"closed","template":"","meta":{"footnotes":""},"class_list":["post-8","page","type-page","status-publish","hentry"],"yoast_head":"<!-- This site is optimized with the Yoast SEO plugin v27.2 - https:\/\/yoast.com\/product\/yoast-seo-wordpress\/ -->\n<title>\u041a\u0430\u043a \u0438\u0433\u0440\u0430\u0442\u044c \u0438 \u043f\u043e\u0431\u0435\u0436\u0434\u0430\u0442\u044c \u0432 Aztec Fire: Hold and Win<\/title>\n<meta name=\"description\" content=\"Se voc\u00ea decidiu jogar Aztec Fire, a oportunidade de ganhar dinheiro real n\u00e3o est\u00e1 t\u00e3o longe quanto parece. Voc\u00ea pode jogar e vencer no Aztec Fire agora mesmo.\" \/>\n<meta name=\"robots\" content=\"index, follow, max-snippet:-1, max-image-preview:large, max-video-preview:-1\" \/>\n<link rel=\"canonical\" href=\"https:\/\/slotofaztec.com\/pt\/the-gameplay-of-the-video-slot-aztec-fire-hold-and-win\/\" \/>\n<meta property=\"og:locale\" content=\"pt_PT\" \/>\n<meta property=\"og:locale:alternate\" content=\"ru_RU\" \/>\n<meta property=\"og:locale:alternate\" content=\"en_US\" \/>\n<meta property=\"og:locale:alternate\" content=\"es_ES\" \/>\n<meta property=\"og:locale:alternate\" content=\"sr_RS\" \/>\n<meta property=\"og:locale:alternate\" content=\"bg_BG\" \/>\n<meta property=\"og:locale:alternate\" content=\"pl_PL\" \/>\n<meta property=\"og:locale:alternate\" content=\"it_IT\" \/>\n<meta property=\"og:locale:alternate\" content=\"fr_FR\" \/>\n<meta property=\"og:type\" content=\"article\" \/>\n<meta property=\"og:title\" content=\"\u041a\u0430\u043a \u0438\u0433\u0440\u0430\u0442\u044c \u0438 \u043f\u043e\u0431\u0435\u0436\u0434\u0430\u0442\u044c \u0432 Aztec Fire: Hold and Win\" \/>\n<meta property=\"og:description\" content=\"\u0415\u0441\u043b\u0438 \u0432\u044b \u0440\u0435\u0448\u0438\u043b\u0438 \u0438\u0433\u0440\u0430\u0442\u044c \u0432 Aztec Fire, \u0442\u043e \u0432\u043e\u0437\u043c\u043e\u0436\u043d\u043e\u0441\u0442\u044c \u0432\u044b\u0438\u0433\u0440\u0430\u0442\u044c \u0440\u0435\u0430\u043b\u044c\u043d\u044b\u0435 \u0434\u0435\u043d\u044c\u0433\u0438 \u043d\u0435 \u0442\u0430\u043a \u0434\u0430\u043b\u0435\u043a\u0430, \u043a\u0430\u043a \u043a\u0430\u0436\u0435\u0442\u0441\u044f. \u0418\u0433\u0440\u0430\u0442\u044c \u0438 \u043f\u043e\u0431\u0435\u0436\u0434\u0430\u0442\u044c \u0432 Aztec Fire \u043c\u043e\u0436\u043d\u043e \u0443\u0436\u0435 \u0441\u0435\u0439\u0447\u0430\u0441\" \/>\n<meta property=\"og:url\" content=\"https:\/\/slotofaztec.com\/pt\/the-gameplay-of-the-video-slot-aztec-fire-hold-and-win\/\" \/>\n<meta property=\"og:site_name\" content=\"Aztec Fire\" \/>\n<meta property=\"article:modified_time\" content=\"2024-03-22T15:45:03+00:00\" \/>\n<meta name=\"twitter:card\" content=\"summary_large_image\" \/>\n<meta name=\"twitter:label1\" content=\"Tempo estimado de leitura\" \/>\n\t<meta name=\"twitter:data1\" content=\"12 minutos\" \/>\n<script type=\"application\/ld+json\" class=\"yoast-schema-graph\">{\"@context\":\"https:\/\/schema.org\",\"@graph\":[{\"@type\":\"WebPage\",\"@id\":\"https:\/\/slotofaztec.com\/the-gameplay-of-the-video-slot-aztec-fire-hold-and-win\/\",\"url\":\"https:\/\/slotofaztec.com\/the-gameplay-of-the-video-slot-aztec-fire-hold-and-win\/\",\"name\":\"\u041a\u0430\u043a \u0438\u0433\u0440\u0430\u0442\u044c \u0438 \u043f\u043e\u0431\u0435\u0436\u0434\u0430\u0442\u044c \u0432 Aztec Fire: Hold and Win\",\"isPartOf\":{\"@id\":\"https:\/\/slotofaztec.com\/#website\"},\"datePublished\":\"2024-01-07T23:01:26+00:00\",\"dateModified\":\"2024-03-22T15:45:03+00:00\",\"description\":\"\u0415\u0441\u043b\u0438 \u0432\u044b \u0440\u0435\u0448\u0438\u043b\u0438 \u0438\u0433\u0440\u0430\u0442\u044c \u0432 Aztec Fire, \u0442\u043e \u0432\u043e\u0437\u043c\u043e\u0436\u043d\u043e\u0441\u0442\u044c \u0432\u044b\u0438\u0433\u0440\u0430\u0442\u044c \u0440\u0435\u0430\u043b\u044c\u043d\u044b\u0435 \u0434\u0435\u043d\u044c\u0433\u0438 \u043d\u0435 \u0442\u0430\u043a \u0434\u0430\u043b\u0435\u043a\u0430, \u043a\u0430\u043a \u043a\u0430\u0436\u0435\u0442\u0441\u044f. \u0418\u0433\u0440\u0430\u0442\u044c \u0438 \u043f\u043e\u0431\u0435\u0436\u0434\u0430\u0442\u044c \u0432 Aztec Fire \u043c\u043e\u0436\u043d\u043e \u0443\u0436\u0435 \u0441\u0435\u0439\u0447\u0430\u0441\",\"breadcrumb\":{\"@id\":\"https:\/\/slotofaztec.com\/the-gameplay-of-the-video-slot-aztec-fire-hold-and-win\/#breadcrumb\"},\"inLanguage\":\"pt-PT\",\"potentialAction\":[{\"@type\":\"ReadAction\",\"target\":[\"https:\/\/slotofaztec.com\/the-gameplay-of-the-video-slot-aztec-fire-hold-and-win\/\"]}]},{\"@type\":\"BreadcrumbList\",\"@id\":\"https:\/\/slotofaztec.com\/the-gameplay-of-the-video-slot-aztec-fire-hold-and-win\/#breadcrumb\",\"itemListElement\":[{\"@type\":\"ListItem\",\"position\":1,\"name\":\"Home\",\"item\":\"https:\/\/slotofaztec.com\/\"},{\"@type\":\"ListItem\",\"position\":2,\"name\":\"\u041f\u0440\u043e\u0446\u0435\u0441\u0441 \u0438\u0433\u0440\u044b \u0432 \u0432\u0438\u0434\u0435\u043e\u0441\u043b\u043e\u0442\u0435 Aztec Fire: Hold and Win\"}]},{\"@type\":\"WebSite\",\"@id\":\"https:\/\/slotofaztec.com\/#website\",\"url\":\"https:\/\/slotofaztec.com\/\",\"name\":\"Aztec Fire\",\"description\":\"\",\"publisher\":{\"@id\":\"https:\/\/slotofaztec.com\/#organization\"},\"potentialAction\":[{\"@type\":\"SearchAction\",\"target\":{\"@type\":\"EntryPoint\",\"urlTemplate\":\"https:\/\/slotofaztec.com\/?s={search_term_string}\"},\"query-input\":{\"@type\":\"PropertyValueSpecification\",\"valueRequired\":true,\"valueName\":\"search_term_string\"}}],\"inLanguage\":\"pt-PT\"},{\"@type\":\"Organization\",\"@id\":\"https:\/\/slotofaztec.com\/#organization\",\"name\":\"Aztec Fire\",\"url\":\"https:\/\/slotofaztec.com\/\",\"logo\":{\"@type\":\"ImageObject\",\"inLanguage\":\"pt-PT\",\"@id\":\"https:\/\/slotofaztec.com\/#\/schema\/logo\/image\/\",\"url\":\"https:\/\/slotofaztec.com\/wp-content\/uploads\/2024\/01\/aztec_fire_logo_ekcvl_200x200.png\",\"contentUrl\":\"https:\/\/slotofaztec.com\/wp-content\/uploads\/2024\/01\/aztec_fire_logo_ekcvl_200x200.png\",\"width\":200,\"height\":200,\"caption\":\"Aztec Fire\"},\"image\":{\"@id\":\"https:\/\/slotofaztec.com\/#\/schema\/logo\/image\/\"}}]}<\/script>\n<!-- \/ Yoast SEO plugin. -->","yoast_head_json":{"title":"\u041a\u0430\u043a \u0438\u0433\u0440\u0430\u0442\u044c \u0438 \u043f\u043e\u0431\u0435\u0436\u0434\u0430\u0442\u044c \u0432 Aztec Fire: Hold and Win","description":"Se voc\u00ea decidiu jogar Aztec Fire, a oportunidade de ganhar dinheiro real n\u00e3o est\u00e1 t\u00e3o longe quanto parece. Voc\u00ea pode jogar e vencer no Aztec Fire agora mesmo.","robots":{"index":"index","follow":"follow","max-snippet":"max-snippet:-1","max-image-preview":"max-image-preview:large","max-video-preview":"max-video-preview:-1"},"canonical":"https:\/\/slotofaztec.com\/pt\/the-gameplay-of-the-video-slot-aztec-fire-hold-and-win\/","og_locale":"pt_PT","og_type":"article","og_title":"\u041a\u0430\u043a \u0438\u0433\u0440\u0430\u0442\u044c \u0438 \u043f\u043e\u0431\u0435\u0436\u0434\u0430\u0442\u044c \u0432 Aztec Fire: Hold and Win","og_description":"\u0415\u0441\u043b\u0438 \u0432\u044b \u0440\u0435\u0448\u0438\u043b\u0438 \u0438\u0433\u0440\u0430\u0442\u044c \u0432 Aztec Fire, \u0442\u043e \u0432\u043e\u0437\u043c\u043e\u0436\u043d\u043e\u0441\u0442\u044c \u0432\u044b\u0438\u0433\u0440\u0430\u0442\u044c \u0440\u0435\u0430\u043b\u044c\u043d\u044b\u0435 \u0434\u0435\u043d\u044c\u0433\u0438 \u043d\u0435 \u0442\u0430\u043a \u0434\u0430\u043b\u0435\u043a\u0430, \u043a\u0430\u043a \u043a\u0430\u0436\u0435\u0442\u0441\u044f. \u0418\u0433\u0440\u0430\u0442\u044c \u0438 \u043f\u043e\u0431\u0435\u0436\u0434\u0430\u0442\u044c \u0432 Aztec Fire \u043c\u043e\u0436\u043d\u043e \u0443\u0436\u0435 \u0441\u0435\u0439\u0447\u0430\u0441","og_url":"https:\/\/slotofaztec.com\/pt\/the-gameplay-of-the-video-slot-aztec-fire-hold-and-win\/","og_site_name":"Aztec Fire","article_modified_time":"2024-03-22T15:45:03+00:00","twitter_card":"summary_large_image","twitter_misc":{"Tempo estimado de leitura":"12 minutos"},"schema":{"@context":"https:\/\/schema.org","@graph":[{"@type":"WebPage","@id":"https:\/\/slotofaztec.com\/the-gameplay-of-the-video-slot-aztec-fire-hold-and-win\/","url":"https:\/\/slotofaztec.com\/the-gameplay-of-the-video-slot-aztec-fire-hold-and-win\/","name":"\u041a\u0430\u043a \u0438\u0433\u0440\u0430\u0442\u044c \u0438 \u043f\u043e\u0431\u0435\u0436\u0434\u0430\u0442\u044c \u0432 Aztec Fire: Hold and Win","isPartOf":{"@id":"https:\/\/slotofaztec.com\/#website"},"datePublished":"2024-01-07T23:01:26+00:00","dateModified":"2024-03-22T15:45:03+00:00","description":"\u0415\u0441\u043b\u0438 \u0432\u044b \u0440\u0435\u0448\u0438\u043b\u0438 \u0438\u0433\u0440\u0430\u0442\u044c \u0432 Aztec Fire, \u0442\u043e \u0432\u043e\u0437\u043c\u043e\u0436\u043d\u043e\u0441\u0442\u044c \u0432\u044b\u0438\u0433\u0440\u0430\u0442\u044c \u0440\u0435\u0430\u043b\u044c\u043d\u044b\u0435 \u0434\u0435\u043d\u044c\u0433\u0438 \u043d\u0435 \u0442\u0430\u043a \u0434\u0430\u043b\u0435\u043a\u0430, \u043a\u0430\u043a \u043a\u0430\u0436\u0435\u0442\u0441\u044f. \u0418\u0433\u0440\u0430\u0442\u044c \u0438 \u043f\u043e\u0431\u0435\u0436\u0434\u0430\u0442\u044c \u0432 Aztec Fire \u043c\u043e\u0436\u043d\u043e \u0443\u0436\u0435 \u0441\u0435\u0439\u0447\u0430\u0441","breadcrumb":{"@id":"https:\/\/slotofaztec.com\/the-gameplay-of-the-video-slot-aztec-fire-hold-and-win\/#breadcrumb"},"inLanguage":"pt-PT","potentialAction":[{"@type":"ReadAction","target":["https:\/\/slotofaztec.com\/the-gameplay-of-the-video-slot-aztec-fire-hold-and-win\/"]}]},{"@type":"BreadcrumbList","@id":"https:\/\/slotofaztec.com\/the-gameplay-of-the-video-slot-aztec-fire-hold-and-win\/#breadcrumb","itemListElement":[{"@type":"ListItem","position":1,"name":"Home","item":"https:\/\/slotofaztec.com\/"},{"@type":"ListItem","position":2,"name":"\u041f\u0440\u043e\u0446\u0435\u0441\u0441 \u0438\u0433\u0440\u044b \u0432 \u0432\u0438\u0434\u0435\u043e\u0441\u043b\u043e\u0442\u0435 Aztec Fire: Hold and Win"}]},{"@type":"WebSite","@id":"https:\/\/slotofaztec.com\/#website","url":"https:\/\/slotofaztec.com\/","name":"Aztec Fire","description":"","publisher":{"@id":"https:\/\/slotofaztec.com\/#organization"},"potentialAction":[{"@type":"SearchAction","target":{"@type":"EntryPoint","urlTemplate":"https:\/\/slotofaztec.com\/?s={search_term_string}"},"query-input":{"@type":"PropertyValueSpecification","valueRequired":true,"valueName":"search_term_string"}}],"inLanguage":"pt-PT"},{"@type":"Organization","@id":"https:\/\/slotofaztec.com\/#organization","name":"Aztec Fire","url":"https:\/\/slotofaztec.com\/","logo":{"@type":"ImageObject","inLanguage":"pt-PT","@id":"https:\/\/slotofaztec.com\/#\/schema\/logo\/image\/","url":"https:\/\/slotofaztec.com\/wp-content\/uploads\/2024\/01\/aztec_fire_logo_ekcvl_200x200.png","contentUrl":"https:\/\/slotofaztec.com\/wp-content\/uploads\/2024\/01\/aztec_fire_logo_ekcvl_200x200.png","width":200,"height":200,"caption":"Aztec Fire"},"image":{"@id":"https:\/\/slotofaztec.com\/#\/schema\/logo\/image\/"}}]}},"_links":{"self":[{"href":"https:\/\/slotofaztec.com\/pt\/wp-json\/wp\/v2\/pages\/8","targetHints":{"allow":["GET"]}}],"collection":[{"href":"https:\/\/slotofaztec.com\/pt\/wp-json\/wp\/v2\/pages"}],"about":[{"href":"https:\/\/slotofaztec.com\/pt\/wp-json\/wp\/v2\/types\/page"}],"author":[{"embeddable":true,"href":"https:\/\/slotofaztec.com\/pt\/wp-json\/wp\/v2\/users\/1"}],"replies":[{"embeddable":true,"href":"https:\/\/slotofaztec.com\/pt\/wp-json\/wp\/v2\/comments?post=8"}],"version-history":[{"count":27,"href":"https:\/\/slotofaztec.com\/pt\/wp-json\/wp\/v2\/pages\/8\/revisions"}],"predecessor-version":[{"id":129,"href":"https:\/\/slotofaztec.com\/pt\/wp-json\/wp\/v2\/pages\/8\/revisions\/129"}],"wp:attachment":[{"href":"https:\/\/slotofaztec.com\/pt\/wp-json\/wp\/v2\/media?parent=8"}],"curies":[{"name":"wp","href":"https:\/\/api.w.org\/{rel}","templated":true}]}}