{"id":13,"date":"2024-01-07T23:03:25","date_gmt":"2024-01-07T23:03:25","guid":{"rendered":"https:\/\/slotofaztec.com\/?page_id=13"},"modified":"2024-03-22T15:44:48","modified_gmt":"2024-03-22T15:44:48","slug":"player-reviews","status":"publish","type":"page","link":"https:\/\/slotofaztec.com\/pt\/player-reviews\/","title":{"rendered":"Avalia\u00e7\u00f5es dos Jogadores"},"content":{"rendered":"<p>Reunimos opini\u00f5es, resenhas e feedback de jogadores sobre o slot Aztec Fire: Hold and Win, o que ajudar\u00e1 a formar sua pr\u00f3pria opini\u00e3o sobre o jogo.<\/p>\n<ol>\n<li><strong>Alexey, 32 anos:<\/strong> Um slot fant\u00e1stico com gr\u00e1ficos excelentes. A funcionalidade &#8216;Hold and Win&#8217; realmente adiciona emo\u00e7\u00e3o e chances de grandes vit\u00f3rias! Ultimamente, tenho notado que s\u00f3 escolho slots com a fun\u00e7\u00e3o Hold and Win.<\/li>\n<li><strong>Marina, 28 anos:<\/strong> Estou encantada com o tema asteca em &#8216;Aztec Fire&#8217;. Cada giro traz uma sensa\u00e7\u00e3o de aventura. No entanto, \u00e0s vezes parece ser desafiador ganhar. Essa sensa\u00e7\u00e3o ocorre frequentemente ao jogar em m\u00e1quinas ca\u00e7a-n\u00edqueis.<\/li>\n<li><strong>Igor, 35 anos:<\/strong> Um dos meus slots favoritos! O jogo de b\u00f4nus &#8216;Hold and Win&#8217; vale a pena jogar. Muito satisfeito com o design e a anima\u00e7\u00e3o. O tipo de slot que estarei jogando mesmo depois de 10 anos.<\/li>\n<li><strong>Elena, 30 anos:<\/strong> Um excelente slot para f\u00e3s da cultura asteca. Joguei algumas vezes e fiquei agradavelmente surpresa com a frequ\u00eancia dos rounds de b\u00f4nus. Gra\u00e7as aos b\u00f4nus, \u00e9 poss\u00edvel ganhar e manter um saldo positivo.<\/li>\n<li><strong>Dmitry, 40 anos:<\/strong> Aztec Fire \u00e9 um bom slot, mas \u00e0s vezes parece que os b\u00f4nus ocorrem com pouca frequ\u00eancia. No entanto, a impress\u00e3o geral \u00e9 positiva. N\u00e3o posso dizer que \u00e9 o meu slot favorito, mas &#8216;Aztec Fire&#8217; deixa uma impress\u00e3o genuinamente positiva.<\/li>\n<li><strong>Olga, 26 anos:<\/strong> Estou encantada com &#8216;Aztec Fire: Hold and Win&#8217;! \u00c9 um jogo com gr\u00e1ficos bonitos e recursos interessantes. Os b\u00f4nus tornam o jogo especialmente emocionante. Joguei antes e vou jogar novamente.<\/li>\n<li><strong>Anton, 37 anos:<\/strong> O slot \u00e9 decente, mas acho que \u00e9 mais adequado para jogadores experientes devido \u00e0 sua complexidade e in\u00fameras funcionalidades. H\u00e1 muita informa\u00e7\u00e3o para manter na mente. Definitivamente, n\u00e3o recomendaria o slot para novos jogadores que est\u00e3o apenas come\u00e7ando sua jornada no jogo.<\/li>\n<li><strong>Svetlana, 29 anos:<\/strong> Aztec Fire se tornou um dos meus favoritos. Eu gosto especialmente quando &#8216;Hold and Win&#8217; \u00e9 ativado; as chances de ganhar aumentam! \u00c9 realmente uma \u00f3tima caracter\u00edstica.<\/li>\n<li><strong>Nikolay, 42 anos:<\/strong> Joguei &#8216;Aztec Fire&#8217; v\u00e1rias vezes e gostei. Embora os ganhos nem sempre sejam grandes, o jogo \u00e9 envolvente e divertido. Uma maneira muito boa de passar o tempo.<\/li>\n<li><strong>Katya, 34 anos:<\/strong> Eu adoro o tema asteca, e &#8216;Aztec Fire: Hold and Win&#8217; n\u00e3o decepcionou. Os gr\u00e1ficos e o \u00e1udio s\u00e3o de alta qualidade, e os rounds de b\u00f4nus adicionam emo\u00e7\u00e3o. Um excelente slot.<\/li>\n<\/ol>\n","protected":false},"excerpt":{"rendered":"<p>Reunimos opini\u00f5es, resenhas e feedback de jogadores sobre o slot Aztec Fire: Hold and Win, o que ajudar\u00e1 a formar sua pr\u00f3pria opini\u00e3o sobre o jogo. Alexey, 32 anos: Um slot fant\u00e1stico com gr\u00e1ficos excelentes. A funcionalidade &#8216;Hold and Win&#8217; realmente adiciona emo\u00e7\u00e3o e chances de grandes vit\u00f3rias! Ultimamente, tenho notado que s\u00f3 escolho slots com a fun\u00e7\u00e3o Hold and Win. Marina, 28 anos: Estou encantada com o tema asteca em &#8216;Aztec Fire&#8217;. Cada giro&hellip; <\/p>\n","protected":false},"author":1,"featured_media":0,"parent":0,"menu_order":0,"comment_status":"closed","ping_status":"closed","template":"","meta":{"footnotes":""},"class_list":["post-13","page","type-page","status-publish","hentry"],"yoast_head":"<!-- This site is optimized with the Yoast SEO plugin v27.2 - https:\/\/yoast.com\/product\/yoast-seo-wordpress\/ -->\n<title>Rese\u00f1as de Jugadores sobre la Tragamonedas Aztec Fire: Hold and Win<\/title>\n<meta name=\"description\" content=\"Opini\u00f5es, avalia\u00e7\u00f5es e vis\u00e3o geral da m\u00e1quina de ca\u00e7a-n\u00edqueis Aztec Fire: Hold and Win por jogadores reais. Feedback honesto.\" \/>\n<meta name=\"robots\" content=\"index, follow, max-snippet:-1, max-image-preview:large, max-video-preview:-1\" \/>\n<link rel=\"canonical\" href=\"https:\/\/slotofaztec.com\/pt\/player-reviews\/\" \/>\n<meta property=\"og:locale\" content=\"pt_PT\" \/>\n<meta property=\"og:locale:alternate\" content=\"ru_RU\" \/>\n<meta property=\"og:locale:alternate\" content=\"en_US\" \/>\n<meta property=\"og:locale:alternate\" content=\"es_ES\" \/>\n<meta property=\"og:locale:alternate\" content=\"sr_RS\" \/>\n<meta property=\"og:locale:alternate\" content=\"bg_BG\" \/>\n<meta property=\"og:locale:alternate\" content=\"pl_PL\" \/>\n<meta property=\"og:locale:alternate\" content=\"it_IT\" \/>\n<meta property=\"og:locale:alternate\" content=\"fr_FR\" \/>\n<meta property=\"og:type\" content=\"article\" \/>\n<meta property=\"og:title\" content=\"Rese\u00f1as de Jugadores sobre la Tragamonedas Aztec Fire: Hold and Win\" \/>\n<meta property=\"og:description\" content=\"Opiniones, rese\u00f1as y descripci\u00f3n de la tragamonedas Aztec Fire: Hold and Win por jugadores reales. Comentarios honestos.\" \/>\n<meta property=\"og:url\" content=\"https:\/\/slotofaztec.com\/pt\/player-reviews\/\" \/>\n<meta property=\"og:site_name\" content=\"Aztec Fire\" \/>\n<meta property=\"article:modified_time\" content=\"2024-03-22T15:44:48+00:00\" \/>\n<meta name=\"twitter:card\" content=\"summary_large_image\" \/>\n<meta name=\"twitter:label1\" content=\"Tempo estimado de leitura\" \/>\n\t<meta name=\"twitter:data1\" content=\"13 minutos\" \/>\n<script type=\"application\/ld+json\" class=\"yoast-schema-graph\">{\"@context\":\"https:\/\/schema.org\",\"@graph\":[{\"@type\":\"WebPage\",\"@id\":\"https:\/\/slotofaztec.com\/es\/player-reviews\/\",\"url\":\"https:\/\/slotofaztec.com\/es\/player-reviews\/\",\"name\":\"Rese\u00f1as de Jugadores sobre la Tragamonedas Aztec Fire: Hold and Win\",\"isPartOf\":{\"@id\":\"https:\/\/slotofaztec.com\/#website\"},\"datePublished\":\"2024-01-07T23:03:25+00:00\",\"dateModified\":\"2024-03-22T15:44:48+00:00\",\"description\":\"Opiniones, rese\u00f1as y descripci\u00f3n de la tragamonedas Aztec Fire: Hold and Win por jugadores reales. Comentarios honestos.\",\"breadcrumb\":{\"@id\":\"https:\/\/slotofaztec.com\/es\/player-reviews\/#breadcrumb\"},\"inLanguage\":\"pt-PT\",\"potentialAction\":[{\"@type\":\"ReadAction\",\"target\":[\"https:\/\/slotofaztec.com\/es\/player-reviews\/\"]}]},{\"@type\":\"BreadcrumbList\",\"@id\":\"https:\/\/slotofaztec.com\/es\/player-reviews\/#breadcrumb\",\"itemListElement\":[{\"@type\":\"ListItem\",\"position\":1,\"name\":\"Home\",\"item\":\"https:\/\/slotofaztec.com\/\"},{\"@type\":\"ListItem\",\"position\":2,\"name\":\"Rese\u00f1as de Jugadores\"}]},{\"@type\":\"WebSite\",\"@id\":\"https:\/\/slotofaztec.com\/#website\",\"url\":\"https:\/\/slotofaztec.com\/\",\"name\":\"Aztec Fire\",\"description\":\"\",\"publisher\":{\"@id\":\"https:\/\/slotofaztec.com\/#organization\"},\"potentialAction\":[{\"@type\":\"SearchAction\",\"target\":{\"@type\":\"EntryPoint\",\"urlTemplate\":\"https:\/\/slotofaztec.com\/?s={search_term_string}\"},\"query-input\":{\"@type\":\"PropertyValueSpecification\",\"valueRequired\":true,\"valueName\":\"search_term_string\"}}],\"inLanguage\":\"pt-PT\"},{\"@type\":\"Organization\",\"@id\":\"https:\/\/slotofaztec.com\/#organization\",\"name\":\"Aztec Fire\",\"url\":\"https:\/\/slotofaztec.com\/\",\"logo\":{\"@type\":\"ImageObject\",\"inLanguage\":\"pt-PT\",\"@id\":\"https:\/\/slotofaztec.com\/#\/schema\/logo\/image\/\",\"url\":\"https:\/\/slotofaztec.com\/wp-content\/uploads\/2024\/01\/aztec_fire_logo_ekcvl_200x200.png\",\"contentUrl\":\"https:\/\/slotofaztec.com\/wp-content\/uploads\/2024\/01\/aztec_fire_logo_ekcvl_200x200.png\",\"width\":200,\"height\":200,\"caption\":\"Aztec Fire\"},\"image\":{\"@id\":\"https:\/\/slotofaztec.com\/#\/schema\/logo\/image\/\"}}]}<\/script>\n<!-- \/ Yoast SEO plugin. -->","yoast_head_json":{"title":"Rese\u00f1as de Jugadores sobre la Tragamonedas Aztec Fire: Hold and Win","description":"Opini\u00f5es, avalia\u00e7\u00f5es e vis\u00e3o geral da m\u00e1quina de ca\u00e7a-n\u00edqueis Aztec Fire: Hold and Win por jogadores reais. Feedback honesto.","robots":{"index":"index","follow":"follow","max-snippet":"max-snippet:-1","max-image-preview":"max-image-preview:large","max-video-preview":"max-video-preview:-1"},"canonical":"https:\/\/slotofaztec.com\/pt\/player-reviews\/","og_locale":"pt_PT","og_type":"article","og_title":"Rese\u00f1as de Jugadores sobre la Tragamonedas Aztec Fire: Hold and Win","og_description":"Opiniones, rese\u00f1as y descripci\u00f3n de la tragamonedas Aztec Fire: Hold and Win por jugadores reales. Comentarios honestos.","og_url":"https:\/\/slotofaztec.com\/pt\/player-reviews\/","og_site_name":"Aztec Fire","article_modified_time":"2024-03-22T15:44:48+00:00","twitter_card":"summary_large_image","twitter_misc":{"Tempo estimado de leitura":"13 minutos"},"schema":{"@context":"https:\/\/schema.org","@graph":[{"@type":"WebPage","@id":"https:\/\/slotofaztec.com\/es\/player-reviews\/","url":"https:\/\/slotofaztec.com\/es\/player-reviews\/","name":"Rese\u00f1as de Jugadores sobre la Tragamonedas Aztec Fire: Hold and Win","isPartOf":{"@id":"https:\/\/slotofaztec.com\/#website"},"datePublished":"2024-01-07T23:03:25+00:00","dateModified":"2024-03-22T15:44:48+00:00","description":"Opiniones, rese\u00f1as y descripci\u00f3n de la tragamonedas Aztec Fire: Hold and Win por jugadores reales. Comentarios honestos.","breadcrumb":{"@id":"https:\/\/slotofaztec.com\/es\/player-reviews\/#breadcrumb"},"inLanguage":"pt-PT","potentialAction":[{"@type":"ReadAction","target":["https:\/\/slotofaztec.com\/es\/player-reviews\/"]}]},{"@type":"BreadcrumbList","@id":"https:\/\/slotofaztec.com\/es\/player-reviews\/#breadcrumb","itemListElement":[{"@type":"ListItem","position":1,"name":"Home","item":"https:\/\/slotofaztec.com\/"},{"@type":"ListItem","position":2,"name":"Rese\u00f1as de Jugadores"}]},{"@type":"WebSite","@id":"https:\/\/slotofaztec.com\/#website","url":"https:\/\/slotofaztec.com\/","name":"Aztec Fire","description":"","publisher":{"@id":"https:\/\/slotofaztec.com\/#organization"},"potentialAction":[{"@type":"SearchAction","target":{"@type":"EntryPoint","urlTemplate":"https:\/\/slotofaztec.com\/?s={search_term_string}"},"query-input":{"@type":"PropertyValueSpecification","valueRequired":true,"valueName":"search_term_string"}}],"inLanguage":"pt-PT"},{"@type":"Organization","@id":"https:\/\/slotofaztec.com\/#organization","name":"Aztec Fire","url":"https:\/\/slotofaztec.com\/","logo":{"@type":"ImageObject","inLanguage":"pt-PT","@id":"https:\/\/slotofaztec.com\/#\/schema\/logo\/image\/","url":"https:\/\/slotofaztec.com\/wp-content\/uploads\/2024\/01\/aztec_fire_logo_ekcvl_200x200.png","contentUrl":"https:\/\/slotofaztec.com\/wp-content\/uploads\/2024\/01\/aztec_fire_logo_ekcvl_200x200.png","width":200,"height":200,"caption":"Aztec Fire"},"image":{"@id":"https:\/\/slotofaztec.com\/#\/schema\/logo\/image\/"}}]}},"_links":{"self":[{"href":"https:\/\/slotofaztec.com\/pt\/wp-json\/wp\/v2\/pages\/13","targetHints":{"allow":["GET"]}}],"collection":[{"href":"https:\/\/slotofaztec.com\/pt\/wp-json\/wp\/v2\/pages"}],"about":[{"href":"https:\/\/slotofaztec.com\/pt\/wp-json\/wp\/v2\/types\/page"}],"author":[{"embeddable":true,"href":"https:\/\/slotofaztec.com\/pt\/wp-json\/wp\/v2\/users\/1"}],"replies":[{"embeddable":true,"href":"https:\/\/slotofaztec.com\/pt\/wp-json\/wp\/v2\/comments?post=13"}],"version-history":[{"count":26,"href":"https:\/\/slotofaztec.com\/pt\/wp-json\/wp\/v2\/pages\/13\/revisions"}],"predecessor-version":[{"id":127,"href":"https:\/\/slotofaztec.com\/pt\/wp-json\/wp\/v2\/pages\/13\/revisions\/127"}],"wp:attachment":[{"href":"https:\/\/slotofaztec.com\/pt\/wp-json\/wp\/v2\/media?parent=13"}],"curies":[{"name":"wp","href":"https:\/\/api.w.org\/{rel}","templated":true}]}}