{"id":11,"date":"2024-01-07T23:02:26","date_gmt":"2024-01-07T23:02:26","guid":{"rendered":"https:\/\/slotofaztec.com\/?page_id=11"},"modified":"2024-03-22T15:44:55","modified_gmt":"2024-03-22T15:44:55","slug":"re-spins-and-free-spins-in-aztec-fire","status":"publish","type":"page","link":"https:\/\/slotofaztec.com\/pt\/re-spins-and-free-spins-in-aztec-fire\/","title":{"rendered":"Re-Spins e Free Spins em Aztec Fire"},"content":{"rendered":"<p>No n\u00edvel de b\u00f4nus, o jogador inicialmente recebe tr\u00eas respins, e cada vez que um novo s\u00edmbolo de b\u00f4nus aparece, o contador de giros gr\u00e1tis \u00e9 redefinido para tr\u00eas lan\u00e7amentos. Nesta rodada, s\u00edmbolos especiais de jackpot podem aparecer aleatoriamente na tela. O pr\u00eamio m\u00e1ximo \u00e9 implementado em tr\u00eas formatos &#8211; Mini, Minor, Major e Grand, que trazem ao jogador uma vit\u00f3ria de vinte, cinquenta, cem ou mil vezes a aposta. O b\u00f4nus continua at\u00e9 que toda a grade do campo de jogo seja preenchida com \u00edcones de b\u00f4nus. Se o jogador conseguir coletar 40 s\u00edmbolos de b\u00f4nus, ele recebe o Jackpot Real, excedendo o tamanho da aposta inicial em 10.000 vezes.<\/p>\n<p>Outra caracter\u00edstica lucrativa da slot Aztec Fire s\u00e3o as rodadas gr\u00e1tis. A fun\u00e7\u00e3o \u00e9 ativada por tr\u00eas ou mais dispers\u00f5es nos rolos. Com tr\u00eas s\u00edmbolos de dispers\u00e3o, o jogador recebe 8 rodadas gr\u00e1tis com uma recompensa em dinheiro instant\u00e2nea, o dobro da aposta feita. O b\u00f4nus \u00e9 jogado da mesma forma que no jogo base. No entanto, h\u00e1 uma caracter\u00edstica interessante &#8211; durante a s\u00e9rie de rodadas gr\u00e1tis, apenas s\u00edmbolos de alto pagamento aparecem na tela. As rodadas gr\u00e1tis s\u00e3o renov\u00e1veis. Se dois ou mais s\u00edmbolos de dispers\u00e3o aparecerem nos rolos durante as rodadas gr\u00e1tis, o jogador ganha mais tr\u00eas rodadas gr\u00e1tis.<\/p>\n<p>A slot Aztec Fire: Hold and Win desfruta de imensa popularidade entre os jogadores. A slot permite que os jogadores ganhem um jackpot bastante grande devido \u00e0 mec\u00e2nica \u00fanica do jogo e \u00e0 presen\u00e7a de recursos de b\u00f4nus lucrativos. Rodadas gr\u00e1tis, respins, s\u00edmbolos especiais e de b\u00f4nus, quatro op\u00e7\u00f5es de jackpot, multiplicadores aleat\u00f3rios, rolos expans\u00edveis &#8211; essas s\u00e3o vantagens importantes do modelo de jogo. A presen\u00e7a de op\u00e7\u00f5es adicionais pode aumentar significativamente a recompensa monet\u00e1ria do jogador e trazer o pr\u00eamio desejado em 10.000 vezes a aposta. A slot se caracteriza por belos gr\u00e1ficos e anima\u00e7\u00f5es impressionantes, acompanhamento sonoro atraente e uma trama emocionante.<\/p>\n","protected":false},"excerpt":{"rendered":"<p>No n\u00edvel de b\u00f4nus, o jogador inicialmente recebe tr\u00eas respins, e cada vez que um novo s\u00edmbolo de b\u00f4nus aparece, o contador de giros gr\u00e1tis \u00e9 redefinido para tr\u00eas lan\u00e7amentos. Nesta rodada, s\u00edmbolos especiais de jackpot podem aparecer aleatoriamente na tela. O pr\u00eamio m\u00e1ximo \u00e9 implementado em tr\u00eas formatos &#8211; Mini, Minor, Major e Grand, que trazem ao jogador uma vit\u00f3ria de vinte, cinquenta, cem ou mil vezes a aposta. O b\u00f4nus continua at\u00e9 que&hellip; <\/p>\n","protected":false},"author":1,"featured_media":0,"parent":0,"menu_order":0,"comment_status":"closed","ping_status":"closed","template":"","meta":{"footnotes":""},"class_list":["post-11","page","type-page","status-publish","hentry"],"yoast_head":"<!-- This site is optimized with the Yoast SEO plugin v27.2 - https:\/\/yoast.com\/product\/yoast-seo-wordpress\/ -->\n<title>Jugar Gratis en la Tragamonedas Aztec Fire: Hold and Win<\/title>\n<meta name=\"description\" content=\"Jogue a vers\u00e3o de demonstra\u00e7\u00e3o e divirta-se jogando gratuitamente no slot Aztec Fire: Hold and Win. Obtenha giros gr\u00e1tis no slot Aztec Fire: Hold and Win.\" \/>\n<meta name=\"robots\" content=\"index, follow, max-snippet:-1, max-image-preview:large, max-video-preview:-1\" \/>\n<link rel=\"canonical\" href=\"https:\/\/slotofaztec.com\/pt\/re-spins-and-free-spins-in-aztec-fire\/\" \/>\n<meta property=\"og:locale\" content=\"pt_PT\" \/>\n<meta property=\"og:locale:alternate\" content=\"ru_RU\" \/>\n<meta property=\"og:locale:alternate\" content=\"en_US\" \/>\n<meta property=\"og:locale:alternate\" content=\"es_ES\" \/>\n<meta property=\"og:locale:alternate\" content=\"sr_RS\" \/>\n<meta property=\"og:locale:alternate\" content=\"bg_BG\" \/>\n<meta property=\"og:locale:alternate\" content=\"pl_PL\" \/>\n<meta property=\"og:locale:alternate\" content=\"it_IT\" \/>\n<meta property=\"og:locale:alternate\" content=\"fr_FR\" \/>\n<meta property=\"og:type\" content=\"article\" \/>\n<meta property=\"og:title\" content=\"Jugar Gratis en la Tragamonedas Aztec Fire: Hold and Win\" \/>\n<meta property=\"og:description\" content=\"Juega la versi\u00f3n de demostraci\u00f3n y disfruta jugando gratis en la tragamonedas Aztec Fire: Hold and Win. Obt\u00e9n giros gratis en la tragamonedas Aztec Fire: Hold and Win.\" \/>\n<meta property=\"og:url\" content=\"https:\/\/slotofaztec.com\/pt\/re-spins-and-free-spins-in-aztec-fire\/\" \/>\n<meta property=\"og:site_name\" content=\"Aztec Fire\" \/>\n<meta property=\"article:modified_time\" content=\"2024-03-22T15:44:55+00:00\" \/>\n<meta name=\"twitter:card\" content=\"summary_large_image\" \/>\n<meta name=\"twitter:label1\" content=\"Tempo estimado de leitura\" \/>\n\t<meta name=\"twitter:data1\" content=\"10 minutos\" \/>\n<script type=\"application\/ld+json\" class=\"yoast-schema-graph\">{\"@context\":\"https:\/\/schema.org\",\"@graph\":[{\"@type\":\"WebPage\",\"@id\":\"https:\/\/slotofaztec.com\/es\/re-spins-and-free-spins-in-aztec-fire\/\",\"url\":\"https:\/\/slotofaztec.com\/es\/re-spins-and-free-spins-in-aztec-fire\/\",\"name\":\"Jugar Gratis en la Tragamonedas Aztec Fire: Hold and Win\",\"isPartOf\":{\"@id\":\"https:\/\/slotofaztec.com\/#website\"},\"datePublished\":\"2024-01-07T23:02:26+00:00\",\"dateModified\":\"2024-03-22T15:44:55+00:00\",\"description\":\"Juega la versi\u00f3n de demostraci\u00f3n y disfruta jugando gratis en la tragamonedas Aztec Fire: Hold and Win. Obt\u00e9n giros gratis en la tragamonedas Aztec Fire: Hold and Win.\",\"breadcrumb\":{\"@id\":\"https:\/\/slotofaztec.com\/es\/re-spins-and-free-spins-in-aztec-fire\/#breadcrumb\"},\"inLanguage\":\"pt-PT\",\"potentialAction\":[{\"@type\":\"ReadAction\",\"target\":[\"https:\/\/slotofaztec.com\/es\/re-spins-and-free-spins-in-aztec-fire\/\"]}]},{\"@type\":\"BreadcrumbList\",\"@id\":\"https:\/\/slotofaztec.com\/es\/re-spins-and-free-spins-in-aztec-fire\/#breadcrumb\",\"itemListElement\":[{\"@type\":\"ListItem\",\"position\":1,\"name\":\"Home\",\"item\":\"https:\/\/slotofaztec.com\/\"},{\"@type\":\"ListItem\",\"position\":2,\"name\":\"Re-spins y giros gratis en Aztec Fire\"}]},{\"@type\":\"WebSite\",\"@id\":\"https:\/\/slotofaztec.com\/#website\",\"url\":\"https:\/\/slotofaztec.com\/\",\"name\":\"Aztec Fire\",\"description\":\"\",\"publisher\":{\"@id\":\"https:\/\/slotofaztec.com\/#organization\"},\"potentialAction\":[{\"@type\":\"SearchAction\",\"target\":{\"@type\":\"EntryPoint\",\"urlTemplate\":\"https:\/\/slotofaztec.com\/?s={search_term_string}\"},\"query-input\":{\"@type\":\"PropertyValueSpecification\",\"valueRequired\":true,\"valueName\":\"search_term_string\"}}],\"inLanguage\":\"pt-PT\"},{\"@type\":\"Organization\",\"@id\":\"https:\/\/slotofaztec.com\/#organization\",\"name\":\"Aztec Fire\",\"url\":\"https:\/\/slotofaztec.com\/\",\"logo\":{\"@type\":\"ImageObject\",\"inLanguage\":\"pt-PT\",\"@id\":\"https:\/\/slotofaztec.com\/#\/schema\/logo\/image\/\",\"url\":\"https:\/\/slotofaztec.com\/wp-content\/uploads\/2024\/01\/aztec_fire_logo_ekcvl_200x200.png\",\"contentUrl\":\"https:\/\/slotofaztec.com\/wp-content\/uploads\/2024\/01\/aztec_fire_logo_ekcvl_200x200.png\",\"width\":200,\"height\":200,\"caption\":\"Aztec Fire\"},\"image\":{\"@id\":\"https:\/\/slotofaztec.com\/#\/schema\/logo\/image\/\"}}]}<\/script>\n<!-- \/ Yoast SEO plugin. -->","yoast_head_json":{"title":"Jugar Gratis en la Tragamonedas Aztec Fire: Hold and Win","description":"Jogue a vers\u00e3o de demonstra\u00e7\u00e3o e divirta-se jogando gratuitamente no slot Aztec Fire: Hold and Win. Obtenha giros gr\u00e1tis no slot Aztec Fire: Hold and Win.","robots":{"index":"index","follow":"follow","max-snippet":"max-snippet:-1","max-image-preview":"max-image-preview:large","max-video-preview":"max-video-preview:-1"},"canonical":"https:\/\/slotofaztec.com\/pt\/re-spins-and-free-spins-in-aztec-fire\/","og_locale":"pt_PT","og_type":"article","og_title":"Jugar Gratis en la Tragamonedas Aztec Fire: Hold and Win","og_description":"Juega la versi\u00f3n de demostraci\u00f3n y disfruta jugando gratis en la tragamonedas Aztec Fire: Hold and Win. Obt\u00e9n giros gratis en la tragamonedas Aztec Fire: Hold and Win.","og_url":"https:\/\/slotofaztec.com\/pt\/re-spins-and-free-spins-in-aztec-fire\/","og_site_name":"Aztec Fire","article_modified_time":"2024-03-22T15:44:55+00:00","twitter_card":"summary_large_image","twitter_misc":{"Tempo estimado de leitura":"10 minutos"},"schema":{"@context":"https:\/\/schema.org","@graph":[{"@type":"WebPage","@id":"https:\/\/slotofaztec.com\/es\/re-spins-and-free-spins-in-aztec-fire\/","url":"https:\/\/slotofaztec.com\/es\/re-spins-and-free-spins-in-aztec-fire\/","name":"Jugar Gratis en la Tragamonedas Aztec Fire: Hold and Win","isPartOf":{"@id":"https:\/\/slotofaztec.com\/#website"},"datePublished":"2024-01-07T23:02:26+00:00","dateModified":"2024-03-22T15:44:55+00:00","description":"Juega la versi\u00f3n de demostraci\u00f3n y disfruta jugando gratis en la tragamonedas Aztec Fire: Hold and Win. Obt\u00e9n giros gratis en la tragamonedas Aztec Fire: Hold and Win.","breadcrumb":{"@id":"https:\/\/slotofaztec.com\/es\/re-spins-and-free-spins-in-aztec-fire\/#breadcrumb"},"inLanguage":"pt-PT","potentialAction":[{"@type":"ReadAction","target":["https:\/\/slotofaztec.com\/es\/re-spins-and-free-spins-in-aztec-fire\/"]}]},{"@type":"BreadcrumbList","@id":"https:\/\/slotofaztec.com\/es\/re-spins-and-free-spins-in-aztec-fire\/#breadcrumb","itemListElement":[{"@type":"ListItem","position":1,"name":"Home","item":"https:\/\/slotofaztec.com\/"},{"@type":"ListItem","position":2,"name":"Re-spins y giros gratis en Aztec Fire"}]},{"@type":"WebSite","@id":"https:\/\/slotofaztec.com\/#website","url":"https:\/\/slotofaztec.com\/","name":"Aztec Fire","description":"","publisher":{"@id":"https:\/\/slotofaztec.com\/#organization"},"potentialAction":[{"@type":"SearchAction","target":{"@type":"EntryPoint","urlTemplate":"https:\/\/slotofaztec.com\/?s={search_term_string}"},"query-input":{"@type":"PropertyValueSpecification","valueRequired":true,"valueName":"search_term_string"}}],"inLanguage":"pt-PT"},{"@type":"Organization","@id":"https:\/\/slotofaztec.com\/#organization","name":"Aztec Fire","url":"https:\/\/slotofaztec.com\/","logo":{"@type":"ImageObject","inLanguage":"pt-PT","@id":"https:\/\/slotofaztec.com\/#\/schema\/logo\/image\/","url":"https:\/\/slotofaztec.com\/wp-content\/uploads\/2024\/01\/aztec_fire_logo_ekcvl_200x200.png","contentUrl":"https:\/\/slotofaztec.com\/wp-content\/uploads\/2024\/01\/aztec_fire_logo_ekcvl_200x200.png","width":200,"height":200,"caption":"Aztec Fire"},"image":{"@id":"https:\/\/slotofaztec.com\/#\/schema\/logo\/image\/"}}]}},"_links":{"self":[{"href":"https:\/\/slotofaztec.com\/pt\/wp-json\/wp\/v2\/pages\/11","targetHints":{"allow":["GET"]}}],"collection":[{"href":"https:\/\/slotofaztec.com\/pt\/wp-json\/wp\/v2\/pages"}],"about":[{"href":"https:\/\/slotofaztec.com\/pt\/wp-json\/wp\/v2\/types\/page"}],"author":[{"embeddable":true,"href":"https:\/\/slotofaztec.com\/pt\/wp-json\/wp\/v2\/users\/1"}],"replies":[{"embeddable":true,"href":"https:\/\/slotofaztec.com\/pt\/wp-json\/wp\/v2\/comments?post=11"}],"version-history":[{"count":18,"href":"https:\/\/slotofaztec.com\/pt\/wp-json\/wp\/v2\/pages\/11\/revisions"}],"predecessor-version":[{"id":128,"href":"https:\/\/slotofaztec.com\/pt\/wp-json\/wp\/v2\/pages\/11\/revisions\/128"}],"wp:attachment":[{"href":"https:\/\/slotofaztec.com\/pt\/wp-json\/wp\/v2\/media?parent=11"}],"curies":[{"name":"wp","href":"https:\/\/api.w.org\/{rel}","templated":true}]}}