{"id":6,"date":"2024-01-07T22:59:55","date_gmt":"2024-01-07T22:59:55","guid":{"rendered":"https:\/\/slotofaztec.com\/?page_id=6"},"modified":"2024-03-22T15:44:41","modified_gmt":"2024-03-22T15:44:41","slug":"the-aztec-fire-slot-machine-features-and-advantages","status":"publish","type":"page","link":"https:\/\/slotofaztec.com\/pl\/","title":{"rendered":"Automat do gry Aztec Fire &#8211; cechy i zalety"},"content":{"rendered":"<p>Klasyczne automaty do gry pozostaj\u0105 popularne w\u015br\u00f3d mi\u0142o\u015bnik\u00f3w kasyn. Sloty po\u015bwi\u0119cone poszukiwaniu zaginionych skarb\u00f3w staro\u017cytnych cywilizacji ciesz\u0105 si\u0119 du\u017cym zainteresowaniem. Jednym z takich modeli jest automat Aztec Fire: Hold and Win od studia 3 Oaks (Booongo). Deweloper przedstawi\u0142 nowy model gry w 2022 roku. Slot charakteryzuje si\u0119 ciekaw\u0105 fabu\u0142\u0105, wysokimi mno\u017cnikami zak\u0142ad\u00f3w i funkcjami bonusowymi. W grze mo\u017cna zdoby\u0107 do\u015b\u0107 du\u017c\u0105 wygran\u0105 z mno\u017cnikiem do x10000 i wzi\u0105\u0107 udzia\u0142 w ekscytuj\u0105cych rundach tematycznych.<\/p>\n<h2>Cechy automatu Aztec Fire<\/h2>\n<p>Wideo slot Aztec Fire ma 5 obracaj\u0105cych si\u0119 b\u0119bn\u00f3w u\u0142o\u017conych w 4 rz\u0119dy i 20 linii wyp\u0142at. Slot zaprasza hazardzist\u00f3w do wirtualnej podr\u00f3\u017cy w poszukiwaniu skarb\u00f3w staro\u017cytnych cywilizacji Aztek\u00f3w. Fabu\u0142a rozwija si\u0119 w mezoameryka\u0144skich d\u017cunglach z bujn\u0105 ro\u015blinno\u015bci\u0105 i spokojnymi niebieskimi rzekami. Na b\u0119bnach widniej\u0105 ikony z obrazami dzikich zwierz\u0105t i przedstawicieli plemienia Aztek\u00f3w. G\u0142\u00f3wne cechy automatu:<\/p>\n<ul>\n<li>Teoretyczny procent zwrotu &#8211; 95,5%;<\/li>\n<li>Poziom zmienno\u015bci &#8211; \u015bredni;<\/li>\n<li>Maksymalna wielko\u015b\u0107 wygranej &#8211; x10000 zak\u0142ad\u00f3w;<\/li>\n<li>Zakres zak\u0142ad\u00f3w na spin &#8211; od 0,2 do 30 euro (dolar\u00f3w);<\/li>\n<li>Losowe mno\u017cniki od x1 do x12 zak\u0142ad\u00f3w;<\/li>\n<li>Opcja rozszerzaj\u0105cych si\u0119 symboli bonusowych;<\/li>\n<li>Ponowne kr\u0119cenia z losowymi symbolami jackpot\u00f3w;<\/li>\n<li>Scattery uruchamiaj\u0105ce osiem darmowych spin\u00f3w;<\/li>\n<li>Natychmiastowa nagroda pieni\u0119\u017cna, r\u00f3wna dwukrotno\u015bci zak\u0142adu.<\/li>\n<\/ul>\n<p>Automat Aztec Fire: Hold and Win posiada symbole dzikie, zaimplementowano funkcj\u0119 &#8222;Hold and Spin&#8221;. Istnieje opcja zmiany uk\u0142adu b\u0119bn\u00f3w gry i zakresu procentu teoretycznego zwrotu. Losowe symbole, ikony bonusowe i specjalne symbole znacznie zwi\u0119kszaj\u0105 szanse na wygran\u0105.<\/p>\n<h2>Zasady gry Aztec Fire: Hold and Win<\/h2>\n<p>Gra Aztec Fire: Hold and Win od 3 Oaks (Booongo) to slot online z ekscytuj\u0105cymi funkcjami i zasadami. Oto podstawowe zasady gry:<\/p>\n<ol>\n<li><strong>Konfiguracja b\u0119bn\u00f3w:<\/strong> Gra zazwyczaj posiada standardow\u0105 siatk\u0119 b\u0119bn\u00f3w, na przyk\u0142ad 5 b\u0119bn\u00f3w i 3 rz\u0119dy symboli.<\/li>\n<li><strong>Symbole:<\/strong> W grze u\u017cywane s\u0105 symbole zainspirowane tematem Aztek\u00f3w, takie jak z\u0142ote pos\u0105gi, kamienie szlachetne, maski Aztek\u00f3w i tradycyjne karty do gry od 10 do Asa.<\/li>\n<li><strong>Zak\u0142ady:<\/strong> Gracze wybieraj\u0105 wielko\u015b\u0107 zak\u0142adu przed ka\u017cdym obracaniem b\u0119bn\u00f3w. Wielko\u015b\u0107 zak\u0142adu mo\u017ce si\u0119 r\u00f3\u017cni\u0107 w zale\u017cno\u015bci od zasad konkretengo kasyna.<\/li>\n<li><strong>Wygrywaj\u0105ce kombinacje:<\/strong> Wygrywaj\u0105ce kombinacje s\u0105 tworzone, gdy okre\u015blone symbole pasuj\u0105 do siebie na aktywnych liniach wyp\u0142at. Liczb\u0119 linii wyp\u0142at r\u00f3wnie\u017c okre\u015blaj\u0105 zasady gry.<\/li>\n<li><strong>Funkcja Hold and Win:<\/strong> Ta funkcja jest aktywowana, gdy okre\u015blona liczba specjalnych symboli (takich jak symbole bonusowe lub rozproszenia) pojawi si\u0119. W tym trybie gracze otrzymuj\u0105 ograniczon\u0105 liczb\u0119 ponownych kr\u0119ce\u0144, podczas kt\u00f3rych specjalne symbole mog\u0105 przynie\u015b\u0107 dodatkowe wygrane lub jackpoty.<\/li>\n<li><strong>Rundy bonusowe:<\/strong> Gra mo\u017ce zawiera\u0107 rundy bonusowe, takie jak darmowe spiny lub mini-gry, kt\u00f3re s\u0105 aktywowane przez pojawienie si\u0119 okre\u015blonych symboli.<\/li>\n<li><strong>Jackpoty:<\/strong> W niekt\u00f3rych wersjach automatu dost\u0119pne mog\u0105 by\u0107 sta\u0142e lub progresywne jackpoty.<\/li>\n<li><strong>Autoplay:<\/strong> Gracze mog\u0105 skorzysta\u0107 z funkcji automatycznej gry, aby seri\u0119 ci\u0105g\u0142ych obracaj\u0105cych si\u0119 b\u0119bn\u00f3w z wcze\u015bniej ustawionym zak\u0142adem.<\/li>\n<li><strong>Tabela wyp\u0142at:<\/strong> Gracze mog\u0105 sprawdzi\u0107 tabel\u0119 wyp\u0142at w grze, aby dowiedzie\u0107 si\u0119 o mo\u017cliwych kombinacjach wygrywaj\u0105cych i ich warto\u015bciach.<\/li>\n<\/ol>\n<p>Warto pami\u0119ta\u0107, \u017ce w automatach do gry wyniki s\u0105 ca\u0142kowicie losowe, a wynik ka\u017cdego obracania jest determinowany przez generator liczb losowych. To sprawia, \u017ce gra w automaty jest ekscytuj\u0105ca, ale jednocze\u015bnie sugeruje, \u017ce gracze powinni podchodzi\u0107 do gry odpowiedzialnie.<\/p>\n","protected":false},"excerpt":{"rendered":"<p>Klasyczne automaty do gry pozostaj\u0105 popularne w\u015br\u00f3d mi\u0142o\u015bnik\u00f3w kasyn. Sloty po\u015bwi\u0119cone poszukiwaniu zaginionych skarb\u00f3w staro\u017cytnych cywilizacji ciesz\u0105 si\u0119 du\u017cym zainteresowaniem. Jednym z takich modeli jest automat Aztec Fire: Hold and Win od studia 3 Oaks (Booongo). Deweloper przedstawi\u0142 nowy model gry w 2022 roku. Slot charakteryzuje si\u0119 ciekaw\u0105 fabu\u0142\u0105, wysokimi mno\u017cnikami zak\u0142ad\u00f3w i funkcjami bonusowymi. W grze mo\u017cna zdoby\u0107 do\u015b\u0107 du\u017c\u0105 wygran\u0105 z mno\u017cnikiem do x10000 i wzi\u0105\u0107 udzia\u0142 w ekscytuj\u0105cych rundach tematycznych. Cechy automatu&hellip; <\/p>\n","protected":false},"author":1,"featured_media":0,"parent":0,"menu_order":0,"comment_status":"closed","ping_status":"closed","template":"","meta":{"footnotes":""},"class_list":["post-6","page","type-page","status-publish","hentry"],"yoast_head":"<!-- This site is optimized with the Yoast SEO plugin v27.2 - https:\/\/yoast.com\/product\/yoast-seo-wordpress\/ -->\n<title>\u0418\u0433\u0440\u0430\u0442\u044c \u0432 Aztec Fire: Hold and Win \u0432 \u043e\u043d\u043b\u0430\u0439\u043d \u043a\u0430\u0437\u0438\u043d\u043e<\/title>\n<meta name=\"description\" content=\"Graj i wygrywaj prawdziwe pieni\u0105dze na automacie Aztec Fire: Hold and Win. Pobierz aplikacj\u0119 na iPhone&#039;a lub Androida, graj za darmo i korzystaj z darmowych spin\u00f3w.\" \/>\n<meta name=\"robots\" content=\"index, follow, max-snippet:-1, max-image-preview:large, max-video-preview:-1\" \/>\n<link rel=\"canonical\" href=\"https:\/\/slotofaztec.com\/pl\/\" \/>\n<meta property=\"og:locale\" content=\"pl_PL\" \/>\n<meta property=\"og:locale:alternate\" content=\"ru_RU\" \/>\n<meta property=\"og:locale:alternate\" content=\"en_US\" \/>\n<meta property=\"og:locale:alternate\" content=\"pt_PT\" \/>\n<meta property=\"og:locale:alternate\" content=\"es_ES\" \/>\n<meta property=\"og:locale:alternate\" content=\"sr_RS\" \/>\n<meta property=\"og:locale:alternate\" content=\"bg_BG\" \/>\n<meta property=\"og:locale:alternate\" content=\"it_IT\" \/>\n<meta property=\"og:locale:alternate\" content=\"fr_FR\" \/>\n<meta property=\"og:type\" content=\"article\" \/>\n<meta property=\"og:title\" content=\"\u0418\u0433\u0440\u0430\u0442\u044c \u0432 Aztec Fire: Hold and Win \u0432 \u043e\u043d\u043b\u0430\u0439\u043d \u043a\u0430\u0437\u0438\u043d\u043e\" \/>\n<meta property=\"og:description\" content=\"\u0418\u0433\u0440\u0430\u0442\u044c \u0438 \u0432\u044b\u0438\u0433\u0440\u044b\u0432\u0430\u0442\u044c \u0440\u0435\u0430\u043b\u044c\u043d\u044b\u0435 \u0434\u0435\u043d\u044c\u0433\u0438 \u0432 \u0438\u0433\u0440\u043e\u0432\u043e\u043c \u0430\u0432\u0442\u043e\u043c\u0430\u0442\u0435 Aztec Fire: Hold and Win. \u0421\u043a\u0430\u0447\u0430\u0442\u044c \u043f\u0440\u0438\u043b\u043e\u0436\u0435\u043d\u0438\u0435 \u0430\u0439\u0444\u043e\u043d \u0438\u043b\u0438 \u0410\u043d\u0434\u0440\u043e\u0438\u0434, \u0438\u0433\u0440\u0430\u0442\u044c \u0431\u0435\u0441\u043f\u043b\u0430\u0442\u043d\u043e, \u0431\u0435\u0441\u043f\u043b\u0430\u0442\u043d\u044b\u0435 \u0432\u0440\u0430\u0449\u0435\u043d\u0438\u044f\" \/>\n<meta property=\"og:url\" content=\"https:\/\/slotofaztec.com\/pl\/\" \/>\n<meta property=\"og:site_name\" content=\"Aztec Fire\" \/>\n<meta property=\"article:modified_time\" content=\"2024-03-22T15:44:41+00:00\" \/>\n<meta name=\"twitter:card\" content=\"summary_large_image\" \/>\n<meta name=\"twitter:label1\" content=\"Szacowany czas czytania\" \/>\n\t<meta name=\"twitter:data1\" content=\"19 minut\" \/>\n<script type=\"application\/ld+json\" class=\"yoast-schema-graph\">{\"@context\":\"https:\/\/schema.org\",\"@graph\":[{\"@type\":\"WebPage\",\"@id\":\"https:\/\/slotofaztec.com\/\",\"url\":\"https:\/\/slotofaztec.com\/\",\"name\":\"\u0418\u0433\u0440\u0430\u0442\u044c \u0432 Aztec Fire: Hold and Win \u0432 \u043e\u043d\u043b\u0430\u0439\u043d \u043a\u0430\u0437\u0438\u043d\u043e\",\"isPartOf\":{\"@id\":\"https:\/\/slotofaztec.com\/#website\"},\"datePublished\":\"2024-01-07T22:59:55+00:00\",\"dateModified\":\"2024-03-22T15:44:41+00:00\",\"description\":\"\u0418\u0433\u0440\u0430\u0442\u044c \u0438 \u0432\u044b\u0438\u0433\u0440\u044b\u0432\u0430\u0442\u044c \u0440\u0435\u0430\u043b\u044c\u043d\u044b\u0435 \u0434\u0435\u043d\u044c\u0433\u0438 \u0432 \u0438\u0433\u0440\u043e\u0432\u043e\u043c \u0430\u0432\u0442\u043e\u043c\u0430\u0442\u0435 Aztec Fire: Hold and Win. \u0421\u043a\u0430\u0447\u0430\u0442\u044c \u043f\u0440\u0438\u043b\u043e\u0436\u0435\u043d\u0438\u0435 \u0430\u0439\u0444\u043e\u043d \u0438\u043b\u0438 \u0410\u043d\u0434\u0440\u043e\u0438\u0434, \u0438\u0433\u0440\u0430\u0442\u044c \u0431\u0435\u0441\u043f\u043b\u0430\u0442\u043d\u043e, \u0431\u0435\u0441\u043f\u043b\u0430\u0442\u043d\u044b\u0435 \u0432\u0440\u0430\u0449\u0435\u043d\u0438\u044f\",\"breadcrumb\":{\"@id\":\"https:\/\/slotofaztec.com\/#breadcrumb\"},\"inLanguage\":\"pl-PL\",\"potentialAction\":[{\"@type\":\"ReadAction\",\"target\":[\"https:\/\/slotofaztec.com\/\"]}]},{\"@type\":\"BreadcrumbList\",\"@id\":\"https:\/\/slotofaztec.com\/#breadcrumb\",\"itemListElement\":[{\"@type\":\"ListItem\",\"position\":1,\"name\":\"Home\",\"item\":\"https:\/\/slotofaztec.com\/\"},{\"@type\":\"ListItem\",\"position\":2,\"name\":\"\u0418\u0433\u0440\u043e\u0432\u043e\u0439 \u0430\u0432\u0442\u043e\u043c\u0430\u0442 Aztec Fire \u2013 \u043e\u0441\u043e\u0431\u0435\u043d\u043d\u043e\u0441\u0442\u0438 \u0438 \u043f\u0440\u0435\u0438\u043c\u0443\u0449\u0435\u0441\u0442\u0432\u0430\"}]},{\"@type\":\"WebSite\",\"@id\":\"https:\/\/slotofaztec.com\/#website\",\"url\":\"https:\/\/slotofaztec.com\/\",\"name\":\"Aztec Fire\",\"description\":\"\",\"publisher\":{\"@id\":\"https:\/\/slotofaztec.com\/#organization\"},\"potentialAction\":[{\"@type\":\"SearchAction\",\"target\":{\"@type\":\"EntryPoint\",\"urlTemplate\":\"https:\/\/slotofaztec.com\/?s={search_term_string}\"},\"query-input\":{\"@type\":\"PropertyValueSpecification\",\"valueRequired\":true,\"valueName\":\"search_term_string\"}}],\"inLanguage\":\"pl-PL\"},{\"@type\":\"Organization\",\"@id\":\"https:\/\/slotofaztec.com\/#organization\",\"name\":\"Aztec Fire\",\"url\":\"https:\/\/slotofaztec.com\/\",\"logo\":{\"@type\":\"ImageObject\",\"inLanguage\":\"pl-PL\",\"@id\":\"https:\/\/slotofaztec.com\/#\/schema\/logo\/image\/\",\"url\":\"https:\/\/slotofaztec.com\/wp-content\/uploads\/2024\/01\/aztec_fire_logo_ekcvl_200x200.png\",\"contentUrl\":\"https:\/\/slotofaztec.com\/wp-content\/uploads\/2024\/01\/aztec_fire_logo_ekcvl_200x200.png\",\"width\":200,\"height\":200,\"caption\":\"Aztec Fire\"},\"image\":{\"@id\":\"https:\/\/slotofaztec.com\/#\/schema\/logo\/image\/\"}}]}<\/script>\n<!-- \/ Yoast SEO plugin. -->","yoast_head_json":{"title":"\u0418\u0433\u0440\u0430\u0442\u044c \u0432 Aztec Fire: Hold and Win \u0432 \u043e\u043d\u043b\u0430\u0439\u043d \u043a\u0430\u0437\u0438\u043d\u043e","description":"Graj i wygrywaj prawdziwe pieni\u0105dze na automacie Aztec Fire: Hold and Win. Pobierz aplikacj\u0119 na iPhone'a lub Androida, graj za darmo i korzystaj z darmowych spin\u00f3w.","robots":{"index":"index","follow":"follow","max-snippet":"max-snippet:-1","max-image-preview":"max-image-preview:large","max-video-preview":"max-video-preview:-1"},"canonical":"https:\/\/slotofaztec.com\/pl\/","og_locale":"pl_PL","og_type":"article","og_title":"\u0418\u0433\u0440\u0430\u0442\u044c \u0432 Aztec Fire: Hold and Win \u0432 \u043e\u043d\u043b\u0430\u0439\u043d \u043a\u0430\u0437\u0438\u043d\u043e","og_description":"\u0418\u0433\u0440\u0430\u0442\u044c \u0438 \u0432\u044b\u0438\u0433\u0440\u044b\u0432\u0430\u0442\u044c \u0440\u0435\u0430\u043b\u044c\u043d\u044b\u0435 \u0434\u0435\u043d\u044c\u0433\u0438 \u0432 \u0438\u0433\u0440\u043e\u0432\u043e\u043c \u0430\u0432\u0442\u043e\u043c\u0430\u0442\u0435 Aztec Fire: Hold and Win. \u0421\u043a\u0430\u0447\u0430\u0442\u044c \u043f\u0440\u0438\u043b\u043e\u0436\u0435\u043d\u0438\u0435 \u0430\u0439\u0444\u043e\u043d \u0438\u043b\u0438 \u0410\u043d\u0434\u0440\u043e\u0438\u0434, \u0438\u0433\u0440\u0430\u0442\u044c \u0431\u0435\u0441\u043f\u043b\u0430\u0442\u043d\u043e, \u0431\u0435\u0441\u043f\u043b\u0430\u0442\u043d\u044b\u0435 \u0432\u0440\u0430\u0449\u0435\u043d\u0438\u044f","og_url":"https:\/\/slotofaztec.com\/pl\/","og_site_name":"Aztec Fire","article_modified_time":"2024-03-22T15:44:41+00:00","twitter_card":"summary_large_image","twitter_misc":{"Szacowany czas czytania":"19 minut"},"schema":{"@context":"https:\/\/schema.org","@graph":[{"@type":"WebPage","@id":"https:\/\/slotofaztec.com\/","url":"https:\/\/slotofaztec.com\/","name":"\u0418\u0433\u0440\u0430\u0442\u044c \u0432 Aztec Fire: Hold and Win \u0432 \u043e\u043d\u043b\u0430\u0439\u043d \u043a\u0430\u0437\u0438\u043d\u043e","isPartOf":{"@id":"https:\/\/slotofaztec.com\/#website"},"datePublished":"2024-01-07T22:59:55+00:00","dateModified":"2024-03-22T15:44:41+00:00","description":"\u0418\u0433\u0440\u0430\u0442\u044c \u0438 \u0432\u044b\u0438\u0433\u0440\u044b\u0432\u0430\u0442\u044c \u0440\u0435\u0430\u043b\u044c\u043d\u044b\u0435 \u0434\u0435\u043d\u044c\u0433\u0438 \u0432 \u0438\u0433\u0440\u043e\u0432\u043e\u043c \u0430\u0432\u0442\u043e\u043c\u0430\u0442\u0435 Aztec Fire: Hold and Win. \u0421\u043a\u0430\u0447\u0430\u0442\u044c \u043f\u0440\u0438\u043b\u043e\u0436\u0435\u043d\u0438\u0435 \u0430\u0439\u0444\u043e\u043d \u0438\u043b\u0438 \u0410\u043d\u0434\u0440\u043e\u0438\u0434, \u0438\u0433\u0440\u0430\u0442\u044c \u0431\u0435\u0441\u043f\u043b\u0430\u0442\u043d\u043e, \u0431\u0435\u0441\u043f\u043b\u0430\u0442\u043d\u044b\u0435 \u0432\u0440\u0430\u0449\u0435\u043d\u0438\u044f","breadcrumb":{"@id":"https:\/\/slotofaztec.com\/#breadcrumb"},"inLanguage":"pl-PL","potentialAction":[{"@type":"ReadAction","target":["https:\/\/slotofaztec.com\/"]}]},{"@type":"BreadcrumbList","@id":"https:\/\/slotofaztec.com\/#breadcrumb","itemListElement":[{"@type":"ListItem","position":1,"name":"Home","item":"https:\/\/slotofaztec.com\/"},{"@type":"ListItem","position":2,"name":"\u0418\u0433\u0440\u043e\u0432\u043e\u0439 \u0430\u0432\u0442\u043e\u043c\u0430\u0442 Aztec Fire \u2013 \u043e\u0441\u043e\u0431\u0435\u043d\u043d\u043e\u0441\u0442\u0438 \u0438 \u043f\u0440\u0435\u0438\u043c\u0443\u0449\u0435\u0441\u0442\u0432\u0430"}]},{"@type":"WebSite","@id":"https:\/\/slotofaztec.com\/#website","url":"https:\/\/slotofaztec.com\/","name":"Aztec Fire","description":"","publisher":{"@id":"https:\/\/slotofaztec.com\/#organization"},"potentialAction":[{"@type":"SearchAction","target":{"@type":"EntryPoint","urlTemplate":"https:\/\/slotofaztec.com\/?s={search_term_string}"},"query-input":{"@type":"PropertyValueSpecification","valueRequired":true,"valueName":"search_term_string"}}],"inLanguage":"pl-PL"},{"@type":"Organization","@id":"https:\/\/slotofaztec.com\/#organization","name":"Aztec Fire","url":"https:\/\/slotofaztec.com\/","logo":{"@type":"ImageObject","inLanguage":"pl-PL","@id":"https:\/\/slotofaztec.com\/#\/schema\/logo\/image\/","url":"https:\/\/slotofaztec.com\/wp-content\/uploads\/2024\/01\/aztec_fire_logo_ekcvl_200x200.png","contentUrl":"https:\/\/slotofaztec.com\/wp-content\/uploads\/2024\/01\/aztec_fire_logo_ekcvl_200x200.png","width":200,"height":200,"caption":"Aztec Fire"},"image":{"@id":"https:\/\/slotofaztec.com\/#\/schema\/logo\/image\/"}}]}},"_links":{"self":[{"href":"https:\/\/slotofaztec.com\/pl\/wp-json\/wp\/v2\/pages\/6","targetHints":{"allow":["GET"]}}],"collection":[{"href":"https:\/\/slotofaztec.com\/pl\/wp-json\/wp\/v2\/pages"}],"about":[{"href":"https:\/\/slotofaztec.com\/pl\/wp-json\/wp\/v2\/types\/page"}],"author":[{"embeddable":true,"href":"https:\/\/slotofaztec.com\/pl\/wp-json\/wp\/v2\/users\/1"}],"replies":[{"embeddable":true,"href":"https:\/\/slotofaztec.com\/pl\/wp-json\/wp\/v2\/comments?post=6"}],"version-history":[{"count":25,"href":"https:\/\/slotofaztec.com\/pl\/wp-json\/wp\/v2\/pages\/6\/revisions"}],"predecessor-version":[{"id":126,"href":"https:\/\/slotofaztec.com\/pl\/wp-json\/wp\/v2\/pages\/6\/revisions\/126"}],"wp:attachment":[{"href":"https:\/\/slotofaztec.com\/pl\/wp-json\/wp\/v2\/media?parent=6"}],"curies":[{"name":"wp","href":"https:\/\/api.w.org\/{rel}","templated":true}]}}