{"id":11,"date":"2024-01-07T23:02:26","date_gmt":"2024-01-07T23:02:26","guid":{"rendered":"https:\/\/slotofaztec.com\/?page_id=11"},"modified":"2024-03-22T15:44:55","modified_gmt":"2024-03-22T15:44:55","slug":"re-spins-and-free-spins-in-aztec-fire","status":"publish","type":"page","link":"https:\/\/slotofaztec.com\/pl\/re-spins-and-free-spins-in-aztec-fire\/","title":{"rendered":"Ponowne zakr\u0119cenia i darmowe spiny w Aztec Fire"},"content":{"rendered":"<p>Na poziomie bonusowym gracz otrzymuje pocz\u0105tkowo trzy ponowne spiny, a za ka\u017cdym razem, gdy pojawi si\u0119 nowy symbol bonusu, licznik darmowych spin\u00f3w resetuje si\u0119 do trzech uruchomie\u0144. W tej rundzie na ekranie mog\u0105 losowo pojawi\u0107 si\u0119 specjalne symbole jackpotu. Maksymalna nagroda jest zrealizowana w trzech formatach &#8211; Mini, Minor, Major i Grand, kt\u00f3re przynosz\u0105 graczowi wygran\u0105 dwudziestokrotnie, pi\u0119\u0107dziesi\u0119ciokrotnie, stu- lub tysi\u0105ckrotnie wi\u0119ksz\u0105 od zak\u0142adu. Bonus trwa do momentu, a\u017c ca\u0142a siatka pola gry zostanie wype\u0142niona ikonami bonusowymi. Je\u015bli graczowi uda si\u0119 zebra\u0107 40 symboli bonusu, otrzymuje Kr\u00f3lewski Jackpot, przekraczaj\u0105cy wielko\u015b\u0107 pocz\u0105tkowej stawki 10 000 razy.<\/p>\n<p>Kolejn\u0105 dochodow\u0105 funkcj\u0105 automatu do gry Aztec Fire: Hold and Win s\u0105 darmowe spiny. Funkcj\u0119 aktywuj\u0105 trzy lub wi\u0119cej symboli scatter na b\u0119bnach. Za trzy symbole scatter gracz otrzymuje 8 darmowych spin\u00f3w z natychmiastow\u0105 nagrod\u0105 pieni\u0119\u017cn\u0105, r\u00f3wn\u0105 dwukrotno\u015bci postawionej stawki. Bonus jest rozgrywany tak samo jak w grze podstawowej. Jednak istnieje ciekawa cecha &#8211; podczas serii darmowych spin\u00f3w na ekranie pojawiaj\u0105 si\u0119 tylko symbole o wysokiej warto\u015bci. Darmowe spiny s\u0105 odnawialne. Je\u015bli na b\u0119bnach podczas darmowych spin\u00f3w pojawi\u0105 si\u0119 dwa lub wi\u0119cej symboli scatter, gracz otrzymuje trzy dodatkowe darmowe spiny.<\/p>\n<p>Automat do gry Aztec Fire: Hold and Win cieszy si\u0119 ogromn\u0105 popularno\u015bci\u0105 w\u015br\u00f3d hazardzist\u00f3w. Slot pozwala graczom na wygranie do\u015b\u0107 du\u017cego jackpota dzi\u0119ki unikalnej mechanice rozgrywki i obecno\u015bci dochodowych funkcji bonusowych. Darmowe spiny, respiny, specjalne i bonusowe symbole, cztery opcje jackpota, losowe mno\u017cniki, rozszerzaj\u0105ce si\u0119 b\u0119bny &#8211; to wa\u017cne zalety modelu gry. Obecno\u015b\u0107 dodatkowych opcji mo\u017ce znacz\u0105co zwi\u0119kszy\u0107 finansow\u0105 nagrod\u0119 gracza i przynie\u015b\u0107 po\u017c\u0105dan\u0105 wygran\u0105 w wysoko\u015bci 10 000 razy postawionej stawki. Slot charakteryzuje si\u0119 pi\u0119kn\u0105 grafik\u0105, imponuj\u0105cymi animacjami, atrakcyjnym towarzyszeniem d\u017awi\u0119kowym i ekscytuj\u0105cym fabu\u0142\u0105.<\/p>\n","protected":false},"excerpt":{"rendered":"<p>Na poziomie bonusowym gracz otrzymuje pocz\u0105tkowo trzy ponowne spiny, a za ka\u017cdym razem, gdy pojawi si\u0119 nowy symbol bonusu, licznik darmowych spin\u00f3w resetuje si\u0119 do trzech uruchomie\u0144. W tej rundzie na ekranie mog\u0105 losowo pojawi\u0107 si\u0119 specjalne symbole jackpotu. Maksymalna nagroda jest zrealizowana w trzech formatach &#8211; Mini, Minor, Major i Grand, kt\u00f3re przynosz\u0105 graczowi wygran\u0105 dwudziestokrotnie, pi\u0119\u0107dziesi\u0119ciokrotnie, stu- lub tysi\u0105ckrotnie wi\u0119ksz\u0105 od zak\u0142adu. Bonus trwa do momentu, a\u017c ca\u0142a siatka pola gry zostanie wype\u0142niona&hellip; <\/p>\n","protected":false},"author":1,"featured_media":0,"parent":0,"menu_order":0,"comment_status":"closed","ping_status":"closed","template":"","meta":{"footnotes":""},"class_list":["post-11","page","type-page","status-publish","hentry"],"yoast_head":"<!-- This site is optimized with the Yoast SEO plugin v27.2 - https:\/\/yoast.com\/product\/yoast-seo-wordpress\/ -->\n<title>Jugar Gratis en la Tragamonedas Aztec Fire: Hold and Win<\/title>\n<meta name=\"description\" content=\"Graj w wersj\u0119 demonstracyjn\u0105 i ciesz si\u0119 gr\u0105 na automacie Aztec Fire: Hold and Win za darmo. Odbierz darmowe spiny na automacie Aztec Fire: Hold and Win.\" \/>\n<meta name=\"robots\" content=\"index, follow, max-snippet:-1, max-image-preview:large, max-video-preview:-1\" \/>\n<link rel=\"canonical\" href=\"https:\/\/slotofaztec.com\/pl\/re-spins-and-free-spins-in-aztec-fire\/\" \/>\n<meta property=\"og:locale\" content=\"pl_PL\" \/>\n<meta property=\"og:locale:alternate\" content=\"ru_RU\" \/>\n<meta property=\"og:locale:alternate\" content=\"en_US\" \/>\n<meta property=\"og:locale:alternate\" content=\"pt_PT\" \/>\n<meta property=\"og:locale:alternate\" content=\"es_ES\" \/>\n<meta property=\"og:locale:alternate\" content=\"sr_RS\" \/>\n<meta property=\"og:locale:alternate\" content=\"bg_BG\" \/>\n<meta property=\"og:locale:alternate\" content=\"it_IT\" \/>\n<meta property=\"og:locale:alternate\" content=\"fr_FR\" \/>\n<meta property=\"og:type\" content=\"article\" \/>\n<meta property=\"og:title\" content=\"Jugar Gratis en la Tragamonedas Aztec Fire: Hold and Win\" \/>\n<meta property=\"og:description\" content=\"Juega la versi\u00f3n de demostraci\u00f3n y disfruta jugando gratis en la tragamonedas Aztec Fire: Hold and Win. Obt\u00e9n giros gratis en la tragamonedas Aztec Fire: Hold and Win.\" \/>\n<meta property=\"og:url\" content=\"https:\/\/slotofaztec.com\/pl\/re-spins-and-free-spins-in-aztec-fire\/\" \/>\n<meta property=\"og:site_name\" content=\"Aztec Fire\" \/>\n<meta property=\"article:modified_time\" content=\"2024-03-22T15:44:55+00:00\" \/>\n<meta name=\"twitter:card\" content=\"summary_large_image\" \/>\n<meta name=\"twitter:label1\" content=\"Szacowany czas czytania\" \/>\n\t<meta name=\"twitter:data1\" content=\"10 minut\" \/>\n<script type=\"application\/ld+json\" class=\"yoast-schema-graph\">{\"@context\":\"https:\/\/schema.org\",\"@graph\":[{\"@type\":\"WebPage\",\"@id\":\"https:\/\/slotofaztec.com\/es\/re-spins-and-free-spins-in-aztec-fire\/\",\"url\":\"https:\/\/slotofaztec.com\/es\/re-spins-and-free-spins-in-aztec-fire\/\",\"name\":\"Jugar Gratis en la Tragamonedas Aztec Fire: Hold and Win\",\"isPartOf\":{\"@id\":\"https:\/\/slotofaztec.com\/#website\"},\"datePublished\":\"2024-01-07T23:02:26+00:00\",\"dateModified\":\"2024-03-22T15:44:55+00:00\",\"description\":\"Juega la versi\u00f3n de demostraci\u00f3n y disfruta jugando gratis en la tragamonedas Aztec Fire: Hold and Win. Obt\u00e9n giros gratis en la tragamonedas Aztec Fire: Hold and Win.\",\"breadcrumb\":{\"@id\":\"https:\/\/slotofaztec.com\/es\/re-spins-and-free-spins-in-aztec-fire\/#breadcrumb\"},\"inLanguage\":\"pl-PL\",\"potentialAction\":[{\"@type\":\"ReadAction\",\"target\":[\"https:\/\/slotofaztec.com\/es\/re-spins-and-free-spins-in-aztec-fire\/\"]}]},{\"@type\":\"BreadcrumbList\",\"@id\":\"https:\/\/slotofaztec.com\/es\/re-spins-and-free-spins-in-aztec-fire\/#breadcrumb\",\"itemListElement\":[{\"@type\":\"ListItem\",\"position\":1,\"name\":\"Home\",\"item\":\"https:\/\/slotofaztec.com\/\"},{\"@type\":\"ListItem\",\"position\":2,\"name\":\"Re-spins y giros gratis en Aztec Fire\"}]},{\"@type\":\"WebSite\",\"@id\":\"https:\/\/slotofaztec.com\/#website\",\"url\":\"https:\/\/slotofaztec.com\/\",\"name\":\"Aztec Fire\",\"description\":\"\",\"publisher\":{\"@id\":\"https:\/\/slotofaztec.com\/#organization\"},\"potentialAction\":[{\"@type\":\"SearchAction\",\"target\":{\"@type\":\"EntryPoint\",\"urlTemplate\":\"https:\/\/slotofaztec.com\/?s={search_term_string}\"},\"query-input\":{\"@type\":\"PropertyValueSpecification\",\"valueRequired\":true,\"valueName\":\"search_term_string\"}}],\"inLanguage\":\"pl-PL\"},{\"@type\":\"Organization\",\"@id\":\"https:\/\/slotofaztec.com\/#organization\",\"name\":\"Aztec Fire\",\"url\":\"https:\/\/slotofaztec.com\/\",\"logo\":{\"@type\":\"ImageObject\",\"inLanguage\":\"pl-PL\",\"@id\":\"https:\/\/slotofaztec.com\/#\/schema\/logo\/image\/\",\"url\":\"https:\/\/slotofaztec.com\/wp-content\/uploads\/2024\/01\/aztec_fire_logo_ekcvl_200x200.png\",\"contentUrl\":\"https:\/\/slotofaztec.com\/wp-content\/uploads\/2024\/01\/aztec_fire_logo_ekcvl_200x200.png\",\"width\":200,\"height\":200,\"caption\":\"Aztec Fire\"},\"image\":{\"@id\":\"https:\/\/slotofaztec.com\/#\/schema\/logo\/image\/\"}}]}<\/script>\n<!-- \/ Yoast SEO plugin. -->","yoast_head_json":{"title":"Jugar Gratis en la Tragamonedas Aztec Fire: Hold and Win","description":"Graj w wersj\u0119 demonstracyjn\u0105 i ciesz si\u0119 gr\u0105 na automacie Aztec Fire: Hold and Win za darmo. Odbierz darmowe spiny na automacie Aztec Fire: Hold and Win.","robots":{"index":"index","follow":"follow","max-snippet":"max-snippet:-1","max-image-preview":"max-image-preview:large","max-video-preview":"max-video-preview:-1"},"canonical":"https:\/\/slotofaztec.com\/pl\/re-spins-and-free-spins-in-aztec-fire\/","og_locale":"pl_PL","og_type":"article","og_title":"Jugar Gratis en la Tragamonedas Aztec Fire: Hold and Win","og_description":"Juega la versi\u00f3n de demostraci\u00f3n y disfruta jugando gratis en la tragamonedas Aztec Fire: Hold and Win. Obt\u00e9n giros gratis en la tragamonedas Aztec Fire: Hold and Win.","og_url":"https:\/\/slotofaztec.com\/pl\/re-spins-and-free-spins-in-aztec-fire\/","og_site_name":"Aztec Fire","article_modified_time":"2024-03-22T15:44:55+00:00","twitter_card":"summary_large_image","twitter_misc":{"Szacowany czas czytania":"10 minut"},"schema":{"@context":"https:\/\/schema.org","@graph":[{"@type":"WebPage","@id":"https:\/\/slotofaztec.com\/es\/re-spins-and-free-spins-in-aztec-fire\/","url":"https:\/\/slotofaztec.com\/es\/re-spins-and-free-spins-in-aztec-fire\/","name":"Jugar Gratis en la Tragamonedas Aztec Fire: Hold and Win","isPartOf":{"@id":"https:\/\/slotofaztec.com\/#website"},"datePublished":"2024-01-07T23:02:26+00:00","dateModified":"2024-03-22T15:44:55+00:00","description":"Juega la versi\u00f3n de demostraci\u00f3n y disfruta jugando gratis en la tragamonedas Aztec Fire: Hold and Win. Obt\u00e9n giros gratis en la tragamonedas Aztec Fire: Hold and Win.","breadcrumb":{"@id":"https:\/\/slotofaztec.com\/es\/re-spins-and-free-spins-in-aztec-fire\/#breadcrumb"},"inLanguage":"pl-PL","potentialAction":[{"@type":"ReadAction","target":["https:\/\/slotofaztec.com\/es\/re-spins-and-free-spins-in-aztec-fire\/"]}]},{"@type":"BreadcrumbList","@id":"https:\/\/slotofaztec.com\/es\/re-spins-and-free-spins-in-aztec-fire\/#breadcrumb","itemListElement":[{"@type":"ListItem","position":1,"name":"Home","item":"https:\/\/slotofaztec.com\/"},{"@type":"ListItem","position":2,"name":"Re-spins y giros gratis en Aztec Fire"}]},{"@type":"WebSite","@id":"https:\/\/slotofaztec.com\/#website","url":"https:\/\/slotofaztec.com\/","name":"Aztec Fire","description":"","publisher":{"@id":"https:\/\/slotofaztec.com\/#organization"},"potentialAction":[{"@type":"SearchAction","target":{"@type":"EntryPoint","urlTemplate":"https:\/\/slotofaztec.com\/?s={search_term_string}"},"query-input":{"@type":"PropertyValueSpecification","valueRequired":true,"valueName":"search_term_string"}}],"inLanguage":"pl-PL"},{"@type":"Organization","@id":"https:\/\/slotofaztec.com\/#organization","name":"Aztec Fire","url":"https:\/\/slotofaztec.com\/","logo":{"@type":"ImageObject","inLanguage":"pl-PL","@id":"https:\/\/slotofaztec.com\/#\/schema\/logo\/image\/","url":"https:\/\/slotofaztec.com\/wp-content\/uploads\/2024\/01\/aztec_fire_logo_ekcvl_200x200.png","contentUrl":"https:\/\/slotofaztec.com\/wp-content\/uploads\/2024\/01\/aztec_fire_logo_ekcvl_200x200.png","width":200,"height":200,"caption":"Aztec Fire"},"image":{"@id":"https:\/\/slotofaztec.com\/#\/schema\/logo\/image\/"}}]}},"_links":{"self":[{"href":"https:\/\/slotofaztec.com\/pl\/wp-json\/wp\/v2\/pages\/11","targetHints":{"allow":["GET"]}}],"collection":[{"href":"https:\/\/slotofaztec.com\/pl\/wp-json\/wp\/v2\/pages"}],"about":[{"href":"https:\/\/slotofaztec.com\/pl\/wp-json\/wp\/v2\/types\/page"}],"author":[{"embeddable":true,"href":"https:\/\/slotofaztec.com\/pl\/wp-json\/wp\/v2\/users\/1"}],"replies":[{"embeddable":true,"href":"https:\/\/slotofaztec.com\/pl\/wp-json\/wp\/v2\/comments?post=11"}],"version-history":[{"count":18,"href":"https:\/\/slotofaztec.com\/pl\/wp-json\/wp\/v2\/pages\/11\/revisions"}],"predecessor-version":[{"id":128,"href":"https:\/\/slotofaztec.com\/pl\/wp-json\/wp\/v2\/pages\/11\/revisions\/128"}],"wp:attachment":[{"href":"https:\/\/slotofaztec.com\/pl\/wp-json\/wp\/v2\/media?parent=11"}],"curies":[{"name":"wp","href":"https:\/\/api.w.org\/{rel}","templated":true}]}}