{"id":8,"date":"2024-01-07T23:01:26","date_gmt":"2024-01-07T23:01:26","guid":{"rendered":"https:\/\/slotofaztec.com\/?page_id=8"},"modified":"2024-03-22T15:45:03","modified_gmt":"2024-03-22T15:45:03","slug":"the-gameplay-of-the-video-slot-aztec-fire-hold-and-win","status":"publish","type":"page","link":"https:\/\/slotofaztec.com\/it\/the-gameplay-of-the-video-slot-aztec-fire-hold-and-win\/","title":{"rendered":"Il gameplay della slot video Aztec Fire: Hold and Win"},"content":{"rendered":"<p>Viaggiare attraverso le giungle dell&#8217;America centrale pu\u00f2 portare ai giocatori una ricchezza inimmaginabile. Il gameplay della slot \u00e8 costruito attorno all&#8217;opzione di respin: la slot premia spesso i respin con funzionalit\u00e0 aggiuntive. Le opzioni ausiliarie entrano in gioco sia nel gioco di base che nei round bonus.<\/p>\n<p>Il lancio della slot trasporta i giocatori in una posizione splendidamente progettata nelle giungle virtuali. Gli otto simboli principali della slot sono divisi in due categorie: icone meno costose e altamente remunerative. Le combinazioni con le carte da gioco classiche portano piccole vincite. Le immagini degli Aztechi e degli animali producono vincite consistenti. Caratteristiche delle funzioni bonus della slot:<\/p>\n<ul>\n<li>Il bonus tematico occupa un posto centrale nel gioco.<\/li>\n<li>L&#8217;opzione Hold and Win pu\u00f2 essere attivata in qualsiasi momento del gioco.<\/li>\n<li>Il bonus viene attivato con 6 o pi\u00f9 simboli bonus.<\/li>\n<li>I simboli bonus hanno moltiplicatori casuali da x1 a x12.<\/li>\n<li>Le icone si attaccano ai rulli e il livello bonus inizia.<\/li>\n<\/ul>\n<p>Nel round tematico, sullo schermo compaiono solo simboli bonus. La funzione Hold and Win viene attivata nella griglia standard del campo di gioco, ma dopo l&#8217;attivazione dell&#8217;opzione, i rulli si espandono quando sono presenti diversi icone bonus. Da 10 a 25 immagini aprono righe aggiuntive sui rulli &#8211; la 5a, la 6a, la 7a e la 8a riga per 10, 15, 20 e 25 icone bonus, rispettivamente.<\/p>\n<h2><strong>Simboli della slot Aztec Fire: Hold and Win:<\/strong><\/h2>\n<ol>\n<li><strong>Icone di base:<\/strong> Si tratta di immagini legate alla cultura azteca, tra cui statue dorate, maschere azteche, pietre preziose, nonch\u00e9 carte da gioco standard (ad esempio, da dieci ad asso).<\/li>\n<li><strong>Simbolo Wild:<\/strong> Si tratta di un&#8217;icona speciale che pu\u00f2 sostituire la maggior parte degli altri simboli per formare combinazioni vincenti.<\/li>\n<li><strong>Simbolo Scatter:<\/strong> Questo simbolo attiva spesso round bonus o giri gratuiti quando compare un certo numero di tali icone sui rulli.<\/li>\n<li><strong>Icona bonus:<\/strong> Nelle slot con la funzionalit\u00e0 &#8220;Hold and Win&#8221;, sono spesso presenti speciali simboli bonus, che possono attivare round speciali dove i giocatori hanno la possibilit\u00e0 di vincere premi aggiuntivi o jackpot.<\/li>\n<li><strong>Icona del jackpot:<\/strong> Questa icona, associata al jackpot, offre la possibilit\u00e0 di vincere grosse somme quando si allineano in un ordine specifico.<\/li>\n<\/ol>\n","protected":false},"excerpt":{"rendered":"<p>Viaggiare attraverso le giungle dell&#8217;America centrale pu\u00f2 portare ai giocatori una ricchezza inimmaginabile. Il gameplay della slot \u00e8 costruito attorno all&#8217;opzione di respin: la slot premia spesso i respin con funzionalit\u00e0 aggiuntive. Le opzioni ausiliarie entrano in gioco sia nel gioco di base che nei round bonus. Il lancio della slot trasporta i giocatori in una posizione splendidamente progettata nelle giungle virtuali. Gli otto simboli principali della slot sono divisi in due categorie: icone meno&hellip; <\/p>\n","protected":false},"author":1,"featured_media":0,"parent":0,"menu_order":0,"comment_status":"closed","ping_status":"closed","template":"","meta":{"footnotes":""},"class_list":["post-8","page","type-page","status-publish","hentry"],"yoast_head":"<!-- This site is optimized with the Yoast SEO plugin v27.2 - https:\/\/yoast.com\/product\/yoast-seo-wordpress\/ -->\n<title>\u041a\u0430\u043a \u0438\u0433\u0440\u0430\u0442\u044c \u0438 \u043f\u043e\u0431\u0435\u0436\u0434\u0430\u0442\u044c \u0432 Aztec Fire: Hold and Win<\/title>\n<meta name=\"description\" content=\"Se hai deciso di giocare ad Aztec Fire, l&#039;opportunit\u00e0 di vincere denaro reale non \u00e8 cos\u00ec lontana come potrebbe sembrare. Puoi giocare e vincere ad Aztec Fire proprio ora.\" \/>\n<meta name=\"robots\" content=\"index, follow, max-snippet:-1, max-image-preview:large, max-video-preview:-1\" \/>\n<link rel=\"canonical\" href=\"https:\/\/slotofaztec.com\/it\/the-gameplay-of-the-video-slot-aztec-fire-hold-and-win\/\" \/>\n<meta property=\"og:locale\" content=\"it_IT\" \/>\n<meta property=\"og:locale:alternate\" content=\"ru_RU\" \/>\n<meta property=\"og:locale:alternate\" content=\"en_US\" \/>\n<meta property=\"og:locale:alternate\" content=\"pt_PT\" \/>\n<meta property=\"og:locale:alternate\" content=\"es_ES\" \/>\n<meta property=\"og:locale:alternate\" content=\"sr_RS\" \/>\n<meta property=\"og:locale:alternate\" content=\"bg_BG\" \/>\n<meta property=\"og:locale:alternate\" content=\"pl_PL\" \/>\n<meta property=\"og:locale:alternate\" content=\"fr_FR\" \/>\n<meta property=\"og:type\" content=\"article\" \/>\n<meta property=\"og:title\" content=\"\u041a\u0430\u043a \u0438\u0433\u0440\u0430\u0442\u044c \u0438 \u043f\u043e\u0431\u0435\u0436\u0434\u0430\u0442\u044c \u0432 Aztec Fire: Hold and Win\" \/>\n<meta property=\"og:description\" content=\"\u0415\u0441\u043b\u0438 \u0432\u044b \u0440\u0435\u0448\u0438\u043b\u0438 \u0438\u0433\u0440\u0430\u0442\u044c \u0432 Aztec Fire, \u0442\u043e \u0432\u043e\u0437\u043c\u043e\u0436\u043d\u043e\u0441\u0442\u044c \u0432\u044b\u0438\u0433\u0440\u0430\u0442\u044c \u0440\u0435\u0430\u043b\u044c\u043d\u044b\u0435 \u0434\u0435\u043d\u044c\u0433\u0438 \u043d\u0435 \u0442\u0430\u043a \u0434\u0430\u043b\u0435\u043a\u0430, \u043a\u0430\u043a \u043a\u0430\u0436\u0435\u0442\u0441\u044f. \u0418\u0433\u0440\u0430\u0442\u044c \u0438 \u043f\u043e\u0431\u0435\u0436\u0434\u0430\u0442\u044c \u0432 Aztec Fire \u043c\u043e\u0436\u043d\u043e \u0443\u0436\u0435 \u0441\u0435\u0439\u0447\u0430\u0441\" \/>\n<meta property=\"og:url\" content=\"https:\/\/slotofaztec.com\/it\/the-gameplay-of-the-video-slot-aztec-fire-hold-and-win\/\" \/>\n<meta property=\"og:site_name\" content=\"Aztec Fire\" \/>\n<meta property=\"article:modified_time\" content=\"2024-03-22T15:45:03+00:00\" \/>\n<meta name=\"twitter:card\" content=\"summary_large_image\" \/>\n<meta name=\"twitter:label1\" content=\"Tempo di lettura stimato\" \/>\n\t<meta name=\"twitter:data1\" content=\"12 minuti\" \/>\n<script type=\"application\/ld+json\" class=\"yoast-schema-graph\">{\"@context\":\"https:\/\/schema.org\",\"@graph\":[{\"@type\":\"WebPage\",\"@id\":\"https:\/\/slotofaztec.com\/the-gameplay-of-the-video-slot-aztec-fire-hold-and-win\/\",\"url\":\"https:\/\/slotofaztec.com\/the-gameplay-of-the-video-slot-aztec-fire-hold-and-win\/\",\"name\":\"\u041a\u0430\u043a \u0438\u0433\u0440\u0430\u0442\u044c \u0438 \u043f\u043e\u0431\u0435\u0436\u0434\u0430\u0442\u044c \u0432 Aztec Fire: Hold and Win\",\"isPartOf\":{\"@id\":\"https:\/\/slotofaztec.com\/#website\"},\"datePublished\":\"2024-01-07T23:01:26+00:00\",\"dateModified\":\"2024-03-22T15:45:03+00:00\",\"description\":\"\u0415\u0441\u043b\u0438 \u0432\u044b \u0440\u0435\u0448\u0438\u043b\u0438 \u0438\u0433\u0440\u0430\u0442\u044c \u0432 Aztec Fire, \u0442\u043e \u0432\u043e\u0437\u043c\u043e\u0436\u043d\u043e\u0441\u0442\u044c \u0432\u044b\u0438\u0433\u0440\u0430\u0442\u044c \u0440\u0435\u0430\u043b\u044c\u043d\u044b\u0435 \u0434\u0435\u043d\u044c\u0433\u0438 \u043d\u0435 \u0442\u0430\u043a \u0434\u0430\u043b\u0435\u043a\u0430, \u043a\u0430\u043a \u043a\u0430\u0436\u0435\u0442\u0441\u044f. \u0418\u0433\u0440\u0430\u0442\u044c \u0438 \u043f\u043e\u0431\u0435\u0436\u0434\u0430\u0442\u044c \u0432 Aztec Fire \u043c\u043e\u0436\u043d\u043e \u0443\u0436\u0435 \u0441\u0435\u0439\u0447\u0430\u0441\",\"breadcrumb\":{\"@id\":\"https:\/\/slotofaztec.com\/the-gameplay-of-the-video-slot-aztec-fire-hold-and-win\/#breadcrumb\"},\"inLanguage\":\"it-IT\",\"potentialAction\":[{\"@type\":\"ReadAction\",\"target\":[\"https:\/\/slotofaztec.com\/the-gameplay-of-the-video-slot-aztec-fire-hold-and-win\/\"]}]},{\"@type\":\"BreadcrumbList\",\"@id\":\"https:\/\/slotofaztec.com\/the-gameplay-of-the-video-slot-aztec-fire-hold-and-win\/#breadcrumb\",\"itemListElement\":[{\"@type\":\"ListItem\",\"position\":1,\"name\":\"Home\",\"item\":\"https:\/\/slotofaztec.com\/\"},{\"@type\":\"ListItem\",\"position\":2,\"name\":\"\u041f\u0440\u043e\u0446\u0435\u0441\u0441 \u0438\u0433\u0440\u044b \u0432 \u0432\u0438\u0434\u0435\u043e\u0441\u043b\u043e\u0442\u0435 Aztec Fire: Hold and Win\"}]},{\"@type\":\"WebSite\",\"@id\":\"https:\/\/slotofaztec.com\/#website\",\"url\":\"https:\/\/slotofaztec.com\/\",\"name\":\"Aztec Fire\",\"description\":\"\",\"publisher\":{\"@id\":\"https:\/\/slotofaztec.com\/#organization\"},\"potentialAction\":[{\"@type\":\"SearchAction\",\"target\":{\"@type\":\"EntryPoint\",\"urlTemplate\":\"https:\/\/slotofaztec.com\/?s={search_term_string}\"},\"query-input\":{\"@type\":\"PropertyValueSpecification\",\"valueRequired\":true,\"valueName\":\"search_term_string\"}}],\"inLanguage\":\"it-IT\"},{\"@type\":\"Organization\",\"@id\":\"https:\/\/slotofaztec.com\/#organization\",\"name\":\"Aztec Fire\",\"url\":\"https:\/\/slotofaztec.com\/\",\"logo\":{\"@type\":\"ImageObject\",\"inLanguage\":\"it-IT\",\"@id\":\"https:\/\/slotofaztec.com\/#\/schema\/logo\/image\/\",\"url\":\"https:\/\/slotofaztec.com\/wp-content\/uploads\/2024\/01\/aztec_fire_logo_ekcvl_200x200.png\",\"contentUrl\":\"https:\/\/slotofaztec.com\/wp-content\/uploads\/2024\/01\/aztec_fire_logo_ekcvl_200x200.png\",\"width\":200,\"height\":200,\"caption\":\"Aztec Fire\"},\"image\":{\"@id\":\"https:\/\/slotofaztec.com\/#\/schema\/logo\/image\/\"}}]}<\/script>\n<!-- \/ Yoast SEO plugin. -->","yoast_head_json":{"title":"\u041a\u0430\u043a \u0438\u0433\u0440\u0430\u0442\u044c \u0438 \u043f\u043e\u0431\u0435\u0436\u0434\u0430\u0442\u044c \u0432 Aztec Fire: Hold and Win","description":"Se hai deciso di giocare ad Aztec Fire, l'opportunit\u00e0 di vincere denaro reale non \u00e8 cos\u00ec lontana come potrebbe sembrare. Puoi giocare e vincere ad Aztec Fire proprio ora.","robots":{"index":"index","follow":"follow","max-snippet":"max-snippet:-1","max-image-preview":"max-image-preview:large","max-video-preview":"max-video-preview:-1"},"canonical":"https:\/\/slotofaztec.com\/it\/the-gameplay-of-the-video-slot-aztec-fire-hold-and-win\/","og_locale":"it_IT","og_type":"article","og_title":"\u041a\u0430\u043a \u0438\u0433\u0440\u0430\u0442\u044c \u0438 \u043f\u043e\u0431\u0435\u0436\u0434\u0430\u0442\u044c \u0432 Aztec Fire: Hold and Win","og_description":"\u0415\u0441\u043b\u0438 \u0432\u044b \u0440\u0435\u0448\u0438\u043b\u0438 \u0438\u0433\u0440\u0430\u0442\u044c \u0432 Aztec Fire, \u0442\u043e \u0432\u043e\u0437\u043c\u043e\u0436\u043d\u043e\u0441\u0442\u044c \u0432\u044b\u0438\u0433\u0440\u0430\u0442\u044c \u0440\u0435\u0430\u043b\u044c\u043d\u044b\u0435 \u0434\u0435\u043d\u044c\u0433\u0438 \u043d\u0435 \u0442\u0430\u043a \u0434\u0430\u043b\u0435\u043a\u0430, \u043a\u0430\u043a \u043a\u0430\u0436\u0435\u0442\u0441\u044f. \u0418\u0433\u0440\u0430\u0442\u044c \u0438 \u043f\u043e\u0431\u0435\u0436\u0434\u0430\u0442\u044c \u0432 Aztec Fire \u043c\u043e\u0436\u043d\u043e \u0443\u0436\u0435 \u0441\u0435\u0439\u0447\u0430\u0441","og_url":"https:\/\/slotofaztec.com\/it\/the-gameplay-of-the-video-slot-aztec-fire-hold-and-win\/","og_site_name":"Aztec Fire","article_modified_time":"2024-03-22T15:45:03+00:00","twitter_card":"summary_large_image","twitter_misc":{"Tempo di lettura stimato":"12 minuti"},"schema":{"@context":"https:\/\/schema.org","@graph":[{"@type":"WebPage","@id":"https:\/\/slotofaztec.com\/the-gameplay-of-the-video-slot-aztec-fire-hold-and-win\/","url":"https:\/\/slotofaztec.com\/the-gameplay-of-the-video-slot-aztec-fire-hold-and-win\/","name":"\u041a\u0430\u043a \u0438\u0433\u0440\u0430\u0442\u044c \u0438 \u043f\u043e\u0431\u0435\u0436\u0434\u0430\u0442\u044c \u0432 Aztec Fire: Hold and Win","isPartOf":{"@id":"https:\/\/slotofaztec.com\/#website"},"datePublished":"2024-01-07T23:01:26+00:00","dateModified":"2024-03-22T15:45:03+00:00","description":"\u0415\u0441\u043b\u0438 \u0432\u044b \u0440\u0435\u0448\u0438\u043b\u0438 \u0438\u0433\u0440\u0430\u0442\u044c \u0432 Aztec Fire, \u0442\u043e \u0432\u043e\u0437\u043c\u043e\u0436\u043d\u043e\u0441\u0442\u044c \u0432\u044b\u0438\u0433\u0440\u0430\u0442\u044c \u0440\u0435\u0430\u043b\u044c\u043d\u044b\u0435 \u0434\u0435\u043d\u044c\u0433\u0438 \u043d\u0435 \u0442\u0430\u043a \u0434\u0430\u043b\u0435\u043a\u0430, \u043a\u0430\u043a \u043a\u0430\u0436\u0435\u0442\u0441\u044f. \u0418\u0433\u0440\u0430\u0442\u044c \u0438 \u043f\u043e\u0431\u0435\u0436\u0434\u0430\u0442\u044c \u0432 Aztec Fire \u043c\u043e\u0436\u043d\u043e \u0443\u0436\u0435 \u0441\u0435\u0439\u0447\u0430\u0441","breadcrumb":{"@id":"https:\/\/slotofaztec.com\/the-gameplay-of-the-video-slot-aztec-fire-hold-and-win\/#breadcrumb"},"inLanguage":"it-IT","potentialAction":[{"@type":"ReadAction","target":["https:\/\/slotofaztec.com\/the-gameplay-of-the-video-slot-aztec-fire-hold-and-win\/"]}]},{"@type":"BreadcrumbList","@id":"https:\/\/slotofaztec.com\/the-gameplay-of-the-video-slot-aztec-fire-hold-and-win\/#breadcrumb","itemListElement":[{"@type":"ListItem","position":1,"name":"Home","item":"https:\/\/slotofaztec.com\/"},{"@type":"ListItem","position":2,"name":"\u041f\u0440\u043e\u0446\u0435\u0441\u0441 \u0438\u0433\u0440\u044b \u0432 \u0432\u0438\u0434\u0435\u043e\u0441\u043b\u043e\u0442\u0435 Aztec Fire: Hold and Win"}]},{"@type":"WebSite","@id":"https:\/\/slotofaztec.com\/#website","url":"https:\/\/slotofaztec.com\/","name":"Aztec Fire","description":"","publisher":{"@id":"https:\/\/slotofaztec.com\/#organization"},"potentialAction":[{"@type":"SearchAction","target":{"@type":"EntryPoint","urlTemplate":"https:\/\/slotofaztec.com\/?s={search_term_string}"},"query-input":{"@type":"PropertyValueSpecification","valueRequired":true,"valueName":"search_term_string"}}],"inLanguage":"it-IT"},{"@type":"Organization","@id":"https:\/\/slotofaztec.com\/#organization","name":"Aztec Fire","url":"https:\/\/slotofaztec.com\/","logo":{"@type":"ImageObject","inLanguage":"it-IT","@id":"https:\/\/slotofaztec.com\/#\/schema\/logo\/image\/","url":"https:\/\/slotofaztec.com\/wp-content\/uploads\/2024\/01\/aztec_fire_logo_ekcvl_200x200.png","contentUrl":"https:\/\/slotofaztec.com\/wp-content\/uploads\/2024\/01\/aztec_fire_logo_ekcvl_200x200.png","width":200,"height":200,"caption":"Aztec Fire"},"image":{"@id":"https:\/\/slotofaztec.com\/#\/schema\/logo\/image\/"}}]}},"_links":{"self":[{"href":"https:\/\/slotofaztec.com\/it\/wp-json\/wp\/v2\/pages\/8","targetHints":{"allow":["GET"]}}],"collection":[{"href":"https:\/\/slotofaztec.com\/it\/wp-json\/wp\/v2\/pages"}],"about":[{"href":"https:\/\/slotofaztec.com\/it\/wp-json\/wp\/v2\/types\/page"}],"author":[{"embeddable":true,"href":"https:\/\/slotofaztec.com\/it\/wp-json\/wp\/v2\/users\/1"}],"replies":[{"embeddable":true,"href":"https:\/\/slotofaztec.com\/it\/wp-json\/wp\/v2\/comments?post=8"}],"version-history":[{"count":27,"href":"https:\/\/slotofaztec.com\/it\/wp-json\/wp\/v2\/pages\/8\/revisions"}],"predecessor-version":[{"id":129,"href":"https:\/\/slotofaztec.com\/it\/wp-json\/wp\/v2\/pages\/8\/revisions\/129"}],"wp:attachment":[{"href":"https:\/\/slotofaztec.com\/it\/wp-json\/wp\/v2\/media?parent=8"}],"curies":[{"name":"wp","href":"https:\/\/api.w.org\/{rel}","templated":true}]}}