{"id":6,"date":"2024-01-07T22:59:55","date_gmt":"2024-01-07T22:59:55","guid":{"rendered":"https:\/\/slotofaztec.com\/?page_id=6"},"modified":"2024-03-22T15:44:41","modified_gmt":"2024-03-22T15:44:41","slug":"the-aztec-fire-slot-machine-features-and-advantages","status":"publish","type":"page","link":"https:\/\/slotofaztec.com\/it\/","title":{"rendered":"La slot machine Aztec Fire &#8211; caratteristiche e vantaggi"},"content":{"rendered":"<p>Le slot machine classiche rimangono popolari tra gli appassionati di casin\u00f2. Le slot dedicate alla ricerca dei tesori perduti delle antiche civilt\u00e0 sono molto richieste. Un modello del genere \u00e8 la slot Aztec Fire: Hold and Win dello studio 3 Oaks (Booongo). Lo sviluppatore ha introdotto il nuovo modello di gioco nel 2022. La slot si caratterizza per una trama interessante, moltiplicatori di scommessa elevati e funzioni bonus. Nel gioco, \u00e8 possibile ottenere una vincita abbastanza grande con un moltiplicatore fino a x10000 e partecipare a entusiasmanti round tematici.<\/p>\n<h2><strong>Caratteristiche della slot Aztec Fire<\/strong><\/h2>\n<p>La video slot Aztec Fire ha 5 rulli rotanti disposti in 4 file e 20 linee di pagamento. La slot invita i giocatori a intraprendere un viaggio virtuale alla ricerca dei tesori dell&#8217;antica civilt\u00e0 azteca. La trama si svolge nelle giungle mesoamericane con una vegetazione vivace e fiumi blu calmi. Sui rulli compaiono icone con immagini di animali selvatici e rappresentanti della trib\u00f9 azteca. Le principali caratteristiche della slot:<\/p>\n<ul>\n<li>Percentuale teorica di ritorno &#8211; 95,5%;<\/li>\n<li>Livello di volatilit\u00e0 &#8211; medio;<\/li>\n<li>Dimensione massima della vincita &#8211; x10000 scommesse;<\/li>\n<li>Intervallo di scommessa per spin &#8211; da 0,2 a 30 euro (dollari);<\/li>\n<li>Moltiplicatori casuali da x1 a x12 scommesse;<\/li>\n<li>Opzione di espansione delle icone bonus;<\/li>\n<li>Re-spin con simboli jackpot casuali;<\/li>\n<li>Scatter che attivano otto giri gratuiti;<\/li>\n<li>Premio in denaro istantaneo, pari al doppio della scommessa.<\/li>\n<\/ul>\n<p>La slot Aztec Fire: Hold and Win ha simboli wild, \u00e8 implementata la funzione &#8220;Hold and Spin&#8221;. C&#8217;\u00e8 un&#8217;opzione per modificare il set di rulli del gioco e l&#8217;intervallo della percentuale di ritorno teorico. Simboli casuali, icone bonus e simboli speciali aumentano significativamente le possibilit\u00e0 di vincita.<\/p>\n<h2><strong>Regole del gioco Aztec Fire: Hold and Win<\/strong><\/h2>\n<p>Il gioco Aztec Fire: Hold and Win di 3 Oaks (Booongo) \u00e8 una slot online con funzioni e regole entusiasmanti. Ecco le regole di base del gioco:<\/p>\n<ol>\n<li><strong>Configurazione dei rulli:<\/strong> Il gioco di solito ha una griglia di rulli standard, ad esempio, 5 rulli e 3 file di simboli.<\/li>\n<li><strong>Simboli:<\/strong> Il gioco utilizza simboli ispirati al tema azteco, come statue dorate, pietre preziose, maschere azteche e carte da gioco tradizionali da 10 a Asso.<\/li>\n<li><strong>Scommesse:<\/strong> I giocatori scelgono la dimensione della scommessa prima di ogni spin dei rulli. La dimensione della scommessa pu\u00f2 variare a seconda delle regole di un determinato casin\u00f2.<\/li>\n<li><strong>Combinazioni vincenti:<\/strong> Le combinazioni vincenti si formano quando determinati simboli corrispondono su linee di pagamento attive. Anche il numero di linee di pagamento \u00e8 determinato dalle regole del gioco.<\/li>\n<li><strong>Funzione Hold and Win:<\/strong> Questa funzione si attiva quando compare un certo numero di simboli speciali (come simboli bonus o scatter). In questa modalit\u00e0, i giocatori ottengono un numero limitato di re-spin, durante i quali i simboli speciali possono portare vincite aggiuntive o jackpot.<\/li>\n<li><strong>Round bonus:<\/strong> Il gioco pu\u00f2 includere round bonus, come giri gratuiti o mini-giochi, che vengono attivati \u200b\u200bdall&#8217;apparizione di determinati simboli.<\/li>\n<li><strong>Jackpot:<\/strong> In alcune versioni della slot, possono essere disponibili jackpot fissi o progressivi.<\/li>\n<li><strong>Autoplay:<\/strong> I giocatori possono utilizzare la funzione autoplay per una serie di giri continui dei rulli con una puntata preimpostata.<\/li>\n<li><strong>Tabella dei pagamenti:<\/strong> I giocatori possono consultare la tabella dei pagamenti nel gioco per conoscere le possibili combinazioni vincenti e i loro valori.<\/li>\n<\/ol>\n<p>\u00c8 importante ricordare che nelle slot machine, i risultati sono completamente casuali e l&#8217;esito di ogni spin \u00e8 determinato da un generatore di numeri casuali. Questo rende il gioco alle slot emozionante ma, allo stesso tempo, implica che i giocatori dovrebbero avvicinarsi al gioco in modo responsabile.<\/p>\n","protected":false},"excerpt":{"rendered":"<p>Le slot machine classiche rimangono popolari tra gli appassionati di casin\u00f2. Le slot dedicate alla ricerca dei tesori perduti delle antiche civilt\u00e0 sono molto richieste. Un modello del genere \u00e8 la slot Aztec Fire: Hold and Win dello studio 3 Oaks (Booongo). Lo sviluppatore ha introdotto il nuovo modello di gioco nel 2022. La slot si caratterizza per una trama interessante, moltiplicatori di scommessa elevati e funzioni bonus. Nel gioco, \u00e8 possibile ottenere una vincita&hellip; <\/p>\n","protected":false},"author":1,"featured_media":0,"parent":0,"menu_order":0,"comment_status":"closed","ping_status":"closed","template":"","meta":{"footnotes":""},"class_list":["post-6","page","type-page","status-publish","hentry"],"yoast_head":"<!-- This site is optimized with the Yoast SEO plugin v27.2 - https:\/\/yoast.com\/product\/yoast-seo-wordpress\/ -->\n<title>\u0418\u0433\u0440\u0430\u0442\u044c \u0432 Aztec Fire: Hold and Win \u0432 \u043e\u043d\u043b\u0430\u0439\u043d \u043a\u0430\u0437\u0438\u043d\u043e<\/title>\n<meta name=\"description\" content=\"Gioca e vinci soldi veri sulla slot machine Aztec Fire: Hold and Win. Scarica l&#039;app per iPhone o Android, gioca gratuitamente e goditi giri gratuiti.\" \/>\n<meta name=\"robots\" content=\"index, follow, max-snippet:-1, max-image-preview:large, max-video-preview:-1\" \/>\n<link rel=\"canonical\" href=\"https:\/\/slotofaztec.com\/it\/\" \/>\n<meta property=\"og:locale\" content=\"it_IT\" \/>\n<meta property=\"og:locale:alternate\" content=\"ru_RU\" \/>\n<meta property=\"og:locale:alternate\" content=\"en_US\" \/>\n<meta property=\"og:locale:alternate\" content=\"pt_PT\" \/>\n<meta property=\"og:locale:alternate\" content=\"es_ES\" \/>\n<meta property=\"og:locale:alternate\" content=\"sr_RS\" \/>\n<meta property=\"og:locale:alternate\" content=\"bg_BG\" \/>\n<meta property=\"og:locale:alternate\" content=\"pl_PL\" \/>\n<meta property=\"og:locale:alternate\" content=\"fr_FR\" \/>\n<meta property=\"og:type\" content=\"article\" \/>\n<meta property=\"og:title\" content=\"\u0418\u0433\u0440\u0430\u0442\u044c \u0432 Aztec Fire: Hold and Win \u0432 \u043e\u043d\u043b\u0430\u0439\u043d \u043a\u0430\u0437\u0438\u043d\u043e\" \/>\n<meta property=\"og:description\" content=\"\u0418\u0433\u0440\u0430\u0442\u044c \u0438 \u0432\u044b\u0438\u0433\u0440\u044b\u0432\u0430\u0442\u044c \u0440\u0435\u0430\u043b\u044c\u043d\u044b\u0435 \u0434\u0435\u043d\u044c\u0433\u0438 \u0432 \u0438\u0433\u0440\u043e\u0432\u043e\u043c \u0430\u0432\u0442\u043e\u043c\u0430\u0442\u0435 Aztec Fire: Hold and Win. \u0421\u043a\u0430\u0447\u0430\u0442\u044c \u043f\u0440\u0438\u043b\u043e\u0436\u0435\u043d\u0438\u0435 \u0430\u0439\u0444\u043e\u043d \u0438\u043b\u0438 \u0410\u043d\u0434\u0440\u043e\u0438\u0434, \u0438\u0433\u0440\u0430\u0442\u044c \u0431\u0435\u0441\u043f\u043b\u0430\u0442\u043d\u043e, \u0431\u0435\u0441\u043f\u043b\u0430\u0442\u043d\u044b\u0435 \u0432\u0440\u0430\u0449\u0435\u043d\u0438\u044f\" \/>\n<meta property=\"og:url\" content=\"https:\/\/slotofaztec.com\/it\/\" \/>\n<meta property=\"og:site_name\" content=\"Aztec Fire\" \/>\n<meta property=\"article:modified_time\" content=\"2024-03-22T15:44:41+00:00\" \/>\n<meta name=\"twitter:card\" content=\"summary_large_image\" \/>\n<meta name=\"twitter:label1\" content=\"Tempo di lettura stimato\" \/>\n\t<meta name=\"twitter:data1\" content=\"19 minuti\" \/>\n<script type=\"application\/ld+json\" class=\"yoast-schema-graph\">{\"@context\":\"https:\/\/schema.org\",\"@graph\":[{\"@type\":\"WebPage\",\"@id\":\"https:\/\/slotofaztec.com\/\",\"url\":\"https:\/\/slotofaztec.com\/\",\"name\":\"\u0418\u0433\u0440\u0430\u0442\u044c \u0432 Aztec Fire: Hold and Win \u0432 \u043e\u043d\u043b\u0430\u0439\u043d \u043a\u0430\u0437\u0438\u043d\u043e\",\"isPartOf\":{\"@id\":\"https:\/\/slotofaztec.com\/#website\"},\"datePublished\":\"2024-01-07T22:59:55+00:00\",\"dateModified\":\"2024-03-22T15:44:41+00:00\",\"description\":\"\u0418\u0433\u0440\u0430\u0442\u044c \u0438 \u0432\u044b\u0438\u0433\u0440\u044b\u0432\u0430\u0442\u044c \u0440\u0435\u0430\u043b\u044c\u043d\u044b\u0435 \u0434\u0435\u043d\u044c\u0433\u0438 \u0432 \u0438\u0433\u0440\u043e\u0432\u043e\u043c \u0430\u0432\u0442\u043e\u043c\u0430\u0442\u0435 Aztec Fire: Hold and Win. \u0421\u043a\u0430\u0447\u0430\u0442\u044c \u043f\u0440\u0438\u043b\u043e\u0436\u0435\u043d\u0438\u0435 \u0430\u0439\u0444\u043e\u043d \u0438\u043b\u0438 \u0410\u043d\u0434\u0440\u043e\u0438\u0434, \u0438\u0433\u0440\u0430\u0442\u044c \u0431\u0435\u0441\u043f\u043b\u0430\u0442\u043d\u043e, \u0431\u0435\u0441\u043f\u043b\u0430\u0442\u043d\u044b\u0435 \u0432\u0440\u0430\u0449\u0435\u043d\u0438\u044f\",\"breadcrumb\":{\"@id\":\"https:\/\/slotofaztec.com\/#breadcrumb\"},\"inLanguage\":\"it-IT\",\"potentialAction\":[{\"@type\":\"ReadAction\",\"target\":[\"https:\/\/slotofaztec.com\/\"]}]},{\"@type\":\"BreadcrumbList\",\"@id\":\"https:\/\/slotofaztec.com\/#breadcrumb\",\"itemListElement\":[{\"@type\":\"ListItem\",\"position\":1,\"name\":\"Home\",\"item\":\"https:\/\/slotofaztec.com\/\"},{\"@type\":\"ListItem\",\"position\":2,\"name\":\"\u0418\u0433\u0440\u043e\u0432\u043e\u0439 \u0430\u0432\u0442\u043e\u043c\u0430\u0442 Aztec Fire \u2013 \u043e\u0441\u043e\u0431\u0435\u043d\u043d\u043e\u0441\u0442\u0438 \u0438 \u043f\u0440\u0435\u0438\u043c\u0443\u0449\u0435\u0441\u0442\u0432\u0430\"}]},{\"@type\":\"WebSite\",\"@id\":\"https:\/\/slotofaztec.com\/#website\",\"url\":\"https:\/\/slotofaztec.com\/\",\"name\":\"Aztec Fire\",\"description\":\"\",\"publisher\":{\"@id\":\"https:\/\/slotofaztec.com\/#organization\"},\"potentialAction\":[{\"@type\":\"SearchAction\",\"target\":{\"@type\":\"EntryPoint\",\"urlTemplate\":\"https:\/\/slotofaztec.com\/?s={search_term_string}\"},\"query-input\":{\"@type\":\"PropertyValueSpecification\",\"valueRequired\":true,\"valueName\":\"search_term_string\"}}],\"inLanguage\":\"it-IT\"},{\"@type\":\"Organization\",\"@id\":\"https:\/\/slotofaztec.com\/#organization\",\"name\":\"Aztec Fire\",\"url\":\"https:\/\/slotofaztec.com\/\",\"logo\":{\"@type\":\"ImageObject\",\"inLanguage\":\"it-IT\",\"@id\":\"https:\/\/slotofaztec.com\/#\/schema\/logo\/image\/\",\"url\":\"https:\/\/slotofaztec.com\/wp-content\/uploads\/2024\/01\/aztec_fire_logo_ekcvl_200x200.png\",\"contentUrl\":\"https:\/\/slotofaztec.com\/wp-content\/uploads\/2024\/01\/aztec_fire_logo_ekcvl_200x200.png\",\"width\":200,\"height\":200,\"caption\":\"Aztec Fire\"},\"image\":{\"@id\":\"https:\/\/slotofaztec.com\/#\/schema\/logo\/image\/\"}}]}<\/script>\n<!-- \/ Yoast SEO plugin. -->","yoast_head_json":{"title":"\u0418\u0433\u0440\u0430\u0442\u044c \u0432 Aztec Fire: Hold and Win \u0432 \u043e\u043d\u043b\u0430\u0439\u043d \u043a\u0430\u0437\u0438\u043d\u043e","description":"Gioca e vinci soldi veri sulla slot machine Aztec Fire: Hold and Win. Scarica l'app per iPhone o Android, gioca gratuitamente e goditi giri gratuiti.","robots":{"index":"index","follow":"follow","max-snippet":"max-snippet:-1","max-image-preview":"max-image-preview:large","max-video-preview":"max-video-preview:-1"},"canonical":"https:\/\/slotofaztec.com\/it\/","og_locale":"it_IT","og_type":"article","og_title":"\u0418\u0433\u0440\u0430\u0442\u044c \u0432 Aztec Fire: Hold and Win \u0432 \u043e\u043d\u043b\u0430\u0439\u043d \u043a\u0430\u0437\u0438\u043d\u043e","og_description":"\u0418\u0433\u0440\u0430\u0442\u044c \u0438 \u0432\u044b\u0438\u0433\u0440\u044b\u0432\u0430\u0442\u044c \u0440\u0435\u0430\u043b\u044c\u043d\u044b\u0435 \u0434\u0435\u043d\u044c\u0433\u0438 \u0432 \u0438\u0433\u0440\u043e\u0432\u043e\u043c \u0430\u0432\u0442\u043e\u043c\u0430\u0442\u0435 Aztec Fire: Hold and Win. \u0421\u043a\u0430\u0447\u0430\u0442\u044c \u043f\u0440\u0438\u043b\u043e\u0436\u0435\u043d\u0438\u0435 \u0430\u0439\u0444\u043e\u043d \u0438\u043b\u0438 \u0410\u043d\u0434\u0440\u043e\u0438\u0434, \u0438\u0433\u0440\u0430\u0442\u044c \u0431\u0435\u0441\u043f\u043b\u0430\u0442\u043d\u043e, \u0431\u0435\u0441\u043f\u043b\u0430\u0442\u043d\u044b\u0435 \u0432\u0440\u0430\u0449\u0435\u043d\u0438\u044f","og_url":"https:\/\/slotofaztec.com\/it\/","og_site_name":"Aztec Fire","article_modified_time":"2024-03-22T15:44:41+00:00","twitter_card":"summary_large_image","twitter_misc":{"Tempo di lettura stimato":"19 minuti"},"schema":{"@context":"https:\/\/schema.org","@graph":[{"@type":"WebPage","@id":"https:\/\/slotofaztec.com\/","url":"https:\/\/slotofaztec.com\/","name":"\u0418\u0433\u0440\u0430\u0442\u044c \u0432 Aztec Fire: Hold and Win \u0432 \u043e\u043d\u043b\u0430\u0439\u043d \u043a\u0430\u0437\u0438\u043d\u043e","isPartOf":{"@id":"https:\/\/slotofaztec.com\/#website"},"datePublished":"2024-01-07T22:59:55+00:00","dateModified":"2024-03-22T15:44:41+00:00","description":"\u0418\u0433\u0440\u0430\u0442\u044c \u0438 \u0432\u044b\u0438\u0433\u0440\u044b\u0432\u0430\u0442\u044c \u0440\u0435\u0430\u043b\u044c\u043d\u044b\u0435 \u0434\u0435\u043d\u044c\u0433\u0438 \u0432 \u0438\u0433\u0440\u043e\u0432\u043e\u043c \u0430\u0432\u0442\u043e\u043c\u0430\u0442\u0435 Aztec Fire: Hold and Win. \u0421\u043a\u0430\u0447\u0430\u0442\u044c \u043f\u0440\u0438\u043b\u043e\u0436\u0435\u043d\u0438\u0435 \u0430\u0439\u0444\u043e\u043d \u0438\u043b\u0438 \u0410\u043d\u0434\u0440\u043e\u0438\u0434, \u0438\u0433\u0440\u0430\u0442\u044c \u0431\u0435\u0441\u043f\u043b\u0430\u0442\u043d\u043e, \u0431\u0435\u0441\u043f\u043b\u0430\u0442\u043d\u044b\u0435 \u0432\u0440\u0430\u0449\u0435\u043d\u0438\u044f","breadcrumb":{"@id":"https:\/\/slotofaztec.com\/#breadcrumb"},"inLanguage":"it-IT","potentialAction":[{"@type":"ReadAction","target":["https:\/\/slotofaztec.com\/"]}]},{"@type":"BreadcrumbList","@id":"https:\/\/slotofaztec.com\/#breadcrumb","itemListElement":[{"@type":"ListItem","position":1,"name":"Home","item":"https:\/\/slotofaztec.com\/"},{"@type":"ListItem","position":2,"name":"\u0418\u0433\u0440\u043e\u0432\u043e\u0439 \u0430\u0432\u0442\u043e\u043c\u0430\u0442 Aztec Fire \u2013 \u043e\u0441\u043e\u0431\u0435\u043d\u043d\u043e\u0441\u0442\u0438 \u0438 \u043f\u0440\u0435\u0438\u043c\u0443\u0449\u0435\u0441\u0442\u0432\u0430"}]},{"@type":"WebSite","@id":"https:\/\/slotofaztec.com\/#website","url":"https:\/\/slotofaztec.com\/","name":"Aztec Fire","description":"","publisher":{"@id":"https:\/\/slotofaztec.com\/#organization"},"potentialAction":[{"@type":"SearchAction","target":{"@type":"EntryPoint","urlTemplate":"https:\/\/slotofaztec.com\/?s={search_term_string}"},"query-input":{"@type":"PropertyValueSpecification","valueRequired":true,"valueName":"search_term_string"}}],"inLanguage":"it-IT"},{"@type":"Organization","@id":"https:\/\/slotofaztec.com\/#organization","name":"Aztec Fire","url":"https:\/\/slotofaztec.com\/","logo":{"@type":"ImageObject","inLanguage":"it-IT","@id":"https:\/\/slotofaztec.com\/#\/schema\/logo\/image\/","url":"https:\/\/slotofaztec.com\/wp-content\/uploads\/2024\/01\/aztec_fire_logo_ekcvl_200x200.png","contentUrl":"https:\/\/slotofaztec.com\/wp-content\/uploads\/2024\/01\/aztec_fire_logo_ekcvl_200x200.png","width":200,"height":200,"caption":"Aztec Fire"},"image":{"@id":"https:\/\/slotofaztec.com\/#\/schema\/logo\/image\/"}}]}},"_links":{"self":[{"href":"https:\/\/slotofaztec.com\/it\/wp-json\/wp\/v2\/pages\/6","targetHints":{"allow":["GET"]}}],"collection":[{"href":"https:\/\/slotofaztec.com\/it\/wp-json\/wp\/v2\/pages"}],"about":[{"href":"https:\/\/slotofaztec.com\/it\/wp-json\/wp\/v2\/types\/page"}],"author":[{"embeddable":true,"href":"https:\/\/slotofaztec.com\/it\/wp-json\/wp\/v2\/users\/1"}],"replies":[{"embeddable":true,"href":"https:\/\/slotofaztec.com\/it\/wp-json\/wp\/v2\/comments?post=6"}],"version-history":[{"count":25,"href":"https:\/\/slotofaztec.com\/it\/wp-json\/wp\/v2\/pages\/6\/revisions"}],"predecessor-version":[{"id":126,"href":"https:\/\/slotofaztec.com\/it\/wp-json\/wp\/v2\/pages\/6\/revisions\/126"}],"wp:attachment":[{"href":"https:\/\/slotofaztec.com\/it\/wp-json\/wp\/v2\/media?parent=6"}],"curies":[{"name":"wp","href":"https:\/\/api.w.org\/{rel}","templated":true}]}}