{"id":13,"date":"2024-01-07T23:03:25","date_gmt":"2024-01-07T23:03:25","guid":{"rendered":"https:\/\/slotofaztec.com\/?page_id=13"},"modified":"2024-03-22T15:44:48","modified_gmt":"2024-03-22T15:44:48","slug":"player-reviews","status":"publish","type":"page","link":"https:\/\/slotofaztec.com\/it\/player-reviews\/","title":{"rendered":"Recensioni dei giocatori"},"content":{"rendered":"<p>Abbiamo raccolto opinioni, recensioni e feedback dei giocatori sulle slot Aztec Fire: Hold and Win, che ti aiuteranno a formare la tua opinione sul gioco.<\/p>\n<ul>\n<li><strong>Alexey, 32 anni:<\/strong> Una slot fantastica con grafica eccellente. La funzione &#8216;Hold and Win&#8217; aggiunge davvero eccitazione e possibilit\u00e0 di grandi vincite! Ultimamente ho notato che scelgo solo slot con la funzione Hold and Win.<\/li>\n<li><strong>Marina, 28 anni:<\/strong> Sono entusiasta del tema azteco in &#8216;Aztec Fire&#8217;. Ogni giro porta una sensazione di avventura. Tuttavia, a volte sembra abbastanza impegnativo vincere. Questa sensazione si verifica spesso durante il gioco alle slot machine.<\/li>\n<li><strong>Igor, 35 anni:<\/strong> Una delle mie slot preferite! Il gioco bonus &#8216;Hold and Win&#8217; merita di essere giocato. Molto soddisfatto del design e dell&#8217;animazione. Il tipo di slot che giocher\u00f2 anche dopo 10 anni.<\/li>\n<li><strong>Elena, 30 anni:<\/strong> Una slot eccellente per gli appassionati della cultura azteca. Ho giocato alcune volte e sono rimasta piacevolmente sorpresa dalla frequenza dei round bonus. Grazie ai bonus, puoi vincere e mantenere un saldo positivo.<\/li>\n<li><strong>Dmitry, 40 anni:<\/strong> Aztec Fire \u00e8 una buona slot, ma a volte sembra che i bonus si verifichino troppo raramente. Tuttavia, l&#8217;impressione generale \u00e8 positiva. Non posso dire che sia la mia slot preferita, ma &#8216;Aztec Fire&#8217; lascia un&#8217;impressione genuinamente positiva.<\/li>\n<li><strong>Olga, 26 anni:<\/strong> Sono entusiasta di &#8216;Aztec Fire: Hold and Win&#8217;! \u00c8 un gioco con una grafica bellissima e funzionalit\u00e0 interessanti. I bonus rendono il gioco particolarmente eccitante. Ho giocato prima e giocher\u00f2 di nuovo.<\/li>\n<li><strong>Anton, 37 anni:<\/strong> La slot \u00e8 decente, ma penso che sia pi\u00f9 adatta ai giocatori esperti per via della sua complessit\u00e0 e delle numerose funzionalit\u00e0. C&#8217;\u00e8 troppa informazione da tenere a mente. Decisamente non consiglier\u00f2 la slot ai nuovi giocatori che stanno iniziando il loro percorso nel gioco d&#8217;azzardo.<\/li>\n<li><strong>Svetlana, 29 anni:<\/strong> Aztec Fire \u00e8 diventato uno dei miei preferiti. Mi piace soprattutto quando viene attivato &#8216;Hold and Win&#8217;; aumentano le possibilit\u00e0 di vincita! \u00c8 veramente una grande caratteristica.<\/li>\n<li><strong>Nikolay, 42 anni:<\/strong> Ho giocato &#8216;Aztec Fire&#8217; diverse volte e mi \u00e8 piaciuto. Anche se le vincite non sono sempre grandi, il gioco \u00e8 coinvolgente e divertente. Un ottimo modo per trascorrere il tempo.<\/li>\n<li><strong>Katya, 34 anni:<\/strong> Adoro il tema azteco e &#8216;Aztec Fire: Hold and Win&#8217; non mi ha deluso. La grafica e il suono sono di prima qualit\u00e0 e i round bonus aggiungono eccitazione. Una slot eccellente.<\/li>\n<\/ul>\n","protected":false},"excerpt":{"rendered":"<p>Abbiamo raccolto opinioni, recensioni e feedback dei giocatori sulle slot Aztec Fire: Hold and Win, che ti aiuteranno a formare la tua opinione sul gioco. Alexey, 32 anni: Una slot fantastica con grafica eccellente. La funzione &#8216;Hold and Win&#8217; aggiunge davvero eccitazione e possibilit\u00e0 di grandi vincite! Ultimamente ho notato che scelgo solo slot con la funzione Hold and Win. Marina, 28 anni: Sono entusiasta del tema azteco in &#8216;Aztec Fire&#8217;. Ogni giro porta una&hellip; <\/p>\n","protected":false},"author":1,"featured_media":0,"parent":0,"menu_order":0,"comment_status":"closed","ping_status":"closed","template":"","meta":{"footnotes":""},"class_list":["post-13","page","type-page","status-publish","hentry"],"yoast_head":"<!-- This site is optimized with the Yoast SEO plugin v27.2 - https:\/\/yoast.com\/product\/yoast-seo-wordpress\/ -->\n<title>Rese\u00f1as de Jugadores sobre la Tragamonedas Aztec Fire: Hold and Win<\/title>\n<meta name=\"description\" content=\"Opinioni, recensioni e panoramica della slot Aztec Fire: Hold and Win da parte di veri giocatori. Feedback sincero.\" \/>\n<meta name=\"robots\" content=\"index, follow, max-snippet:-1, max-image-preview:large, max-video-preview:-1\" \/>\n<link rel=\"canonical\" href=\"https:\/\/slotofaztec.com\/it\/player-reviews\/\" \/>\n<meta property=\"og:locale\" content=\"it_IT\" \/>\n<meta property=\"og:locale:alternate\" content=\"ru_RU\" \/>\n<meta property=\"og:locale:alternate\" content=\"en_US\" \/>\n<meta property=\"og:locale:alternate\" content=\"pt_PT\" \/>\n<meta property=\"og:locale:alternate\" content=\"es_ES\" \/>\n<meta property=\"og:locale:alternate\" content=\"sr_RS\" \/>\n<meta property=\"og:locale:alternate\" content=\"bg_BG\" \/>\n<meta property=\"og:locale:alternate\" content=\"pl_PL\" \/>\n<meta property=\"og:locale:alternate\" content=\"fr_FR\" \/>\n<meta property=\"og:type\" content=\"article\" \/>\n<meta property=\"og:title\" content=\"Rese\u00f1as de Jugadores sobre la Tragamonedas Aztec Fire: Hold and Win\" \/>\n<meta property=\"og:description\" content=\"Opiniones, rese\u00f1as y descripci\u00f3n de la tragamonedas Aztec Fire: Hold and Win por jugadores reales. Comentarios honestos.\" \/>\n<meta property=\"og:url\" content=\"https:\/\/slotofaztec.com\/it\/player-reviews\/\" \/>\n<meta property=\"og:site_name\" content=\"Aztec Fire\" \/>\n<meta property=\"article:modified_time\" content=\"2024-03-22T15:44:48+00:00\" \/>\n<meta name=\"twitter:card\" content=\"summary_large_image\" \/>\n<meta name=\"twitter:label1\" content=\"Tempo di lettura stimato\" \/>\n\t<meta name=\"twitter:data1\" content=\"13 minuti\" \/>\n<script type=\"application\/ld+json\" class=\"yoast-schema-graph\">{\"@context\":\"https:\/\/schema.org\",\"@graph\":[{\"@type\":\"WebPage\",\"@id\":\"https:\/\/slotofaztec.com\/es\/player-reviews\/\",\"url\":\"https:\/\/slotofaztec.com\/es\/player-reviews\/\",\"name\":\"Rese\u00f1as de Jugadores sobre la Tragamonedas Aztec Fire: Hold and Win\",\"isPartOf\":{\"@id\":\"https:\/\/slotofaztec.com\/#website\"},\"datePublished\":\"2024-01-07T23:03:25+00:00\",\"dateModified\":\"2024-03-22T15:44:48+00:00\",\"description\":\"Opiniones, rese\u00f1as y descripci\u00f3n de la tragamonedas Aztec Fire: Hold and Win por jugadores reales. Comentarios honestos.\",\"breadcrumb\":{\"@id\":\"https:\/\/slotofaztec.com\/es\/player-reviews\/#breadcrumb\"},\"inLanguage\":\"it-IT\",\"potentialAction\":[{\"@type\":\"ReadAction\",\"target\":[\"https:\/\/slotofaztec.com\/es\/player-reviews\/\"]}]},{\"@type\":\"BreadcrumbList\",\"@id\":\"https:\/\/slotofaztec.com\/es\/player-reviews\/#breadcrumb\",\"itemListElement\":[{\"@type\":\"ListItem\",\"position\":1,\"name\":\"Home\",\"item\":\"https:\/\/slotofaztec.com\/\"},{\"@type\":\"ListItem\",\"position\":2,\"name\":\"Rese\u00f1as de Jugadores\"}]},{\"@type\":\"WebSite\",\"@id\":\"https:\/\/slotofaztec.com\/#website\",\"url\":\"https:\/\/slotofaztec.com\/\",\"name\":\"Aztec Fire\",\"description\":\"\",\"publisher\":{\"@id\":\"https:\/\/slotofaztec.com\/#organization\"},\"potentialAction\":[{\"@type\":\"SearchAction\",\"target\":{\"@type\":\"EntryPoint\",\"urlTemplate\":\"https:\/\/slotofaztec.com\/?s={search_term_string}\"},\"query-input\":{\"@type\":\"PropertyValueSpecification\",\"valueRequired\":true,\"valueName\":\"search_term_string\"}}],\"inLanguage\":\"it-IT\"},{\"@type\":\"Organization\",\"@id\":\"https:\/\/slotofaztec.com\/#organization\",\"name\":\"Aztec Fire\",\"url\":\"https:\/\/slotofaztec.com\/\",\"logo\":{\"@type\":\"ImageObject\",\"inLanguage\":\"it-IT\",\"@id\":\"https:\/\/slotofaztec.com\/#\/schema\/logo\/image\/\",\"url\":\"https:\/\/slotofaztec.com\/wp-content\/uploads\/2024\/01\/aztec_fire_logo_ekcvl_200x200.png\",\"contentUrl\":\"https:\/\/slotofaztec.com\/wp-content\/uploads\/2024\/01\/aztec_fire_logo_ekcvl_200x200.png\",\"width\":200,\"height\":200,\"caption\":\"Aztec Fire\"},\"image\":{\"@id\":\"https:\/\/slotofaztec.com\/#\/schema\/logo\/image\/\"}}]}<\/script>\n<!-- \/ Yoast SEO plugin. -->","yoast_head_json":{"title":"Rese\u00f1as de Jugadores sobre la Tragamonedas Aztec Fire: Hold and Win","description":"Opinioni, recensioni e panoramica della slot Aztec Fire: Hold and Win da parte di veri giocatori. Feedback sincero.","robots":{"index":"index","follow":"follow","max-snippet":"max-snippet:-1","max-image-preview":"max-image-preview:large","max-video-preview":"max-video-preview:-1"},"canonical":"https:\/\/slotofaztec.com\/it\/player-reviews\/","og_locale":"it_IT","og_type":"article","og_title":"Rese\u00f1as de Jugadores sobre la Tragamonedas Aztec Fire: Hold and Win","og_description":"Opiniones, rese\u00f1as y descripci\u00f3n de la tragamonedas Aztec Fire: Hold and Win por jugadores reales. Comentarios honestos.","og_url":"https:\/\/slotofaztec.com\/it\/player-reviews\/","og_site_name":"Aztec Fire","article_modified_time":"2024-03-22T15:44:48+00:00","twitter_card":"summary_large_image","twitter_misc":{"Tempo di lettura stimato":"13 minuti"},"schema":{"@context":"https:\/\/schema.org","@graph":[{"@type":"WebPage","@id":"https:\/\/slotofaztec.com\/es\/player-reviews\/","url":"https:\/\/slotofaztec.com\/es\/player-reviews\/","name":"Rese\u00f1as de Jugadores sobre la Tragamonedas Aztec Fire: Hold and Win","isPartOf":{"@id":"https:\/\/slotofaztec.com\/#website"},"datePublished":"2024-01-07T23:03:25+00:00","dateModified":"2024-03-22T15:44:48+00:00","description":"Opiniones, rese\u00f1as y descripci\u00f3n de la tragamonedas Aztec Fire: Hold and Win por jugadores reales. Comentarios honestos.","breadcrumb":{"@id":"https:\/\/slotofaztec.com\/es\/player-reviews\/#breadcrumb"},"inLanguage":"it-IT","potentialAction":[{"@type":"ReadAction","target":["https:\/\/slotofaztec.com\/es\/player-reviews\/"]}]},{"@type":"BreadcrumbList","@id":"https:\/\/slotofaztec.com\/es\/player-reviews\/#breadcrumb","itemListElement":[{"@type":"ListItem","position":1,"name":"Home","item":"https:\/\/slotofaztec.com\/"},{"@type":"ListItem","position":2,"name":"Rese\u00f1as de Jugadores"}]},{"@type":"WebSite","@id":"https:\/\/slotofaztec.com\/#website","url":"https:\/\/slotofaztec.com\/","name":"Aztec Fire","description":"","publisher":{"@id":"https:\/\/slotofaztec.com\/#organization"},"potentialAction":[{"@type":"SearchAction","target":{"@type":"EntryPoint","urlTemplate":"https:\/\/slotofaztec.com\/?s={search_term_string}"},"query-input":{"@type":"PropertyValueSpecification","valueRequired":true,"valueName":"search_term_string"}}],"inLanguage":"it-IT"},{"@type":"Organization","@id":"https:\/\/slotofaztec.com\/#organization","name":"Aztec Fire","url":"https:\/\/slotofaztec.com\/","logo":{"@type":"ImageObject","inLanguage":"it-IT","@id":"https:\/\/slotofaztec.com\/#\/schema\/logo\/image\/","url":"https:\/\/slotofaztec.com\/wp-content\/uploads\/2024\/01\/aztec_fire_logo_ekcvl_200x200.png","contentUrl":"https:\/\/slotofaztec.com\/wp-content\/uploads\/2024\/01\/aztec_fire_logo_ekcvl_200x200.png","width":200,"height":200,"caption":"Aztec Fire"},"image":{"@id":"https:\/\/slotofaztec.com\/#\/schema\/logo\/image\/"}}]}},"_links":{"self":[{"href":"https:\/\/slotofaztec.com\/it\/wp-json\/wp\/v2\/pages\/13","targetHints":{"allow":["GET"]}}],"collection":[{"href":"https:\/\/slotofaztec.com\/it\/wp-json\/wp\/v2\/pages"}],"about":[{"href":"https:\/\/slotofaztec.com\/it\/wp-json\/wp\/v2\/types\/page"}],"author":[{"embeddable":true,"href":"https:\/\/slotofaztec.com\/it\/wp-json\/wp\/v2\/users\/1"}],"replies":[{"embeddable":true,"href":"https:\/\/slotofaztec.com\/it\/wp-json\/wp\/v2\/comments?post=13"}],"version-history":[{"count":26,"href":"https:\/\/slotofaztec.com\/it\/wp-json\/wp\/v2\/pages\/13\/revisions"}],"predecessor-version":[{"id":127,"href":"https:\/\/slotofaztec.com\/it\/wp-json\/wp\/v2\/pages\/13\/revisions\/127"}],"wp:attachment":[{"href":"https:\/\/slotofaztec.com\/it\/wp-json\/wp\/v2\/media?parent=13"}],"curies":[{"name":"wp","href":"https:\/\/api.w.org\/{rel}","templated":true}]}}