{"id":11,"date":"2024-01-07T23:02:26","date_gmt":"2024-01-07T23:02:26","guid":{"rendered":"https:\/\/slotofaztec.com\/?page_id=11"},"modified":"2024-03-22T15:44:55","modified_gmt":"2024-03-22T15:44:55","slug":"re-spins-and-free-spins-in-aztec-fire","status":"publish","type":"page","link":"https:\/\/slotofaztec.com\/it\/re-spins-and-free-spins-in-aztec-fire\/","title":{"rendered":"Re-spin e giri gratuiti in Aztec Fire"},"content":{"rendered":"<p>Al livello bonus, il giocatore riceve inizialmente tre respin e ogni volta che compare un nuovo simbolo bonus, il contatore dei giri gratuiti si resetta a tre lanci. In questa fase, possono apparire casualmente sullo schermo dei simboli jackpot speciali. Il premio massimo \u00e8 implementato in tre formati: Mini, Minor, Major e Grand, che portano al giocatore una vincita di venti, cinquanta, cento o mille volte la puntata. Il bonus continua finch\u00e9 l&#8217;intera griglia del campo di gioco non \u00e8 riempita con icone bonus. Se il giocatore riesce a raccogliere 40 simboli bonus, riceve il Jackpot Reale, superando la dimensione della puntata iniziale di 10.000 volte.<\/p>\n<p>Un&#8217;altra caratteristica redditizia della slot Aztec Fire sono i giri gratuiti. La funzione viene attivata da tre o pi\u00f9 simboli scatter sui rulli. Per tre simboli scatter, il giocatore riceve 8 giri gratuiti con una ricompensa in contanti istantanea, pari al doppio della puntata effettuata. Il bonus viene giocato allo stesso modo del gioco di base. Tuttavia, c&#8217;\u00e8 una caratteristica interessante: durante la serie di giri gratuiti, sullo schermo appaiono solo simboli ad alta remunerazione. I giri gratuiti sono rinnovabili. Se compaiono due o pi\u00f9 simboli scatter sui rulli durante i giri gratuiti, il giocatore ottiene tre giri gratuiti aggiuntivi.<\/p>\n<p>La slot machine Aztec Fire: Hold and Win gode di un&#8217;immensa popolarit\u00e0 tra i giocatori d&#8217;azzardo. La slot consente ai giocatori di vincere un jackpot abbastanza grande grazie alla meccanica di gioco unica e alla presenza di funzionalit\u00e0 bonus redditizie. Giri gratuiti, respin, simboli speciali e bonus, quattro opzioni jackpot, moltiplicatori casuali, rulli espandibili: questi sono importanti vantaggi del modello di gioco. La presenza di opzioni aggiuntive pu\u00f2 aumentare significativamente la ricompensa monetaria del giocatore e portare il premio desiderato a 10.000 volte la puntata. La slot si caratterizza per una grafica splendida e animazioni impressionanti, un accompagnamento sonoro accattivante e un&#8217;intensa trama.<\/p>\n","protected":false},"excerpt":{"rendered":"<p>Al livello bonus, il giocatore riceve inizialmente tre respin e ogni volta che compare un nuovo simbolo bonus, il contatore dei giri gratuiti si resetta a tre lanci. In questa fase, possono apparire casualmente sullo schermo dei simboli jackpot speciali. Il premio massimo \u00e8 implementato in tre formati: Mini, Minor, Major e Grand, che portano al giocatore una vincita di venti, cinquanta, cento o mille volte la puntata. Il bonus continua finch\u00e9 l&#8217;intera griglia del&hellip; <\/p>\n","protected":false},"author":1,"featured_media":0,"parent":0,"menu_order":0,"comment_status":"closed","ping_status":"closed","template":"","meta":{"footnotes":""},"class_list":["post-11","page","type-page","status-publish","hentry"],"yoast_head":"<!-- This site is optimized with the Yoast SEO plugin v27.2 - https:\/\/yoast.com\/product\/yoast-seo-wordpress\/ -->\n<title>Jugar Gratis en la Tragamonedas Aztec Fire: Hold and Win<\/title>\n<meta name=\"description\" content=\"Gioca alla versione demo e divertiti a giocare gratuitamente alla slot Aztec Fire: Hold and Win. Ottieni giri gratuiti nella slot Aztec Fire: Hold and Win.\" \/>\n<meta name=\"robots\" content=\"index, follow, max-snippet:-1, max-image-preview:large, max-video-preview:-1\" \/>\n<link rel=\"canonical\" href=\"https:\/\/slotofaztec.com\/it\/re-spins-and-free-spins-in-aztec-fire\/\" \/>\n<meta property=\"og:locale\" content=\"it_IT\" \/>\n<meta property=\"og:locale:alternate\" content=\"ru_RU\" \/>\n<meta property=\"og:locale:alternate\" content=\"en_US\" \/>\n<meta property=\"og:locale:alternate\" content=\"pt_PT\" \/>\n<meta property=\"og:locale:alternate\" content=\"es_ES\" \/>\n<meta property=\"og:locale:alternate\" content=\"sr_RS\" \/>\n<meta property=\"og:locale:alternate\" content=\"bg_BG\" \/>\n<meta property=\"og:locale:alternate\" content=\"pl_PL\" \/>\n<meta property=\"og:locale:alternate\" content=\"fr_FR\" \/>\n<meta property=\"og:type\" content=\"article\" \/>\n<meta property=\"og:title\" content=\"Jugar Gratis en la Tragamonedas Aztec Fire: Hold and Win\" \/>\n<meta property=\"og:description\" content=\"Juega la versi\u00f3n de demostraci\u00f3n y disfruta jugando gratis en la tragamonedas Aztec Fire: Hold and Win. Obt\u00e9n giros gratis en la tragamonedas Aztec Fire: Hold and Win.\" \/>\n<meta property=\"og:url\" content=\"https:\/\/slotofaztec.com\/it\/re-spins-and-free-spins-in-aztec-fire\/\" \/>\n<meta property=\"og:site_name\" content=\"Aztec Fire\" \/>\n<meta property=\"article:modified_time\" content=\"2024-03-22T15:44:55+00:00\" \/>\n<meta name=\"twitter:card\" content=\"summary_large_image\" \/>\n<meta name=\"twitter:label1\" content=\"Tempo di lettura stimato\" \/>\n\t<meta name=\"twitter:data1\" content=\"10 minuti\" \/>\n<script type=\"application\/ld+json\" class=\"yoast-schema-graph\">{\"@context\":\"https:\/\/schema.org\",\"@graph\":[{\"@type\":\"WebPage\",\"@id\":\"https:\/\/slotofaztec.com\/es\/re-spins-and-free-spins-in-aztec-fire\/\",\"url\":\"https:\/\/slotofaztec.com\/es\/re-spins-and-free-spins-in-aztec-fire\/\",\"name\":\"Jugar Gratis en la Tragamonedas Aztec Fire: Hold and Win\",\"isPartOf\":{\"@id\":\"https:\/\/slotofaztec.com\/#website\"},\"datePublished\":\"2024-01-07T23:02:26+00:00\",\"dateModified\":\"2024-03-22T15:44:55+00:00\",\"description\":\"Juega la versi\u00f3n de demostraci\u00f3n y disfruta jugando gratis en la tragamonedas Aztec Fire: Hold and Win. Obt\u00e9n giros gratis en la tragamonedas Aztec Fire: Hold and Win.\",\"breadcrumb\":{\"@id\":\"https:\/\/slotofaztec.com\/es\/re-spins-and-free-spins-in-aztec-fire\/#breadcrumb\"},\"inLanguage\":\"it-IT\",\"potentialAction\":[{\"@type\":\"ReadAction\",\"target\":[\"https:\/\/slotofaztec.com\/es\/re-spins-and-free-spins-in-aztec-fire\/\"]}]},{\"@type\":\"BreadcrumbList\",\"@id\":\"https:\/\/slotofaztec.com\/es\/re-spins-and-free-spins-in-aztec-fire\/#breadcrumb\",\"itemListElement\":[{\"@type\":\"ListItem\",\"position\":1,\"name\":\"Home\",\"item\":\"https:\/\/slotofaztec.com\/\"},{\"@type\":\"ListItem\",\"position\":2,\"name\":\"Re-spins y giros gratis en Aztec Fire\"}]},{\"@type\":\"WebSite\",\"@id\":\"https:\/\/slotofaztec.com\/#website\",\"url\":\"https:\/\/slotofaztec.com\/\",\"name\":\"Aztec Fire\",\"description\":\"\",\"publisher\":{\"@id\":\"https:\/\/slotofaztec.com\/#organization\"},\"potentialAction\":[{\"@type\":\"SearchAction\",\"target\":{\"@type\":\"EntryPoint\",\"urlTemplate\":\"https:\/\/slotofaztec.com\/?s={search_term_string}\"},\"query-input\":{\"@type\":\"PropertyValueSpecification\",\"valueRequired\":true,\"valueName\":\"search_term_string\"}}],\"inLanguage\":\"it-IT\"},{\"@type\":\"Organization\",\"@id\":\"https:\/\/slotofaztec.com\/#organization\",\"name\":\"Aztec Fire\",\"url\":\"https:\/\/slotofaztec.com\/\",\"logo\":{\"@type\":\"ImageObject\",\"inLanguage\":\"it-IT\",\"@id\":\"https:\/\/slotofaztec.com\/#\/schema\/logo\/image\/\",\"url\":\"https:\/\/slotofaztec.com\/wp-content\/uploads\/2024\/01\/aztec_fire_logo_ekcvl_200x200.png\",\"contentUrl\":\"https:\/\/slotofaztec.com\/wp-content\/uploads\/2024\/01\/aztec_fire_logo_ekcvl_200x200.png\",\"width\":200,\"height\":200,\"caption\":\"Aztec Fire\"},\"image\":{\"@id\":\"https:\/\/slotofaztec.com\/#\/schema\/logo\/image\/\"}}]}<\/script>\n<!-- \/ Yoast SEO plugin. -->","yoast_head_json":{"title":"Jugar Gratis en la Tragamonedas Aztec Fire: Hold and Win","description":"Gioca alla versione demo e divertiti a giocare gratuitamente alla slot Aztec Fire: Hold and Win. Ottieni giri gratuiti nella slot Aztec Fire: Hold and Win.","robots":{"index":"index","follow":"follow","max-snippet":"max-snippet:-1","max-image-preview":"max-image-preview:large","max-video-preview":"max-video-preview:-1"},"canonical":"https:\/\/slotofaztec.com\/it\/re-spins-and-free-spins-in-aztec-fire\/","og_locale":"it_IT","og_type":"article","og_title":"Jugar Gratis en la Tragamonedas Aztec Fire: Hold and Win","og_description":"Juega la versi\u00f3n de demostraci\u00f3n y disfruta jugando gratis en la tragamonedas Aztec Fire: Hold and Win. Obt\u00e9n giros gratis en la tragamonedas Aztec Fire: Hold and Win.","og_url":"https:\/\/slotofaztec.com\/it\/re-spins-and-free-spins-in-aztec-fire\/","og_site_name":"Aztec Fire","article_modified_time":"2024-03-22T15:44:55+00:00","twitter_card":"summary_large_image","twitter_misc":{"Tempo di lettura stimato":"10 minuti"},"schema":{"@context":"https:\/\/schema.org","@graph":[{"@type":"WebPage","@id":"https:\/\/slotofaztec.com\/es\/re-spins-and-free-spins-in-aztec-fire\/","url":"https:\/\/slotofaztec.com\/es\/re-spins-and-free-spins-in-aztec-fire\/","name":"Jugar Gratis en la Tragamonedas Aztec Fire: Hold and Win","isPartOf":{"@id":"https:\/\/slotofaztec.com\/#website"},"datePublished":"2024-01-07T23:02:26+00:00","dateModified":"2024-03-22T15:44:55+00:00","description":"Juega la versi\u00f3n de demostraci\u00f3n y disfruta jugando gratis en la tragamonedas Aztec Fire: Hold and Win. Obt\u00e9n giros gratis en la tragamonedas Aztec Fire: Hold and Win.","breadcrumb":{"@id":"https:\/\/slotofaztec.com\/es\/re-spins-and-free-spins-in-aztec-fire\/#breadcrumb"},"inLanguage":"it-IT","potentialAction":[{"@type":"ReadAction","target":["https:\/\/slotofaztec.com\/es\/re-spins-and-free-spins-in-aztec-fire\/"]}]},{"@type":"BreadcrumbList","@id":"https:\/\/slotofaztec.com\/es\/re-spins-and-free-spins-in-aztec-fire\/#breadcrumb","itemListElement":[{"@type":"ListItem","position":1,"name":"Home","item":"https:\/\/slotofaztec.com\/"},{"@type":"ListItem","position":2,"name":"Re-spins y giros gratis en Aztec Fire"}]},{"@type":"WebSite","@id":"https:\/\/slotofaztec.com\/#website","url":"https:\/\/slotofaztec.com\/","name":"Aztec Fire","description":"","publisher":{"@id":"https:\/\/slotofaztec.com\/#organization"},"potentialAction":[{"@type":"SearchAction","target":{"@type":"EntryPoint","urlTemplate":"https:\/\/slotofaztec.com\/?s={search_term_string}"},"query-input":{"@type":"PropertyValueSpecification","valueRequired":true,"valueName":"search_term_string"}}],"inLanguage":"it-IT"},{"@type":"Organization","@id":"https:\/\/slotofaztec.com\/#organization","name":"Aztec Fire","url":"https:\/\/slotofaztec.com\/","logo":{"@type":"ImageObject","inLanguage":"it-IT","@id":"https:\/\/slotofaztec.com\/#\/schema\/logo\/image\/","url":"https:\/\/slotofaztec.com\/wp-content\/uploads\/2024\/01\/aztec_fire_logo_ekcvl_200x200.png","contentUrl":"https:\/\/slotofaztec.com\/wp-content\/uploads\/2024\/01\/aztec_fire_logo_ekcvl_200x200.png","width":200,"height":200,"caption":"Aztec Fire"},"image":{"@id":"https:\/\/slotofaztec.com\/#\/schema\/logo\/image\/"}}]}},"_links":{"self":[{"href":"https:\/\/slotofaztec.com\/it\/wp-json\/wp\/v2\/pages\/11","targetHints":{"allow":["GET"]}}],"collection":[{"href":"https:\/\/slotofaztec.com\/it\/wp-json\/wp\/v2\/pages"}],"about":[{"href":"https:\/\/slotofaztec.com\/it\/wp-json\/wp\/v2\/types\/page"}],"author":[{"embeddable":true,"href":"https:\/\/slotofaztec.com\/it\/wp-json\/wp\/v2\/users\/1"}],"replies":[{"embeddable":true,"href":"https:\/\/slotofaztec.com\/it\/wp-json\/wp\/v2\/comments?post=11"}],"version-history":[{"count":18,"href":"https:\/\/slotofaztec.com\/it\/wp-json\/wp\/v2\/pages\/11\/revisions"}],"predecessor-version":[{"id":128,"href":"https:\/\/slotofaztec.com\/it\/wp-json\/wp\/v2\/pages\/11\/revisions\/128"}],"wp:attachment":[{"href":"https:\/\/slotofaztec.com\/it\/wp-json\/wp\/v2\/media?parent=11"}],"curies":[{"name":"wp","href":"https:\/\/api.w.org\/{rel}","templated":true}]}}