{"id":8,"date":"2024-01-07T23:01:26","date_gmt":"2024-01-07T23:01:26","guid":{"rendered":"https:\/\/slotofaztec.com\/?page_id=8"},"modified":"2024-03-22T15:45:03","modified_gmt":"2024-03-22T15:45:03","slug":"the-gameplay-of-the-video-slot-aztec-fire-hold-and-win","status":"publish","type":"page","link":"https:\/\/slotofaztec.com\/fr\/the-gameplay-of-the-video-slot-aztec-fire-hold-and-win\/","title":{"rendered":"Le gameplay de la machine \u00e0 sous vid\u00e9o Aztec Fire: Hold and Win"},"content":{"rendered":"<p>Parcourir les jungles de l&rsquo;Am\u00e9rique centrale peut apporter aux joueurs une richesse inimaginable. Le gameplay de la machine \u00e0 sous est bas\u00e9 sur l&rsquo;option de respins : la machine \u00e0 sous r\u00e9compense souvent les respins avec des fonctionnalit\u00e9s suppl\u00e9mentaires. Les options auxiliaires entrent en jeu \u00e0 la fois dans le jeu de base et dans les tours bonus.<\/p>\n<p>Le lancement de la machine \u00e0 sous transporte les joueurs dans un endroit magnifiquement con\u00e7u dans les jungles virtuelles. Les huit principaux symboles de la machine \u00e0 sous sont divis\u00e9s en deux cat\u00e9gories : des ic\u00f4nes moins ch\u00e8res et hautement r\u00e9mun\u00e9ratrices. Les combinaisons avec les cartes \u00e0 jouer classiques rapportent de petites sommes. Les images des Azt\u00e8ques et des animaux rapportent des gains substantiels. Caract\u00e9ristiques des fonctions bonus de la machine \u00e0 sous :<\/p>\n<ul>\n<li>Le bonus th\u00e9matique occupe une place centrale dans le jeu.<\/li>\n<li>L&rsquo;option Hold and Win peut \u00eatre activ\u00e9e \u00e0 n&rsquo;importe quel stade du jeu.<\/li>\n<li>Le bonus est d\u00e9clench\u00e9 avec 6 symboles bonus ou plus.<\/li>\n<li>Les symboles bonus ont des multiplicateurs al\u00e9atoires de x1 \u00e0 x12.<\/li>\n<li>Les ic\u00f4nes se fixent aux rouleaux et le niveau bonus commence.<\/li>\n<\/ul>\n<p>Dans le tour th\u00e9matique, seuls les symboles bonus apparaissent \u00e0 l&rsquo;\u00e9cran. La fonction Hold and Win est activ\u00e9e dans la grille standard du champ de jeu, mais apr\u00e8s l&rsquo;activation de l&rsquo;option, les rouleaux s&rsquo;agrandissent lorsqu&rsquo;il y a plusieurs ic\u00f4nes bonus. De 10 \u00e0 25 images ouvrent des rang\u00e9es suppl\u00e9mentaires sur les rouleaux &#8211; la 5\u00e8me, la 6\u00e8me, la 7\u00e8me et la 8\u00e8me rang\u00e9e pour 10, 15, 20 et 25 ic\u00f4nes bonus, respectivement.<\/p>\n<h2><strong>Symboles de la machine \u00e0 sous Aztec Fire: Hold and Win :<\/strong><\/h2>\n<ol>\n<li><strong>Ic\u00f4nes de base :<\/strong> Il s&rsquo;agit d&rsquo;images li\u00e9es \u00e0 la culture azt\u00e8que, notamment des statues dor\u00e9es, des masques azt\u00e8ques, des pierres pr\u00e9cieuses, ainsi que des cartes \u00e0 jouer standard (par exemple, de dix \u00e0 as).<\/li>\n<li><strong>Symbole Wild :<\/strong> Il s&rsquo;agit d&rsquo;une ic\u00f4ne sp\u00e9ciale qui peut se substituer \u00e0 la plupart des autres symboles pour former des combinaisons gagnantes.<\/li>\n<li><strong>Symbole Scatter :<\/strong> Ce symbole active souvent des tours bonus ou des tours gratuits lorsqu&rsquo;un certain nombre de ces ic\u00f4nes apparaissent sur les rouleaux.<\/li>\n<li><strong>Ic\u00f4ne bonus :<\/strong> Dans les machines \u00e0 sous avec la fonction \u00ab\u00a0Hold and Win\u00a0\u00bb, des symboles bonus sp\u00e9ciaux sont souvent pr\u00e9sents, pouvant d\u00e9clencher des tours sp\u00e9ciaux o\u00f9 les joueurs ont la chance de remporter des prix suppl\u00e9mentaires ou des jackpots.<\/li>\n<li><strong>Ic\u00f4ne du jackpot :<\/strong> Cette ic\u00f4ne, associ\u00e9e au jackpot, offre une opportunit\u00e9 de remporter de grosses sommes lorsqu&rsquo;elles s&rsquo;alignent dans un ordre sp\u00e9cifique.<\/li>\n<\/ol>\n","protected":false},"excerpt":{"rendered":"<p>Parcourir les jungles de l&rsquo;Am\u00e9rique centrale peut apporter aux joueurs une richesse inimaginable. Le gameplay de la machine \u00e0 sous est bas\u00e9 sur l&rsquo;option de respins : la machine \u00e0 sous r\u00e9compense souvent les respins avec des fonctionnalit\u00e9s suppl\u00e9mentaires. Les options auxiliaires entrent en jeu \u00e0 la fois dans le jeu de base et dans les tours bonus. Le lancement de la machine \u00e0 sous transporte les joueurs dans un endroit magnifiquement con\u00e7u dans les&hellip; <\/p>\n","protected":false},"author":1,"featured_media":0,"parent":0,"menu_order":0,"comment_status":"closed","ping_status":"closed","template":"","meta":{"footnotes":""},"class_list":["post-8","page","type-page","status-publish","hentry"],"yoast_head":"<!-- This site is optimized with the Yoast SEO plugin v27.2 - https:\/\/yoast.com\/product\/yoast-seo-wordpress\/ -->\n<title>\u041a\u0430\u043a \u0438\u0433\u0440\u0430\u0442\u044c \u0438 \u043f\u043e\u0431\u0435\u0436\u0434\u0430\u0442\u044c \u0432 Aztec Fire: Hold and Win<\/title>\n<meta name=\"description\" content=\"Si vous avez d\u00e9cid\u00e9 de jouer \u00e0 Aztec Fire, l&#039;opportunit\u00e9 de gagner de l&#039;argent r\u00e9el n&#039;est pas aussi loin qu&#039;il n&#039;y para\u00eet. Vous pouvez jouer et gagner \u00e0 Aztec Fire d\u00e8s maintenant.\" \/>\n<meta name=\"robots\" content=\"index, follow, max-snippet:-1, max-image-preview:large, max-video-preview:-1\" \/>\n<link rel=\"canonical\" href=\"https:\/\/slotofaztec.com\/fr\/the-gameplay-of-the-video-slot-aztec-fire-hold-and-win\/\" \/>\n<meta property=\"og:locale\" content=\"fr_FR\" \/>\n<meta property=\"og:locale:alternate\" content=\"ru_RU\" \/>\n<meta property=\"og:locale:alternate\" content=\"en_US\" \/>\n<meta property=\"og:locale:alternate\" content=\"pt_PT\" \/>\n<meta property=\"og:locale:alternate\" content=\"es_ES\" \/>\n<meta property=\"og:locale:alternate\" content=\"sr_RS\" \/>\n<meta property=\"og:locale:alternate\" content=\"bg_BG\" \/>\n<meta property=\"og:locale:alternate\" content=\"pl_PL\" \/>\n<meta property=\"og:locale:alternate\" content=\"it_IT\" \/>\n<meta property=\"og:type\" content=\"article\" \/>\n<meta property=\"og:title\" content=\"\u041a\u0430\u043a \u0438\u0433\u0440\u0430\u0442\u044c \u0438 \u043f\u043e\u0431\u0435\u0436\u0434\u0430\u0442\u044c \u0432 Aztec Fire: Hold and Win\" \/>\n<meta property=\"og:description\" content=\"\u0415\u0441\u043b\u0438 \u0432\u044b \u0440\u0435\u0448\u0438\u043b\u0438 \u0438\u0433\u0440\u0430\u0442\u044c \u0432 Aztec Fire, \u0442\u043e \u0432\u043e\u0437\u043c\u043e\u0436\u043d\u043e\u0441\u0442\u044c \u0432\u044b\u0438\u0433\u0440\u0430\u0442\u044c \u0440\u0435\u0430\u043b\u044c\u043d\u044b\u0435 \u0434\u0435\u043d\u044c\u0433\u0438 \u043d\u0435 \u0442\u0430\u043a \u0434\u0430\u043b\u0435\u043a\u0430, \u043a\u0430\u043a \u043a\u0430\u0436\u0435\u0442\u0441\u044f. \u0418\u0433\u0440\u0430\u0442\u044c \u0438 \u043f\u043e\u0431\u0435\u0436\u0434\u0430\u0442\u044c \u0432 Aztec Fire \u043c\u043e\u0436\u043d\u043e \u0443\u0436\u0435 \u0441\u0435\u0439\u0447\u0430\u0441\" \/>\n<meta property=\"og:url\" content=\"https:\/\/slotofaztec.com\/fr\/the-gameplay-of-the-video-slot-aztec-fire-hold-and-win\/\" \/>\n<meta property=\"og:site_name\" content=\"Aztec Fire\" \/>\n<meta property=\"article:modified_time\" content=\"2024-03-22T15:45:03+00:00\" \/>\n<meta name=\"twitter:card\" content=\"summary_large_image\" \/>\n<meta name=\"twitter:label1\" content=\"Dur\u00e9e de lecture estim\u00e9e\" \/>\n\t<meta name=\"twitter:data1\" content=\"12 minutes\" \/>\n<script type=\"application\/ld+json\" class=\"yoast-schema-graph\">{\"@context\":\"https:\/\/schema.org\",\"@graph\":[{\"@type\":\"WebPage\",\"@id\":\"https:\/\/slotofaztec.com\/the-gameplay-of-the-video-slot-aztec-fire-hold-and-win\/\",\"url\":\"https:\/\/slotofaztec.com\/the-gameplay-of-the-video-slot-aztec-fire-hold-and-win\/\",\"name\":\"\u041a\u0430\u043a \u0438\u0433\u0440\u0430\u0442\u044c \u0438 \u043f\u043e\u0431\u0435\u0436\u0434\u0430\u0442\u044c \u0432 Aztec Fire: Hold and Win\",\"isPartOf\":{\"@id\":\"https:\/\/slotofaztec.com\/#website\"},\"datePublished\":\"2024-01-07T23:01:26+00:00\",\"dateModified\":\"2024-03-22T15:45:03+00:00\",\"description\":\"\u0415\u0441\u043b\u0438 \u0432\u044b \u0440\u0435\u0448\u0438\u043b\u0438 \u0438\u0433\u0440\u0430\u0442\u044c \u0432 Aztec Fire, \u0442\u043e \u0432\u043e\u0437\u043c\u043e\u0436\u043d\u043e\u0441\u0442\u044c \u0432\u044b\u0438\u0433\u0440\u0430\u0442\u044c \u0440\u0435\u0430\u043b\u044c\u043d\u044b\u0435 \u0434\u0435\u043d\u044c\u0433\u0438 \u043d\u0435 \u0442\u0430\u043a \u0434\u0430\u043b\u0435\u043a\u0430, \u043a\u0430\u043a \u043a\u0430\u0436\u0435\u0442\u0441\u044f. \u0418\u0433\u0440\u0430\u0442\u044c \u0438 \u043f\u043e\u0431\u0435\u0436\u0434\u0430\u0442\u044c \u0432 Aztec Fire \u043c\u043e\u0436\u043d\u043e \u0443\u0436\u0435 \u0441\u0435\u0439\u0447\u0430\u0441\",\"breadcrumb\":{\"@id\":\"https:\/\/slotofaztec.com\/the-gameplay-of-the-video-slot-aztec-fire-hold-and-win\/#breadcrumb\"},\"inLanguage\":\"fr-FR\",\"potentialAction\":[{\"@type\":\"ReadAction\",\"target\":[\"https:\/\/slotofaztec.com\/the-gameplay-of-the-video-slot-aztec-fire-hold-and-win\/\"]}]},{\"@type\":\"BreadcrumbList\",\"@id\":\"https:\/\/slotofaztec.com\/the-gameplay-of-the-video-slot-aztec-fire-hold-and-win\/#breadcrumb\",\"itemListElement\":[{\"@type\":\"ListItem\",\"position\":1,\"name\":\"Home\",\"item\":\"https:\/\/slotofaztec.com\/\"},{\"@type\":\"ListItem\",\"position\":2,\"name\":\"\u041f\u0440\u043e\u0446\u0435\u0441\u0441 \u0438\u0433\u0440\u044b \u0432 \u0432\u0438\u0434\u0435\u043e\u0441\u043b\u043e\u0442\u0435 Aztec Fire: Hold and Win\"}]},{\"@type\":\"WebSite\",\"@id\":\"https:\/\/slotofaztec.com\/#website\",\"url\":\"https:\/\/slotofaztec.com\/\",\"name\":\"Aztec Fire\",\"description\":\"\",\"publisher\":{\"@id\":\"https:\/\/slotofaztec.com\/#organization\"},\"potentialAction\":[{\"@type\":\"SearchAction\",\"target\":{\"@type\":\"EntryPoint\",\"urlTemplate\":\"https:\/\/slotofaztec.com\/?s={search_term_string}\"},\"query-input\":{\"@type\":\"PropertyValueSpecification\",\"valueRequired\":true,\"valueName\":\"search_term_string\"}}],\"inLanguage\":\"fr-FR\"},{\"@type\":\"Organization\",\"@id\":\"https:\/\/slotofaztec.com\/#organization\",\"name\":\"Aztec Fire\",\"url\":\"https:\/\/slotofaztec.com\/\",\"logo\":{\"@type\":\"ImageObject\",\"inLanguage\":\"fr-FR\",\"@id\":\"https:\/\/slotofaztec.com\/#\/schema\/logo\/image\/\",\"url\":\"https:\/\/slotofaztec.com\/wp-content\/uploads\/2024\/01\/aztec_fire_logo_ekcvl_200x200.png\",\"contentUrl\":\"https:\/\/slotofaztec.com\/wp-content\/uploads\/2024\/01\/aztec_fire_logo_ekcvl_200x200.png\",\"width\":200,\"height\":200,\"caption\":\"Aztec Fire\"},\"image\":{\"@id\":\"https:\/\/slotofaztec.com\/#\/schema\/logo\/image\/\"}}]}<\/script>\n<!-- \/ Yoast SEO plugin. -->","yoast_head_json":{"title":"\u041a\u0430\u043a \u0438\u0433\u0440\u0430\u0442\u044c \u0438 \u043f\u043e\u0431\u0435\u0436\u0434\u0430\u0442\u044c \u0432 Aztec Fire: Hold and Win","description":"Si vous avez d\u00e9cid\u00e9 de jouer \u00e0 Aztec Fire, l'opportunit\u00e9 de gagner de l'argent r\u00e9el n'est pas aussi loin qu'il n'y para\u00eet. Vous pouvez jouer et gagner \u00e0 Aztec Fire d\u00e8s maintenant.","robots":{"index":"index","follow":"follow","max-snippet":"max-snippet:-1","max-image-preview":"max-image-preview:large","max-video-preview":"max-video-preview:-1"},"canonical":"https:\/\/slotofaztec.com\/fr\/the-gameplay-of-the-video-slot-aztec-fire-hold-and-win\/","og_locale":"fr_FR","og_type":"article","og_title":"\u041a\u0430\u043a \u0438\u0433\u0440\u0430\u0442\u044c \u0438 \u043f\u043e\u0431\u0435\u0436\u0434\u0430\u0442\u044c \u0432 Aztec Fire: Hold and Win","og_description":"\u0415\u0441\u043b\u0438 \u0432\u044b \u0440\u0435\u0448\u0438\u043b\u0438 \u0438\u0433\u0440\u0430\u0442\u044c \u0432 Aztec Fire, \u0442\u043e \u0432\u043e\u0437\u043c\u043e\u0436\u043d\u043e\u0441\u0442\u044c \u0432\u044b\u0438\u0433\u0440\u0430\u0442\u044c \u0440\u0435\u0430\u043b\u044c\u043d\u044b\u0435 \u0434\u0435\u043d\u044c\u0433\u0438 \u043d\u0435 \u0442\u0430\u043a \u0434\u0430\u043b\u0435\u043a\u0430, \u043a\u0430\u043a \u043a\u0430\u0436\u0435\u0442\u0441\u044f. \u0418\u0433\u0440\u0430\u0442\u044c \u0438 \u043f\u043e\u0431\u0435\u0436\u0434\u0430\u0442\u044c \u0432 Aztec Fire \u043c\u043e\u0436\u043d\u043e \u0443\u0436\u0435 \u0441\u0435\u0439\u0447\u0430\u0441","og_url":"https:\/\/slotofaztec.com\/fr\/the-gameplay-of-the-video-slot-aztec-fire-hold-and-win\/","og_site_name":"Aztec Fire","article_modified_time":"2024-03-22T15:45:03+00:00","twitter_card":"summary_large_image","twitter_misc":{"Dur\u00e9e de lecture estim\u00e9e":"12 minutes"},"schema":{"@context":"https:\/\/schema.org","@graph":[{"@type":"WebPage","@id":"https:\/\/slotofaztec.com\/the-gameplay-of-the-video-slot-aztec-fire-hold-and-win\/","url":"https:\/\/slotofaztec.com\/the-gameplay-of-the-video-slot-aztec-fire-hold-and-win\/","name":"\u041a\u0430\u043a \u0438\u0433\u0440\u0430\u0442\u044c \u0438 \u043f\u043e\u0431\u0435\u0436\u0434\u0430\u0442\u044c \u0432 Aztec Fire: Hold and Win","isPartOf":{"@id":"https:\/\/slotofaztec.com\/#website"},"datePublished":"2024-01-07T23:01:26+00:00","dateModified":"2024-03-22T15:45:03+00:00","description":"\u0415\u0441\u043b\u0438 \u0432\u044b \u0440\u0435\u0448\u0438\u043b\u0438 \u0438\u0433\u0440\u0430\u0442\u044c \u0432 Aztec Fire, \u0442\u043e \u0432\u043e\u0437\u043c\u043e\u0436\u043d\u043e\u0441\u0442\u044c \u0432\u044b\u0438\u0433\u0440\u0430\u0442\u044c \u0440\u0435\u0430\u043b\u044c\u043d\u044b\u0435 \u0434\u0435\u043d\u044c\u0433\u0438 \u043d\u0435 \u0442\u0430\u043a \u0434\u0430\u043b\u0435\u043a\u0430, \u043a\u0430\u043a \u043a\u0430\u0436\u0435\u0442\u0441\u044f. \u0418\u0433\u0440\u0430\u0442\u044c \u0438 \u043f\u043e\u0431\u0435\u0436\u0434\u0430\u0442\u044c \u0432 Aztec Fire \u043c\u043e\u0436\u043d\u043e \u0443\u0436\u0435 \u0441\u0435\u0439\u0447\u0430\u0441","breadcrumb":{"@id":"https:\/\/slotofaztec.com\/the-gameplay-of-the-video-slot-aztec-fire-hold-and-win\/#breadcrumb"},"inLanguage":"fr-FR","potentialAction":[{"@type":"ReadAction","target":["https:\/\/slotofaztec.com\/the-gameplay-of-the-video-slot-aztec-fire-hold-and-win\/"]}]},{"@type":"BreadcrumbList","@id":"https:\/\/slotofaztec.com\/the-gameplay-of-the-video-slot-aztec-fire-hold-and-win\/#breadcrumb","itemListElement":[{"@type":"ListItem","position":1,"name":"Home","item":"https:\/\/slotofaztec.com\/"},{"@type":"ListItem","position":2,"name":"\u041f\u0440\u043e\u0446\u0435\u0441\u0441 \u0438\u0433\u0440\u044b \u0432 \u0432\u0438\u0434\u0435\u043e\u0441\u043b\u043e\u0442\u0435 Aztec Fire: Hold and Win"}]},{"@type":"WebSite","@id":"https:\/\/slotofaztec.com\/#website","url":"https:\/\/slotofaztec.com\/","name":"Aztec Fire","description":"","publisher":{"@id":"https:\/\/slotofaztec.com\/#organization"},"potentialAction":[{"@type":"SearchAction","target":{"@type":"EntryPoint","urlTemplate":"https:\/\/slotofaztec.com\/?s={search_term_string}"},"query-input":{"@type":"PropertyValueSpecification","valueRequired":true,"valueName":"search_term_string"}}],"inLanguage":"fr-FR"},{"@type":"Organization","@id":"https:\/\/slotofaztec.com\/#organization","name":"Aztec Fire","url":"https:\/\/slotofaztec.com\/","logo":{"@type":"ImageObject","inLanguage":"fr-FR","@id":"https:\/\/slotofaztec.com\/#\/schema\/logo\/image\/","url":"https:\/\/slotofaztec.com\/wp-content\/uploads\/2024\/01\/aztec_fire_logo_ekcvl_200x200.png","contentUrl":"https:\/\/slotofaztec.com\/wp-content\/uploads\/2024\/01\/aztec_fire_logo_ekcvl_200x200.png","width":200,"height":200,"caption":"Aztec Fire"},"image":{"@id":"https:\/\/slotofaztec.com\/#\/schema\/logo\/image\/"}}]}},"_links":{"self":[{"href":"https:\/\/slotofaztec.com\/fr\/wp-json\/wp\/v2\/pages\/8","targetHints":{"allow":["GET"]}}],"collection":[{"href":"https:\/\/slotofaztec.com\/fr\/wp-json\/wp\/v2\/pages"}],"about":[{"href":"https:\/\/slotofaztec.com\/fr\/wp-json\/wp\/v2\/types\/page"}],"author":[{"embeddable":true,"href":"https:\/\/slotofaztec.com\/fr\/wp-json\/wp\/v2\/users\/1"}],"replies":[{"embeddable":true,"href":"https:\/\/slotofaztec.com\/fr\/wp-json\/wp\/v2\/comments?post=8"}],"version-history":[{"count":27,"href":"https:\/\/slotofaztec.com\/fr\/wp-json\/wp\/v2\/pages\/8\/revisions"}],"predecessor-version":[{"id":129,"href":"https:\/\/slotofaztec.com\/fr\/wp-json\/wp\/v2\/pages\/8\/revisions\/129"}],"wp:attachment":[{"href":"https:\/\/slotofaztec.com\/fr\/wp-json\/wp\/v2\/media?parent=8"}],"curies":[{"name":"wp","href":"https:\/\/api.w.org\/{rel}","templated":true}]}}