{"id":6,"date":"2024-01-07T22:59:55","date_gmt":"2024-01-07T22:59:55","guid":{"rendered":"https:\/\/slotofaztec.com\/?page_id=6"},"modified":"2024-03-22T15:44:41","modified_gmt":"2024-03-22T15:44:41","slug":"the-aztec-fire-slot-machine-features-and-advantages","status":"publish","type":"page","link":"https:\/\/slotofaztec.com\/fr\/","title":{"rendered":"La machine \u00e0 sous Aztec Fire &#8211; caract\u00e9ristiques et avantages"},"content":{"rendered":"<p>Les machines \u00e0 sous classiques restent populaires parmi les amateurs de casino. Les machines \u00e0 sous d\u00e9di\u00e9es \u00e0 la recherche des tr\u00e9sors perdus des anciennes civilisations sont largement demand\u00e9es. Un tel mod\u00e8le est la machine \u00e0 sous Aztec Fire: Hold and Win du studio 3 Oaks (Booongo). Le d\u00e9veloppeur a introduit le nouveau mod\u00e8le de jeu en 2022. La machine \u00e0 sous se caract\u00e9rise par une intrigue int\u00e9ressante, des multiplicateurs de mise \u00e9lev\u00e9s et des fonctionnalit\u00e9s bonus. Dans le jeu, vous pouvez obtenir une assez grosse victoire avec un multiplicateur allant jusqu&rsquo;\u00e0 x10000 et participer \u00e0 des tours th\u00e9matiques excitants.<\/p>\n<h2><strong>Caract\u00e9ristiques de la machine \u00e0 sous Aztec Fire<\/strong><\/h2>\n<p>La machine \u00e0 sous vid\u00e9o Aztec Fire a 5 rouleaux rotatifs dispos\u00e9s en 4 rang\u00e9es et 20 lignes de paiement. La machine \u00e0 sous invite les joueurs \u00e0 entreprendre un voyage virtuel \u00e0 la recherche des tr\u00e9sors de l&rsquo;ancienne civilisation azt\u00e8que. L&rsquo;intrigue se d\u00e9roule dans les jungles m\u00e9soam\u00e9ricaines avec une v\u00e9g\u00e9tation luxuriante et des rivi\u00e8res bleues calmes. Les rouleaux pr\u00e9sentent des ic\u00f4nes avec des images d&rsquo;animaux sauvages et de repr\u00e9sentants de la tribu azt\u00e8que. Les principales caract\u00e9ristiques de la machine \u00e0 sous :<\/p>\n<ul>\n<li>Pourcentage de retour th\u00e9orique &#8211; 95,5 % ;<\/li>\n<li>Niveau de volatilit\u00e9 &#8211; moyen ;<\/li>\n<li>Taille maximale de gain &#8211; x10000 mises ;<\/li>\n<li>Plage de mise par tour &#8211; de 0,2 \u00e0 30 euros (dollars) ;<\/li>\n<li>Multiplicateurs al\u00e9atoires de x1 \u00e0 x12 mises ;<\/li>\n<li>Option d&rsquo;expansion des symboles bonus ;<\/li>\n<li>Re-spins avec des symboles de jackpot al\u00e9atoires ;<\/li>\n<li>Scatters d\u00e9clenchant huit tours gratuits ;<\/li>\n<li>Prix instantan\u00e9 en esp\u00e8ces, deux fois la mise.<\/li>\n<\/ul>\n<p>La machine \u00e0 sous Aztec Fire: Hold and Win poss\u00e8de des symboles wild, la fonction \u00ab\u00a0Hold and Spin\u00a0\u00bb est mise en \u0153uvre. Il y a une option pour modifier l&rsquo;ensemble de bobines du jeu et la gamme de pourcentage de retour th\u00e9orique. Des symboles al\u00e9atoires, des ic\u00f4nes de bonus et des symboles sp\u00e9ciaux augmentent consid\u00e9rablement les chances de gagner.<\/p>\n<h2><strong>R\u00e8gles du jeu Aztec Fire: Hold and Win<\/strong><\/h2>\n<p>Le jeu Aztec Fire: Hold and Win de 3 Oaks (Booongo) est une machine \u00e0 sous en ligne avec des fonctionnalit\u00e9s et des r\u00e8gles excitantes. Voici les r\u00e8gles de base du jeu :<\/p>\n<ol>\n<li><strong>Configuration des rouleaux :<\/strong> Le jeu a g\u00e9n\u00e9ralement une grille de rouleaux standard, par exemple, 5 rouleaux et 3 rang\u00e9es de symboles.<\/li>\n<li><strong>Symboles :<\/strong> Le jeu utilise des symboles inspir\u00e9s du th\u00e8me azt\u00e8que, tels que des statues dor\u00e9es, des pierres pr\u00e9cieuses, des masques azt\u00e8ques et des cartes \u00e0 jouer traditionnelles de 10 \u00e0 As.<\/li>\n<li><strong>Mises :<\/strong> Les joueurs choisissent la taille de la mise avant chaque rotation des rouleaux. La taille de la mise peut varier en fonction des r\u00e8gles d&rsquo;un casino particulier.<\/li>\n<li><strong>Combinaisons gagnantes :<\/strong> Les combinaisons gagnantes se forment lorsque certains symboles correspondent sur les lignes de paiement actives. Le nombre de lignes de paiement est \u00e9galement d\u00e9termin\u00e9 par les r\u00e8gles du jeu.<\/li>\n<li><strong>Fonction Hold and Win :<\/strong> Cette fonction est activ\u00e9e lorsqu&rsquo;un certain nombre de symboles sp\u00e9ciaux (comme des symboles de bonus ou de dispersion) apparaissent. Dans ce mode, les joueurs obtiennent un nombre limit\u00e9 de re-spins, pendant lesquels des symboles sp\u00e9ciaux peuvent apporter des gains suppl\u00e9mentaires ou des jackpots.<\/li>\n<li><strong>Tours bonus :<\/strong> Le jeu peut inclure des tours bonus, tels que des tours gratuits ou des mini-jeux, qui sont d\u00e9clench\u00e9s par l&rsquo;apparition de certains symboles.<\/li>\n<li><strong>Jackpots :<\/strong> Dans certaines versions de la machine \u00e0 sous, des jackpots fixes ou progressifs peuvent \u00eatre disponibles.<\/li>\n<li><strong>Lecture automatique :<\/strong> Les joueurs peuvent utiliser la fonction de lecture automatique pour une s\u00e9rie de rotations continues des rouleaux avec une mise pr\u00e9d\u00e9finie.<\/li>\n<li><strong>Tableau des paiements :<\/strong> Les joueurs peuvent consulter le tableau des paiements dans le jeu pour en apprendre davantage sur les combinaisons gagnantes possibles et leurs valeurs.<\/li>\n<\/ol>\n<p>Il est important de se rappeler que dans les machines \u00e0 sous, les r\u00e9sultats sont enti\u00e8rement al\u00e9atoires, et le r\u00e9sultat de chaque rotation est d\u00e9termin\u00e9 par un g\u00e9n\u00e9rateur de nombres al\u00e9atoires. Cela rend le jeu de machines \u00e0 sous excitant, mais, en m\u00eame temps, implique que les joueurs doivent aborder le jeu de mani\u00e8re responsable.<\/p>\n","protected":false},"excerpt":{"rendered":"<p>Les machines \u00e0 sous classiques restent populaires parmi les amateurs de casino. Les machines \u00e0 sous d\u00e9di\u00e9es \u00e0 la recherche des tr\u00e9sors perdus des anciennes civilisations sont largement demand\u00e9es. Un tel mod\u00e8le est la machine \u00e0 sous Aztec Fire: Hold and Win du studio 3 Oaks (Booongo). Le d\u00e9veloppeur a introduit le nouveau mod\u00e8le de jeu en 2022. La machine \u00e0 sous se caract\u00e9rise par une intrigue int\u00e9ressante, des multiplicateurs de mise \u00e9lev\u00e9s et des&hellip; <\/p>\n","protected":false},"author":1,"featured_media":0,"parent":0,"menu_order":0,"comment_status":"closed","ping_status":"closed","template":"","meta":{"footnotes":""},"class_list":["post-6","page","type-page","status-publish","hentry"],"yoast_head":"<!-- This site is optimized with the Yoast SEO plugin v27.2 - https:\/\/yoast.com\/product\/yoast-seo-wordpress\/ -->\n<title>\u0418\u0433\u0440\u0430\u0442\u044c \u0432 Aztec Fire: Hold and Win \u0432 \u043e\u043d\u043b\u0430\u0439\u043d \u043a\u0430\u0437\u0438\u043d\u043e<\/title>\n<meta name=\"description\" content=\"Jouez et gagnez de l&#039;argent r\u00e9el sur la machine \u00e0 sous Aztec Fire: Hold and Win. T\u00e9l\u00e9chargez l&#039;application iPhone ou Android, jouez gratuitement et profitez de tours gratuits.\" \/>\n<meta name=\"robots\" content=\"index, follow, max-snippet:-1, max-image-preview:large, max-video-preview:-1\" \/>\n<link rel=\"canonical\" href=\"https:\/\/slotofaztec.com\/fr\/\" \/>\n<meta property=\"og:locale\" content=\"fr_FR\" \/>\n<meta property=\"og:locale:alternate\" content=\"ru_RU\" \/>\n<meta property=\"og:locale:alternate\" content=\"en_US\" \/>\n<meta property=\"og:locale:alternate\" content=\"pt_PT\" \/>\n<meta property=\"og:locale:alternate\" content=\"es_ES\" \/>\n<meta property=\"og:locale:alternate\" content=\"sr_RS\" \/>\n<meta property=\"og:locale:alternate\" content=\"bg_BG\" \/>\n<meta property=\"og:locale:alternate\" content=\"pl_PL\" \/>\n<meta property=\"og:locale:alternate\" content=\"it_IT\" \/>\n<meta property=\"og:type\" content=\"article\" \/>\n<meta property=\"og:title\" content=\"\u0418\u0433\u0440\u0430\u0442\u044c \u0432 Aztec Fire: Hold and Win \u0432 \u043e\u043d\u043b\u0430\u0439\u043d \u043a\u0430\u0437\u0438\u043d\u043e\" \/>\n<meta property=\"og:description\" content=\"\u0418\u0433\u0440\u0430\u0442\u044c \u0438 \u0432\u044b\u0438\u0433\u0440\u044b\u0432\u0430\u0442\u044c \u0440\u0435\u0430\u043b\u044c\u043d\u044b\u0435 \u0434\u0435\u043d\u044c\u0433\u0438 \u0432 \u0438\u0433\u0440\u043e\u0432\u043e\u043c \u0430\u0432\u0442\u043e\u043c\u0430\u0442\u0435 Aztec Fire: Hold and Win. \u0421\u043a\u0430\u0447\u0430\u0442\u044c \u043f\u0440\u0438\u043b\u043e\u0436\u0435\u043d\u0438\u0435 \u0430\u0439\u0444\u043e\u043d \u0438\u043b\u0438 \u0410\u043d\u0434\u0440\u043e\u0438\u0434, \u0438\u0433\u0440\u0430\u0442\u044c \u0431\u0435\u0441\u043f\u043b\u0430\u0442\u043d\u043e, \u0431\u0435\u0441\u043f\u043b\u0430\u0442\u043d\u044b\u0435 \u0432\u0440\u0430\u0449\u0435\u043d\u0438\u044f\" \/>\n<meta property=\"og:url\" content=\"https:\/\/slotofaztec.com\/fr\/\" \/>\n<meta property=\"og:site_name\" content=\"Aztec Fire\" \/>\n<meta property=\"article:modified_time\" content=\"2024-03-22T15:44:41+00:00\" \/>\n<meta name=\"twitter:card\" content=\"summary_large_image\" \/>\n<meta name=\"twitter:label1\" content=\"Dur\u00e9e de lecture estim\u00e9e\" \/>\n\t<meta name=\"twitter:data1\" content=\"19 minutes\" \/>\n<script type=\"application\/ld+json\" class=\"yoast-schema-graph\">{\"@context\":\"https:\/\/schema.org\",\"@graph\":[{\"@type\":\"WebPage\",\"@id\":\"https:\/\/slotofaztec.com\/\",\"url\":\"https:\/\/slotofaztec.com\/\",\"name\":\"\u0418\u0433\u0440\u0430\u0442\u044c \u0432 Aztec Fire: Hold and Win \u0432 \u043e\u043d\u043b\u0430\u0439\u043d \u043a\u0430\u0437\u0438\u043d\u043e\",\"isPartOf\":{\"@id\":\"https:\/\/slotofaztec.com\/#website\"},\"datePublished\":\"2024-01-07T22:59:55+00:00\",\"dateModified\":\"2024-03-22T15:44:41+00:00\",\"description\":\"\u0418\u0433\u0440\u0430\u0442\u044c \u0438 \u0432\u044b\u0438\u0433\u0440\u044b\u0432\u0430\u0442\u044c \u0440\u0435\u0430\u043b\u044c\u043d\u044b\u0435 \u0434\u0435\u043d\u044c\u0433\u0438 \u0432 \u0438\u0433\u0440\u043e\u0432\u043e\u043c \u0430\u0432\u0442\u043e\u043c\u0430\u0442\u0435 Aztec Fire: Hold and Win. \u0421\u043a\u0430\u0447\u0430\u0442\u044c \u043f\u0440\u0438\u043b\u043e\u0436\u0435\u043d\u0438\u0435 \u0430\u0439\u0444\u043e\u043d \u0438\u043b\u0438 \u0410\u043d\u0434\u0440\u043e\u0438\u0434, \u0438\u0433\u0440\u0430\u0442\u044c \u0431\u0435\u0441\u043f\u043b\u0430\u0442\u043d\u043e, \u0431\u0435\u0441\u043f\u043b\u0430\u0442\u043d\u044b\u0435 \u0432\u0440\u0430\u0449\u0435\u043d\u0438\u044f\",\"breadcrumb\":{\"@id\":\"https:\/\/slotofaztec.com\/#breadcrumb\"},\"inLanguage\":\"fr-FR\",\"potentialAction\":[{\"@type\":\"ReadAction\",\"target\":[\"https:\/\/slotofaztec.com\/\"]}]},{\"@type\":\"BreadcrumbList\",\"@id\":\"https:\/\/slotofaztec.com\/#breadcrumb\",\"itemListElement\":[{\"@type\":\"ListItem\",\"position\":1,\"name\":\"Home\",\"item\":\"https:\/\/slotofaztec.com\/\"},{\"@type\":\"ListItem\",\"position\":2,\"name\":\"\u0418\u0433\u0440\u043e\u0432\u043e\u0439 \u0430\u0432\u0442\u043e\u043c\u0430\u0442 Aztec Fire \u2013 \u043e\u0441\u043e\u0431\u0435\u043d\u043d\u043e\u0441\u0442\u0438 \u0438 \u043f\u0440\u0435\u0438\u043c\u0443\u0449\u0435\u0441\u0442\u0432\u0430\"}]},{\"@type\":\"WebSite\",\"@id\":\"https:\/\/slotofaztec.com\/#website\",\"url\":\"https:\/\/slotofaztec.com\/\",\"name\":\"Aztec Fire\",\"description\":\"\",\"publisher\":{\"@id\":\"https:\/\/slotofaztec.com\/#organization\"},\"potentialAction\":[{\"@type\":\"SearchAction\",\"target\":{\"@type\":\"EntryPoint\",\"urlTemplate\":\"https:\/\/slotofaztec.com\/?s={search_term_string}\"},\"query-input\":{\"@type\":\"PropertyValueSpecification\",\"valueRequired\":true,\"valueName\":\"search_term_string\"}}],\"inLanguage\":\"fr-FR\"},{\"@type\":\"Organization\",\"@id\":\"https:\/\/slotofaztec.com\/#organization\",\"name\":\"Aztec Fire\",\"url\":\"https:\/\/slotofaztec.com\/\",\"logo\":{\"@type\":\"ImageObject\",\"inLanguage\":\"fr-FR\",\"@id\":\"https:\/\/slotofaztec.com\/#\/schema\/logo\/image\/\",\"url\":\"https:\/\/slotofaztec.com\/wp-content\/uploads\/2024\/01\/aztec_fire_logo_ekcvl_200x200.png\",\"contentUrl\":\"https:\/\/slotofaztec.com\/wp-content\/uploads\/2024\/01\/aztec_fire_logo_ekcvl_200x200.png\",\"width\":200,\"height\":200,\"caption\":\"Aztec Fire\"},\"image\":{\"@id\":\"https:\/\/slotofaztec.com\/#\/schema\/logo\/image\/\"}}]}<\/script>\n<!-- \/ Yoast SEO plugin. -->","yoast_head_json":{"title":"\u0418\u0433\u0440\u0430\u0442\u044c \u0432 Aztec Fire: Hold and Win \u0432 \u043e\u043d\u043b\u0430\u0439\u043d \u043a\u0430\u0437\u0438\u043d\u043e","description":"Jouez et gagnez de l'argent r\u00e9el sur la machine \u00e0 sous Aztec Fire: Hold and Win. T\u00e9l\u00e9chargez l'application iPhone ou Android, jouez gratuitement et profitez de tours gratuits.","robots":{"index":"index","follow":"follow","max-snippet":"max-snippet:-1","max-image-preview":"max-image-preview:large","max-video-preview":"max-video-preview:-1"},"canonical":"https:\/\/slotofaztec.com\/fr\/","og_locale":"fr_FR","og_type":"article","og_title":"\u0418\u0433\u0440\u0430\u0442\u044c \u0432 Aztec Fire: Hold and Win \u0432 \u043e\u043d\u043b\u0430\u0439\u043d \u043a\u0430\u0437\u0438\u043d\u043e","og_description":"\u0418\u0433\u0440\u0430\u0442\u044c \u0438 \u0432\u044b\u0438\u0433\u0440\u044b\u0432\u0430\u0442\u044c \u0440\u0435\u0430\u043b\u044c\u043d\u044b\u0435 \u0434\u0435\u043d\u044c\u0433\u0438 \u0432 \u0438\u0433\u0440\u043e\u0432\u043e\u043c \u0430\u0432\u0442\u043e\u043c\u0430\u0442\u0435 Aztec Fire: Hold and Win. \u0421\u043a\u0430\u0447\u0430\u0442\u044c \u043f\u0440\u0438\u043b\u043e\u0436\u0435\u043d\u0438\u0435 \u0430\u0439\u0444\u043e\u043d \u0438\u043b\u0438 \u0410\u043d\u0434\u0440\u043e\u0438\u0434, \u0438\u0433\u0440\u0430\u0442\u044c \u0431\u0435\u0441\u043f\u043b\u0430\u0442\u043d\u043e, \u0431\u0435\u0441\u043f\u043b\u0430\u0442\u043d\u044b\u0435 \u0432\u0440\u0430\u0449\u0435\u043d\u0438\u044f","og_url":"https:\/\/slotofaztec.com\/fr\/","og_site_name":"Aztec Fire","article_modified_time":"2024-03-22T15:44:41+00:00","twitter_card":"summary_large_image","twitter_misc":{"Dur\u00e9e de lecture estim\u00e9e":"19 minutes"},"schema":{"@context":"https:\/\/schema.org","@graph":[{"@type":"WebPage","@id":"https:\/\/slotofaztec.com\/","url":"https:\/\/slotofaztec.com\/","name":"\u0418\u0433\u0440\u0430\u0442\u044c \u0432 Aztec Fire: Hold and Win \u0432 \u043e\u043d\u043b\u0430\u0439\u043d \u043a\u0430\u0437\u0438\u043d\u043e","isPartOf":{"@id":"https:\/\/slotofaztec.com\/#website"},"datePublished":"2024-01-07T22:59:55+00:00","dateModified":"2024-03-22T15:44:41+00:00","description":"\u0418\u0433\u0440\u0430\u0442\u044c \u0438 \u0432\u044b\u0438\u0433\u0440\u044b\u0432\u0430\u0442\u044c \u0440\u0435\u0430\u043b\u044c\u043d\u044b\u0435 \u0434\u0435\u043d\u044c\u0433\u0438 \u0432 \u0438\u0433\u0440\u043e\u0432\u043e\u043c \u0430\u0432\u0442\u043e\u043c\u0430\u0442\u0435 Aztec Fire: Hold and Win. \u0421\u043a\u0430\u0447\u0430\u0442\u044c \u043f\u0440\u0438\u043b\u043e\u0436\u0435\u043d\u0438\u0435 \u0430\u0439\u0444\u043e\u043d \u0438\u043b\u0438 \u0410\u043d\u0434\u0440\u043e\u0438\u0434, \u0438\u0433\u0440\u0430\u0442\u044c \u0431\u0435\u0441\u043f\u043b\u0430\u0442\u043d\u043e, \u0431\u0435\u0441\u043f\u043b\u0430\u0442\u043d\u044b\u0435 \u0432\u0440\u0430\u0449\u0435\u043d\u0438\u044f","breadcrumb":{"@id":"https:\/\/slotofaztec.com\/#breadcrumb"},"inLanguage":"fr-FR","potentialAction":[{"@type":"ReadAction","target":["https:\/\/slotofaztec.com\/"]}]},{"@type":"BreadcrumbList","@id":"https:\/\/slotofaztec.com\/#breadcrumb","itemListElement":[{"@type":"ListItem","position":1,"name":"Home","item":"https:\/\/slotofaztec.com\/"},{"@type":"ListItem","position":2,"name":"\u0418\u0433\u0440\u043e\u0432\u043e\u0439 \u0430\u0432\u0442\u043e\u043c\u0430\u0442 Aztec Fire \u2013 \u043e\u0441\u043e\u0431\u0435\u043d\u043d\u043e\u0441\u0442\u0438 \u0438 \u043f\u0440\u0435\u0438\u043c\u0443\u0449\u0435\u0441\u0442\u0432\u0430"}]},{"@type":"WebSite","@id":"https:\/\/slotofaztec.com\/#website","url":"https:\/\/slotofaztec.com\/","name":"Aztec Fire","description":"","publisher":{"@id":"https:\/\/slotofaztec.com\/#organization"},"potentialAction":[{"@type":"SearchAction","target":{"@type":"EntryPoint","urlTemplate":"https:\/\/slotofaztec.com\/?s={search_term_string}"},"query-input":{"@type":"PropertyValueSpecification","valueRequired":true,"valueName":"search_term_string"}}],"inLanguage":"fr-FR"},{"@type":"Organization","@id":"https:\/\/slotofaztec.com\/#organization","name":"Aztec Fire","url":"https:\/\/slotofaztec.com\/","logo":{"@type":"ImageObject","inLanguage":"fr-FR","@id":"https:\/\/slotofaztec.com\/#\/schema\/logo\/image\/","url":"https:\/\/slotofaztec.com\/wp-content\/uploads\/2024\/01\/aztec_fire_logo_ekcvl_200x200.png","contentUrl":"https:\/\/slotofaztec.com\/wp-content\/uploads\/2024\/01\/aztec_fire_logo_ekcvl_200x200.png","width":200,"height":200,"caption":"Aztec Fire"},"image":{"@id":"https:\/\/slotofaztec.com\/#\/schema\/logo\/image\/"}}]}},"_links":{"self":[{"href":"https:\/\/slotofaztec.com\/fr\/wp-json\/wp\/v2\/pages\/6","targetHints":{"allow":["GET"]}}],"collection":[{"href":"https:\/\/slotofaztec.com\/fr\/wp-json\/wp\/v2\/pages"}],"about":[{"href":"https:\/\/slotofaztec.com\/fr\/wp-json\/wp\/v2\/types\/page"}],"author":[{"embeddable":true,"href":"https:\/\/slotofaztec.com\/fr\/wp-json\/wp\/v2\/users\/1"}],"replies":[{"embeddable":true,"href":"https:\/\/slotofaztec.com\/fr\/wp-json\/wp\/v2\/comments?post=6"}],"version-history":[{"count":25,"href":"https:\/\/slotofaztec.com\/fr\/wp-json\/wp\/v2\/pages\/6\/revisions"}],"predecessor-version":[{"id":126,"href":"https:\/\/slotofaztec.com\/fr\/wp-json\/wp\/v2\/pages\/6\/revisions\/126"}],"wp:attachment":[{"href":"https:\/\/slotofaztec.com\/fr\/wp-json\/wp\/v2\/media?parent=6"}],"curies":[{"name":"wp","href":"https:\/\/api.w.org\/{rel}","templated":true}]}}