{"id":13,"date":"2024-01-07T23:03:25","date_gmt":"2024-01-07T23:03:25","guid":{"rendered":"https:\/\/slotofaztec.com\/?page_id=13"},"modified":"2024-03-22T15:44:48","modified_gmt":"2024-03-22T15:44:48","slug":"player-reviews","status":"publish","type":"page","link":"https:\/\/slotofaztec.com\/fr\/player-reviews\/","title":{"rendered":"Avis des joueurs"},"content":{"rendered":"<p>Nous avons recueilli des opinions, des avis et des retours de joueurs sur la machine \u00e0 sous Aztec Fire: Hold and Win, qui vous aideront \u00e0 vous faire votre propre opinion sur le jeu.<\/p>\n<ol>\n<li><strong>Alexey, 32 ans:<\/strong> Une machine \u00e0 sous fantastique avec une excellente graphique. La fonction &lsquo;Hold and Win&rsquo; ajoute vraiment de l&rsquo;excitation et des chances de grosses victoires! Derni\u00e8rement, j&rsquo;ai remarqu\u00e9 que je ne choisis que des machines \u00e0 sous avec la fonction Hold and Win.<\/li>\n<li><strong>Marina, 28 ans:<\/strong> Je suis ravie du th\u00e8me azt\u00e8que dans &lsquo;Aztec Fire&rsquo;. Chaque rotation apporte un sentiment d&rsquo;aventure. Cependant, parfois, il semble assez difficile de gagner. Cette sensation survient souvent en jouant aux machines \u00e0 sous.<\/li>\n<li><strong>Igor, 35 ans:<\/strong> Une de mes machines \u00e0 sous pr\u00e9f\u00e9r\u00e9es! Le jeu bonus &lsquo;Hold and Win&rsquo; vaut la peine d&rsquo;\u00eatre jou\u00e9. Tr\u00e8s satisfait du design et de l&rsquo;animation. Le genre de machine \u00e0 sous que je jouerai m\u00eame apr\u00e8s 10 ans.<\/li>\n<li><strong>Elena, 30 ans:<\/strong> Une excellente machine \u00e0 sous pour les fans de la culture azt\u00e8que. J&rsquo;ai jou\u00e9 quelques fois et j&rsquo;ai \u00e9t\u00e9 agr\u00e9ablement surpris par la fr\u00e9quence des tours bonus. Gr\u00e2ce aux bonus, vous pouvez gagner et maintenir un solde positif.<\/li>\n<li><strong>Dmitry, 40 ans:<\/strong> Aztec Fire est une bonne machine \u00e0 sous, mais parfois, il semble que les bonus se produisent trop rarement. N\u00e9anmoins, l&rsquo;impression g\u00e9n\u00e9rale est positive. Je ne peux pas dire que c&rsquo;est ma machine \u00e0 sous pr\u00e9f\u00e9r\u00e9e, mais &lsquo;Aztec Fire&rsquo; laisse une impression vraiment positive.<\/li>\n<li><strong>Olga, 26 ans:<\/strong> Je suis ravie de &lsquo;Aztec Fire: Hold and Win&rsquo;! C&rsquo;est un jeu avec de beaux graphismes et des fonctionnalit\u00e9s int\u00e9ressantes. Les bonus rendent le jeu particuli\u00e8rement excitant. J&rsquo;ai jou\u00e9 avant et je jouerai encore.<\/li>\n<li><strong>Anton, 37 ans:<\/strong> La machine \u00e0 sous est d\u00e9cente, mais je pense qu&rsquo;elle convient davantage aux joueurs exp\u00e9riment\u00e9s en raison de sa complexit\u00e9 et de ses nombreuses fonctionnalit\u00e9s. Il y a trop d&rsquo;informations \u00e0 retenir. Je ne recommanderai certainement pas la machine \u00e0 sous aux nouveaux joueurs qui commencent leur aventure dans le jeu.<\/li>\n<li><strong>Svetlana, 29 ans:<\/strong> Aztec Fire est devenu l&rsquo;un de mes pr\u00e9f\u00e9r\u00e9s. J&rsquo;aime particuli\u00e8rement quand &lsquo;Hold and Win&rsquo; est activ\u00e9 ; les chances de gagner augmentent ! C&rsquo;est vraiment une super fonctionnalit\u00e9.<\/li>\n<li><strong>Nikolay, 42 ans:<\/strong> J&rsquo;ai jou\u00e9 &lsquo;Aztec Fire&rsquo; plusieurs fois et j&rsquo;ai appr\u00e9ci\u00e9. Bien que les gains ne soient pas toujours gros, le jeu est captivant et divertissant. Un tr\u00e8s bon moyen de passer le temps.<\/li>\n<li><strong>Katya, 34 ans:<\/strong> J&rsquo;adore le th\u00e8me azt\u00e8que, et &lsquo;Aztec Fire: Hold and Win&rsquo; ne m&rsquo;a pas d\u00e9\u00e7u. Les graphismes et les sons sont de haute qualit\u00e9, et les tours bonus ajoutent de l&rsquo;excitation. Une excellente machine \u00e0 sous.<\/li>\n<\/ol>\n","protected":false},"excerpt":{"rendered":"<p>Nous avons recueilli des opinions, des avis et des retours de joueurs sur la machine \u00e0 sous Aztec Fire: Hold and Win, qui vous aideront \u00e0 vous faire votre propre opinion sur le jeu. Alexey, 32 ans: Une machine \u00e0 sous fantastique avec une excellente graphique. La fonction &lsquo;Hold and Win&rsquo; ajoute vraiment de l&rsquo;excitation et des chances de grosses victoires! Derni\u00e8rement, j&rsquo;ai remarqu\u00e9 que je ne choisis que des machines \u00e0 sous avec la&hellip; <\/p>\n","protected":false},"author":1,"featured_media":0,"parent":0,"menu_order":0,"comment_status":"closed","ping_status":"closed","template":"","meta":{"footnotes":""},"class_list":["post-13","page","type-page","status-publish","hentry"],"yoast_head":"<!-- This site is optimized with the Yoast SEO plugin v27.2 - https:\/\/yoast.com\/product\/yoast-seo-wordpress\/ -->\n<title>Rese\u00f1as de Jugadores sobre la Tragamonedas Aztec Fire: Hold and Win<\/title>\n<meta name=\"description\" content=\"Opinions, avis et vue d&#039;ensemble de la machine \u00e0 sous Aztec Fire: Hold and Win de la part de vrais joueurs. Retours honn\u00eates.\" \/>\n<meta name=\"robots\" content=\"index, follow, max-snippet:-1, max-image-preview:large, max-video-preview:-1\" \/>\n<link rel=\"canonical\" href=\"https:\/\/slotofaztec.com\/fr\/player-reviews\/\" \/>\n<meta property=\"og:locale\" content=\"fr_FR\" \/>\n<meta property=\"og:locale:alternate\" content=\"ru_RU\" \/>\n<meta property=\"og:locale:alternate\" content=\"en_US\" \/>\n<meta property=\"og:locale:alternate\" content=\"pt_PT\" \/>\n<meta property=\"og:locale:alternate\" content=\"es_ES\" \/>\n<meta property=\"og:locale:alternate\" content=\"sr_RS\" \/>\n<meta property=\"og:locale:alternate\" content=\"bg_BG\" \/>\n<meta property=\"og:locale:alternate\" content=\"pl_PL\" \/>\n<meta property=\"og:locale:alternate\" content=\"it_IT\" \/>\n<meta property=\"og:type\" content=\"article\" \/>\n<meta property=\"og:title\" content=\"Rese\u00f1as de Jugadores sobre la Tragamonedas Aztec Fire: Hold and Win\" \/>\n<meta property=\"og:description\" content=\"Opiniones, rese\u00f1as y descripci\u00f3n de la tragamonedas Aztec Fire: Hold and Win por jugadores reales. Comentarios honestos.\" \/>\n<meta property=\"og:url\" content=\"https:\/\/slotofaztec.com\/fr\/player-reviews\/\" \/>\n<meta property=\"og:site_name\" content=\"Aztec Fire\" \/>\n<meta property=\"article:modified_time\" content=\"2024-03-22T15:44:48+00:00\" \/>\n<meta name=\"twitter:card\" content=\"summary_large_image\" \/>\n<meta name=\"twitter:label1\" content=\"Dur\u00e9e de lecture estim\u00e9e\" \/>\n\t<meta name=\"twitter:data1\" content=\"13 minutes\" \/>\n<script type=\"application\/ld+json\" class=\"yoast-schema-graph\">{\"@context\":\"https:\/\/schema.org\",\"@graph\":[{\"@type\":\"WebPage\",\"@id\":\"https:\/\/slotofaztec.com\/es\/player-reviews\/\",\"url\":\"https:\/\/slotofaztec.com\/es\/player-reviews\/\",\"name\":\"Rese\u00f1as de Jugadores sobre la Tragamonedas Aztec Fire: Hold and Win\",\"isPartOf\":{\"@id\":\"https:\/\/slotofaztec.com\/#website\"},\"datePublished\":\"2024-01-07T23:03:25+00:00\",\"dateModified\":\"2024-03-22T15:44:48+00:00\",\"description\":\"Opiniones, rese\u00f1as y descripci\u00f3n de la tragamonedas Aztec Fire: Hold and Win por jugadores reales. Comentarios honestos.\",\"breadcrumb\":{\"@id\":\"https:\/\/slotofaztec.com\/es\/player-reviews\/#breadcrumb\"},\"inLanguage\":\"fr-FR\",\"potentialAction\":[{\"@type\":\"ReadAction\",\"target\":[\"https:\/\/slotofaztec.com\/es\/player-reviews\/\"]}]},{\"@type\":\"BreadcrumbList\",\"@id\":\"https:\/\/slotofaztec.com\/es\/player-reviews\/#breadcrumb\",\"itemListElement\":[{\"@type\":\"ListItem\",\"position\":1,\"name\":\"Home\",\"item\":\"https:\/\/slotofaztec.com\/\"},{\"@type\":\"ListItem\",\"position\":2,\"name\":\"Rese\u00f1as de Jugadores\"}]},{\"@type\":\"WebSite\",\"@id\":\"https:\/\/slotofaztec.com\/#website\",\"url\":\"https:\/\/slotofaztec.com\/\",\"name\":\"Aztec Fire\",\"description\":\"\",\"publisher\":{\"@id\":\"https:\/\/slotofaztec.com\/#organization\"},\"potentialAction\":[{\"@type\":\"SearchAction\",\"target\":{\"@type\":\"EntryPoint\",\"urlTemplate\":\"https:\/\/slotofaztec.com\/?s={search_term_string}\"},\"query-input\":{\"@type\":\"PropertyValueSpecification\",\"valueRequired\":true,\"valueName\":\"search_term_string\"}}],\"inLanguage\":\"fr-FR\"},{\"@type\":\"Organization\",\"@id\":\"https:\/\/slotofaztec.com\/#organization\",\"name\":\"Aztec Fire\",\"url\":\"https:\/\/slotofaztec.com\/\",\"logo\":{\"@type\":\"ImageObject\",\"inLanguage\":\"fr-FR\",\"@id\":\"https:\/\/slotofaztec.com\/#\/schema\/logo\/image\/\",\"url\":\"https:\/\/slotofaztec.com\/wp-content\/uploads\/2024\/01\/aztec_fire_logo_ekcvl_200x200.png\",\"contentUrl\":\"https:\/\/slotofaztec.com\/wp-content\/uploads\/2024\/01\/aztec_fire_logo_ekcvl_200x200.png\",\"width\":200,\"height\":200,\"caption\":\"Aztec Fire\"},\"image\":{\"@id\":\"https:\/\/slotofaztec.com\/#\/schema\/logo\/image\/\"}}]}<\/script>\n<!-- \/ Yoast SEO plugin. -->","yoast_head_json":{"title":"Rese\u00f1as de Jugadores sobre la Tragamonedas Aztec Fire: Hold and Win","description":"Opinions, avis et vue d'ensemble de la machine \u00e0 sous Aztec Fire: Hold and Win de la part de vrais joueurs. Retours honn\u00eates.","robots":{"index":"index","follow":"follow","max-snippet":"max-snippet:-1","max-image-preview":"max-image-preview:large","max-video-preview":"max-video-preview:-1"},"canonical":"https:\/\/slotofaztec.com\/fr\/player-reviews\/","og_locale":"fr_FR","og_type":"article","og_title":"Rese\u00f1as de Jugadores sobre la Tragamonedas Aztec Fire: Hold and Win","og_description":"Opiniones, rese\u00f1as y descripci\u00f3n de la tragamonedas Aztec Fire: Hold and Win por jugadores reales. Comentarios honestos.","og_url":"https:\/\/slotofaztec.com\/fr\/player-reviews\/","og_site_name":"Aztec Fire","article_modified_time":"2024-03-22T15:44:48+00:00","twitter_card":"summary_large_image","twitter_misc":{"Dur\u00e9e de lecture estim\u00e9e":"13 minutes"},"schema":{"@context":"https:\/\/schema.org","@graph":[{"@type":"WebPage","@id":"https:\/\/slotofaztec.com\/es\/player-reviews\/","url":"https:\/\/slotofaztec.com\/es\/player-reviews\/","name":"Rese\u00f1as de Jugadores sobre la Tragamonedas Aztec Fire: Hold and Win","isPartOf":{"@id":"https:\/\/slotofaztec.com\/#website"},"datePublished":"2024-01-07T23:03:25+00:00","dateModified":"2024-03-22T15:44:48+00:00","description":"Opiniones, rese\u00f1as y descripci\u00f3n de la tragamonedas Aztec Fire: Hold and Win por jugadores reales. Comentarios honestos.","breadcrumb":{"@id":"https:\/\/slotofaztec.com\/es\/player-reviews\/#breadcrumb"},"inLanguage":"fr-FR","potentialAction":[{"@type":"ReadAction","target":["https:\/\/slotofaztec.com\/es\/player-reviews\/"]}]},{"@type":"BreadcrumbList","@id":"https:\/\/slotofaztec.com\/es\/player-reviews\/#breadcrumb","itemListElement":[{"@type":"ListItem","position":1,"name":"Home","item":"https:\/\/slotofaztec.com\/"},{"@type":"ListItem","position":2,"name":"Rese\u00f1as de Jugadores"}]},{"@type":"WebSite","@id":"https:\/\/slotofaztec.com\/#website","url":"https:\/\/slotofaztec.com\/","name":"Aztec Fire","description":"","publisher":{"@id":"https:\/\/slotofaztec.com\/#organization"},"potentialAction":[{"@type":"SearchAction","target":{"@type":"EntryPoint","urlTemplate":"https:\/\/slotofaztec.com\/?s={search_term_string}"},"query-input":{"@type":"PropertyValueSpecification","valueRequired":true,"valueName":"search_term_string"}}],"inLanguage":"fr-FR"},{"@type":"Organization","@id":"https:\/\/slotofaztec.com\/#organization","name":"Aztec Fire","url":"https:\/\/slotofaztec.com\/","logo":{"@type":"ImageObject","inLanguage":"fr-FR","@id":"https:\/\/slotofaztec.com\/#\/schema\/logo\/image\/","url":"https:\/\/slotofaztec.com\/wp-content\/uploads\/2024\/01\/aztec_fire_logo_ekcvl_200x200.png","contentUrl":"https:\/\/slotofaztec.com\/wp-content\/uploads\/2024\/01\/aztec_fire_logo_ekcvl_200x200.png","width":200,"height":200,"caption":"Aztec Fire"},"image":{"@id":"https:\/\/slotofaztec.com\/#\/schema\/logo\/image\/"}}]}},"_links":{"self":[{"href":"https:\/\/slotofaztec.com\/fr\/wp-json\/wp\/v2\/pages\/13","targetHints":{"allow":["GET"]}}],"collection":[{"href":"https:\/\/slotofaztec.com\/fr\/wp-json\/wp\/v2\/pages"}],"about":[{"href":"https:\/\/slotofaztec.com\/fr\/wp-json\/wp\/v2\/types\/page"}],"author":[{"embeddable":true,"href":"https:\/\/slotofaztec.com\/fr\/wp-json\/wp\/v2\/users\/1"}],"replies":[{"embeddable":true,"href":"https:\/\/slotofaztec.com\/fr\/wp-json\/wp\/v2\/comments?post=13"}],"version-history":[{"count":26,"href":"https:\/\/slotofaztec.com\/fr\/wp-json\/wp\/v2\/pages\/13\/revisions"}],"predecessor-version":[{"id":127,"href":"https:\/\/slotofaztec.com\/fr\/wp-json\/wp\/v2\/pages\/13\/revisions\/127"}],"wp:attachment":[{"href":"https:\/\/slotofaztec.com\/fr\/wp-json\/wp\/v2\/media?parent=13"}],"curies":[{"name":"wp","href":"https:\/\/api.w.org\/{rel}","templated":true}]}}