{"id":11,"date":"2024-01-07T23:02:26","date_gmt":"2024-01-07T23:02:26","guid":{"rendered":"https:\/\/slotofaztec.com\/?page_id=11"},"modified":"2024-03-22T15:44:55","modified_gmt":"2024-03-22T15:44:55","slug":"re-spins-and-free-spins-in-aztec-fire","status":"publish","type":"page","link":"https:\/\/slotofaztec.com\/fr\/re-spins-and-free-spins-in-aztec-fire\/","title":{"rendered":"Re-spins et tours gratuits dans Aztec Fire"},"content":{"rendered":"<p>Au niveau bonus, le joueur re\u00e7oit initialement trois respins, et \u00e0 chaque fois qu&rsquo;un nouveau symbole bonus appara\u00eet, le compteur des tours gratuits est r\u00e9initialis\u00e9 \u00e0 trois lancements. Dans cette ronde, des symboles de jackpot sp\u00e9ciaux peuvent appara\u00eetre de mani\u00e8re al\u00e9atoire \u00e0 l&rsquo;\u00e9cran. Le prix maximum est impl\u00e9ment\u00e9 sous trois formats : Mini, Mineur, Majeur et Grand, qui rapportent au parieur un gain de vingt, cinquante, cent ou mille fois la mise. Le bonus se poursuit jusqu&rsquo;\u00e0 ce que toute la grille du champ de jeu soit remplie d&rsquo;ic\u00f4nes bonus. Si le joueur parvient \u00e0 collecter 40 symboles bonus, il re\u00e7oit le Jackpot Royal, d\u00e9passant la taille de la mise initiale de 10 000 fois.<\/p>\n<p>Une autre caract\u00e9ristique rentable de la machine \u00e0 sous Aztec Fire est les tours gratuits. La fonction est activ\u00e9e par trois ou plusieurs symboles de dispersion sur les rouleaux. Pour trois symboles de dispersion, le joueur re\u00e7oit 8 tours gratuits avec une r\u00e9compense en argent instantan\u00e9e, deux fois la mise plac\u00e9e. Le bonus est jou\u00e9 de la m\u00eame mani\u00e8re que dans le jeu de base. Cependant, il y a une caract\u00e9ristique int\u00e9ressante : pendant la s\u00e9rie de tours gratuits, seuls des symboles de grande valeur apparaissent \u00e0 l&rsquo;\u00e9cran. Les tours gratuits sont renouvelables. Si deux ou plus de symboles de dispersion apparaissent sur les rouleaux pendant les tours gratuits, le joueur re\u00e7oit trois tours gratuits suppl\u00e9mentaires.<\/p>\n<p>La machine \u00e0 sous Aztec Fire: Hold and Win jouit d&rsquo;une immense popularit\u00e9 parmi les joueurs. La machine \u00e0 sous permet aux joueurs de gagner un jackpot assez important gr\u00e2ce \u00e0 la m\u00e9canique de jeu unique et \u00e0 la pr\u00e9sence de fonctionnalit\u00e9s bonus rentables. Les tours gratuits, les respins, les symboles sp\u00e9ciaux et bonus, quatre options de jackpot, des multiplicateurs al\u00e9atoires, des rouleaux expansifs &#8211; voil\u00e0 des avantages importants du mod\u00e8le de jeu. La pr\u00e9sence d&rsquo;options suppl\u00e9mentaires peut consid\u00e9rablement augmenter la r\u00e9compense mon\u00e9taire du joueur et apporter le prix d\u00e9sir\u00e9 \u00e0 10 000 fois la mise. La machine \u00e0 sous se caract\u00e9rise par de superbes graphismes et des animations impressionnantes, un accompagnement sonore attrayant et une intrigue passionnante.<\/p>\n","protected":false},"excerpt":{"rendered":"<p>Au niveau bonus, le joueur re\u00e7oit initialement trois respins, et \u00e0 chaque fois qu&rsquo;un nouveau symbole bonus appara\u00eet, le compteur des tours gratuits est r\u00e9initialis\u00e9 \u00e0 trois lancements. Dans cette ronde, des symboles de jackpot sp\u00e9ciaux peuvent appara\u00eetre de mani\u00e8re al\u00e9atoire \u00e0 l&rsquo;\u00e9cran. Le prix maximum est impl\u00e9ment\u00e9 sous trois formats : Mini, Mineur, Majeur et Grand, qui rapportent au parieur un gain de vingt, cinquante, cent ou mille fois la mise. Le bonus se&hellip; <\/p>\n","protected":false},"author":1,"featured_media":0,"parent":0,"menu_order":0,"comment_status":"closed","ping_status":"closed","template":"","meta":{"footnotes":""},"class_list":["post-11","page","type-page","status-publish","hentry"],"yoast_head":"<!-- This site is optimized with the Yoast SEO plugin v27.2 - https:\/\/yoast.com\/product\/yoast-seo-wordpress\/ -->\n<title>Jugar Gratis en la Tragamonedas Aztec Fire: Hold and Win<\/title>\n<meta name=\"description\" content=\"Jouez \u00e0 la version de d\u00e9monstration et profitez de jouer gratuitement \u00e0 la machine \u00e0 sous Aztec Fire: Hold and Win. Obtenez des tours gratuits dans la machine \u00e0 sous Aztec Fire: Hold and Win.\" \/>\n<meta name=\"robots\" content=\"index, follow, max-snippet:-1, max-image-preview:large, max-video-preview:-1\" \/>\n<link rel=\"canonical\" href=\"https:\/\/slotofaztec.com\/fr\/re-spins-and-free-spins-in-aztec-fire\/\" \/>\n<meta property=\"og:locale\" content=\"fr_FR\" \/>\n<meta property=\"og:locale:alternate\" content=\"ru_RU\" \/>\n<meta property=\"og:locale:alternate\" content=\"en_US\" \/>\n<meta property=\"og:locale:alternate\" content=\"pt_PT\" \/>\n<meta property=\"og:locale:alternate\" content=\"es_ES\" \/>\n<meta property=\"og:locale:alternate\" content=\"sr_RS\" \/>\n<meta property=\"og:locale:alternate\" content=\"bg_BG\" \/>\n<meta property=\"og:locale:alternate\" content=\"pl_PL\" \/>\n<meta property=\"og:locale:alternate\" content=\"it_IT\" \/>\n<meta property=\"og:type\" content=\"article\" \/>\n<meta property=\"og:title\" content=\"Jugar Gratis en la Tragamonedas Aztec Fire: Hold and Win\" \/>\n<meta property=\"og:description\" content=\"Juega la versi\u00f3n de demostraci\u00f3n y disfruta jugando gratis en la tragamonedas Aztec Fire: Hold and Win. Obt\u00e9n giros gratis en la tragamonedas Aztec Fire: Hold and Win.\" \/>\n<meta property=\"og:url\" content=\"https:\/\/slotofaztec.com\/fr\/re-spins-and-free-spins-in-aztec-fire\/\" \/>\n<meta property=\"og:site_name\" content=\"Aztec Fire\" \/>\n<meta property=\"article:modified_time\" content=\"2024-03-22T15:44:55+00:00\" \/>\n<meta name=\"twitter:card\" content=\"summary_large_image\" \/>\n<meta name=\"twitter:label1\" content=\"Dur\u00e9e de lecture estim\u00e9e\" \/>\n\t<meta name=\"twitter:data1\" content=\"10 minutes\" \/>\n<script type=\"application\/ld+json\" class=\"yoast-schema-graph\">{\"@context\":\"https:\/\/schema.org\",\"@graph\":[{\"@type\":\"WebPage\",\"@id\":\"https:\/\/slotofaztec.com\/es\/re-spins-and-free-spins-in-aztec-fire\/\",\"url\":\"https:\/\/slotofaztec.com\/es\/re-spins-and-free-spins-in-aztec-fire\/\",\"name\":\"Jugar Gratis en la Tragamonedas Aztec Fire: Hold and Win\",\"isPartOf\":{\"@id\":\"https:\/\/slotofaztec.com\/#website\"},\"datePublished\":\"2024-01-07T23:02:26+00:00\",\"dateModified\":\"2024-03-22T15:44:55+00:00\",\"description\":\"Juega la versi\u00f3n de demostraci\u00f3n y disfruta jugando gratis en la tragamonedas Aztec Fire: Hold and Win. Obt\u00e9n giros gratis en la tragamonedas Aztec Fire: Hold and Win.\",\"breadcrumb\":{\"@id\":\"https:\/\/slotofaztec.com\/es\/re-spins-and-free-spins-in-aztec-fire\/#breadcrumb\"},\"inLanguage\":\"fr-FR\",\"potentialAction\":[{\"@type\":\"ReadAction\",\"target\":[\"https:\/\/slotofaztec.com\/es\/re-spins-and-free-spins-in-aztec-fire\/\"]}]},{\"@type\":\"BreadcrumbList\",\"@id\":\"https:\/\/slotofaztec.com\/es\/re-spins-and-free-spins-in-aztec-fire\/#breadcrumb\",\"itemListElement\":[{\"@type\":\"ListItem\",\"position\":1,\"name\":\"Home\",\"item\":\"https:\/\/slotofaztec.com\/\"},{\"@type\":\"ListItem\",\"position\":2,\"name\":\"Re-spins y giros gratis en Aztec Fire\"}]},{\"@type\":\"WebSite\",\"@id\":\"https:\/\/slotofaztec.com\/#website\",\"url\":\"https:\/\/slotofaztec.com\/\",\"name\":\"Aztec Fire\",\"description\":\"\",\"publisher\":{\"@id\":\"https:\/\/slotofaztec.com\/#organization\"},\"potentialAction\":[{\"@type\":\"SearchAction\",\"target\":{\"@type\":\"EntryPoint\",\"urlTemplate\":\"https:\/\/slotofaztec.com\/?s={search_term_string}\"},\"query-input\":{\"@type\":\"PropertyValueSpecification\",\"valueRequired\":true,\"valueName\":\"search_term_string\"}}],\"inLanguage\":\"fr-FR\"},{\"@type\":\"Organization\",\"@id\":\"https:\/\/slotofaztec.com\/#organization\",\"name\":\"Aztec Fire\",\"url\":\"https:\/\/slotofaztec.com\/\",\"logo\":{\"@type\":\"ImageObject\",\"inLanguage\":\"fr-FR\",\"@id\":\"https:\/\/slotofaztec.com\/#\/schema\/logo\/image\/\",\"url\":\"https:\/\/slotofaztec.com\/wp-content\/uploads\/2024\/01\/aztec_fire_logo_ekcvl_200x200.png\",\"contentUrl\":\"https:\/\/slotofaztec.com\/wp-content\/uploads\/2024\/01\/aztec_fire_logo_ekcvl_200x200.png\",\"width\":200,\"height\":200,\"caption\":\"Aztec Fire\"},\"image\":{\"@id\":\"https:\/\/slotofaztec.com\/#\/schema\/logo\/image\/\"}}]}<\/script>\n<!-- \/ Yoast SEO plugin. -->","yoast_head_json":{"title":"Jugar Gratis en la Tragamonedas Aztec Fire: Hold and Win","description":"Jouez \u00e0 la version de d\u00e9monstration et profitez de jouer gratuitement \u00e0 la machine \u00e0 sous Aztec Fire: Hold and Win. Obtenez des tours gratuits dans la machine \u00e0 sous Aztec Fire: Hold and Win.","robots":{"index":"index","follow":"follow","max-snippet":"max-snippet:-1","max-image-preview":"max-image-preview:large","max-video-preview":"max-video-preview:-1"},"canonical":"https:\/\/slotofaztec.com\/fr\/re-spins-and-free-spins-in-aztec-fire\/","og_locale":"fr_FR","og_type":"article","og_title":"Jugar Gratis en la Tragamonedas Aztec Fire: Hold and Win","og_description":"Juega la versi\u00f3n de demostraci\u00f3n y disfruta jugando gratis en la tragamonedas Aztec Fire: Hold and Win. Obt\u00e9n giros gratis en la tragamonedas Aztec Fire: Hold and Win.","og_url":"https:\/\/slotofaztec.com\/fr\/re-spins-and-free-spins-in-aztec-fire\/","og_site_name":"Aztec Fire","article_modified_time":"2024-03-22T15:44:55+00:00","twitter_card":"summary_large_image","twitter_misc":{"Dur\u00e9e de lecture estim\u00e9e":"10 minutes"},"schema":{"@context":"https:\/\/schema.org","@graph":[{"@type":"WebPage","@id":"https:\/\/slotofaztec.com\/es\/re-spins-and-free-spins-in-aztec-fire\/","url":"https:\/\/slotofaztec.com\/es\/re-spins-and-free-spins-in-aztec-fire\/","name":"Jugar Gratis en la Tragamonedas Aztec Fire: Hold and Win","isPartOf":{"@id":"https:\/\/slotofaztec.com\/#website"},"datePublished":"2024-01-07T23:02:26+00:00","dateModified":"2024-03-22T15:44:55+00:00","description":"Juega la versi\u00f3n de demostraci\u00f3n y disfruta jugando gratis en la tragamonedas Aztec Fire: Hold and Win. Obt\u00e9n giros gratis en la tragamonedas Aztec Fire: Hold and Win.","breadcrumb":{"@id":"https:\/\/slotofaztec.com\/es\/re-spins-and-free-spins-in-aztec-fire\/#breadcrumb"},"inLanguage":"fr-FR","potentialAction":[{"@type":"ReadAction","target":["https:\/\/slotofaztec.com\/es\/re-spins-and-free-spins-in-aztec-fire\/"]}]},{"@type":"BreadcrumbList","@id":"https:\/\/slotofaztec.com\/es\/re-spins-and-free-spins-in-aztec-fire\/#breadcrumb","itemListElement":[{"@type":"ListItem","position":1,"name":"Home","item":"https:\/\/slotofaztec.com\/"},{"@type":"ListItem","position":2,"name":"Re-spins y giros gratis en Aztec Fire"}]},{"@type":"WebSite","@id":"https:\/\/slotofaztec.com\/#website","url":"https:\/\/slotofaztec.com\/","name":"Aztec Fire","description":"","publisher":{"@id":"https:\/\/slotofaztec.com\/#organization"},"potentialAction":[{"@type":"SearchAction","target":{"@type":"EntryPoint","urlTemplate":"https:\/\/slotofaztec.com\/?s={search_term_string}"},"query-input":{"@type":"PropertyValueSpecification","valueRequired":true,"valueName":"search_term_string"}}],"inLanguage":"fr-FR"},{"@type":"Organization","@id":"https:\/\/slotofaztec.com\/#organization","name":"Aztec Fire","url":"https:\/\/slotofaztec.com\/","logo":{"@type":"ImageObject","inLanguage":"fr-FR","@id":"https:\/\/slotofaztec.com\/#\/schema\/logo\/image\/","url":"https:\/\/slotofaztec.com\/wp-content\/uploads\/2024\/01\/aztec_fire_logo_ekcvl_200x200.png","contentUrl":"https:\/\/slotofaztec.com\/wp-content\/uploads\/2024\/01\/aztec_fire_logo_ekcvl_200x200.png","width":200,"height":200,"caption":"Aztec Fire"},"image":{"@id":"https:\/\/slotofaztec.com\/#\/schema\/logo\/image\/"}}]}},"_links":{"self":[{"href":"https:\/\/slotofaztec.com\/fr\/wp-json\/wp\/v2\/pages\/11","targetHints":{"allow":["GET"]}}],"collection":[{"href":"https:\/\/slotofaztec.com\/fr\/wp-json\/wp\/v2\/pages"}],"about":[{"href":"https:\/\/slotofaztec.com\/fr\/wp-json\/wp\/v2\/types\/page"}],"author":[{"embeddable":true,"href":"https:\/\/slotofaztec.com\/fr\/wp-json\/wp\/v2\/users\/1"}],"replies":[{"embeddable":true,"href":"https:\/\/slotofaztec.com\/fr\/wp-json\/wp\/v2\/comments?post=11"}],"version-history":[{"count":18,"href":"https:\/\/slotofaztec.com\/fr\/wp-json\/wp\/v2\/pages\/11\/revisions"}],"predecessor-version":[{"id":128,"href":"https:\/\/slotofaztec.com\/fr\/wp-json\/wp\/v2\/pages\/11\/revisions\/128"}],"wp:attachment":[{"href":"https:\/\/slotofaztec.com\/fr\/wp-json\/wp\/v2\/media?parent=11"}],"curies":[{"name":"wp","href":"https:\/\/api.w.org\/{rel}","templated":true}]}}