{"id":8,"date":"2024-01-07T23:01:26","date_gmt":"2024-01-07T23:01:26","guid":{"rendered":"https:\/\/slotofaztec.com\/?page_id=8"},"modified":"2024-03-22T15:45:03","modified_gmt":"2024-03-22T15:45:03","slug":"the-gameplay-of-the-video-slot-aztec-fire-hold-and-win","status":"publish","type":"page","link":"https:\/\/slotofaztec.com\/es\/the-gameplay-of-the-video-slot-aztec-fire-hold-and-win\/","title":{"rendered":"La jugabilidad de la tragamonedas de video Aztec Fire: Hold and Win"},"content":{"rendered":"<p>Viajar por las selvas de Am\u00e9rica Central puede llevar a los jugadores a riquezas incalculables. La jugabilidad de la tragamonedas se centra en la opci\u00f3n de vueltas adicionales, ya que la tragamonedas a menudo otorga vueltas adicionales con funciones adicionales. Las opciones auxiliares entran en juego tanto en el juego base como en las rondas de bonificaci\u00f3n.<\/p>\n<p>Al iniciar la tragamonedas, los jugadores son transportados a una ubicaci\u00f3n bellamente dise\u00f1ada en la jungla virtual. Los ocho s\u00edmbolos principales de la tragamonedas se dividen en dos categor\u00edas: iconos menos costosos y altamente remunerados. Las combinaciones con las cartas de juego cl\u00e1sicas ofrecen peque\u00f1os pagos. Las im\u00e1genes de los aztecas y los animales generan ganancias sustanciales. Caracter\u00edsticas de las funciones de bonificaci\u00f3n de la tragamonedas:<\/p>\n<ul>\n<li>El bono tem\u00e1tico ocupa un lugar central en el juego.<\/li>\n<li>La opci\u00f3n Hold and Win se puede activar en cualquier etapa del juego.<\/li>\n<li>El bono se activa con 6 o m\u00e1s s\u00edmbolos de bonificaci\u00f3n.<\/li>\n<li>Los s\u00edmbolos de bonificaci\u00f3n tienen multiplicadores aleatorios de x1 a x12.<\/li>\n<li>Los iconos se adhieren a los carretes y comienza el nivel de bonificaci\u00f3n.<\/li>\n<\/ul>\n<p>En la ronda tem\u00e1tica, solo aparecen s\u00edmbolos de bonificaci\u00f3n en la pantalla. La funci\u00f3n Hold and Win se activa en la cuadr\u00edcula est\u00e1ndar del campo de juego, pero despu\u00e9s de activar la opci\u00f3n, los carretes se expanden cuando hay varios \u00edconos de bonificaci\u00f3n presentes. De 10 a 25 im\u00e1genes abren filas adicionales en los carretes: la fila 5, 6, 7 y 8 para 10, 15, 20 y 25 \u00edconos de bonificaci\u00f3n, respectivamente.<\/p>\n<h2>S\u00edmbolos de la tragamonedas Aztec Fire: Hold and Win:<\/h2>\n<ol>\n<li><strong>Iconos B\u00e1sicos:<\/strong> Estas son im\u00e1genes relacionadas con la cultura azteca, incluyendo estatuas doradas, m\u00e1scaras aztecas, piedras preciosas, as\u00ed como cartas de juego est\u00e1ndar (por ejemplo, del diez al as).<\/li>\n<li><strong>S\u00edmbolo Wild (Comod\u00edn):<\/strong> Este es un \u00edcono especial que puede sustituir a la mayor\u00eda de los otros s\u00edmbolos para formar combinaciones ganadoras.<\/li>\n<li><strong>S\u00edmbolo de Scatter (Dispersi\u00f3n):<\/strong> Este s\u00edmbolo a menudo activa rondas de bonificaci\u00f3n o giros gratis cuando aparece un cierto n\u00famero de estos \u00edconos en los carretes.<\/li>\n<li><strong>Icono de bonificaci\u00f3n:<\/strong> En las tragamonedas con la funci\u00f3n \u00abHold and Win\u00bb, a menudo est\u00e1n presentes s\u00edmbolos de bonificaci\u00f3n especiales que pueden activar rondas especiales donde los jugadores tienen la oportunidad de ganar premios adicionales o jackpots.<\/li>\n<li><strong>Icono de Jackpot:<\/strong> Este icono, asociado con el jackpot, brinda la oportunidad de ganar sumas grandes cuando se alinean en un orden espec\u00edfico.<\/li>\n<\/ol>\n","protected":false},"excerpt":{"rendered":"<p>Viajar por las selvas de Am\u00e9rica Central puede llevar a los jugadores a riquezas incalculables. La jugabilidad de la tragamonedas se centra en la opci\u00f3n de vueltas adicionales, ya que la tragamonedas a menudo otorga vueltas adicionales con funciones adicionales. Las opciones auxiliares entran en juego tanto en el juego base como en las rondas de bonificaci\u00f3n. Al iniciar la tragamonedas, los jugadores son transportados a una ubicaci\u00f3n bellamente dise\u00f1ada en la jungla virtual. Los&hellip; <\/p>\n","protected":false},"author":1,"featured_media":0,"parent":0,"menu_order":0,"comment_status":"closed","ping_status":"closed","template":"","meta":{"footnotes":""},"class_list":["post-8","page","type-page","status-publish","hentry"],"yoast_head":"<!-- This site is optimized with the Yoast SEO plugin v27.2 - https:\/\/yoast.com\/product\/yoast-seo-wordpress\/ -->\n<title>\u041a\u0430\u043a \u0438\u0433\u0440\u0430\u0442\u044c \u0438 \u043f\u043e\u0431\u0435\u0436\u0434\u0430\u0442\u044c \u0432 Aztec Fire: Hold and Win<\/title>\n<meta name=\"description\" content=\"Si has decidido jugar a Aztec Fire, la oportunidad de ganar dinero real no est\u00e1 tan lejos como parece. Puedes jugar y ganar en Aztec Fire ahora mismo.\" \/>\n<meta name=\"robots\" content=\"index, follow, max-snippet:-1, max-image-preview:large, max-video-preview:-1\" \/>\n<link rel=\"canonical\" href=\"https:\/\/slotofaztec.com\/es\/the-gameplay-of-the-video-slot-aztec-fire-hold-and-win\/\" \/>\n<meta property=\"og:locale\" content=\"es_ES\" \/>\n<meta property=\"og:locale:alternate\" content=\"ru_RU\" \/>\n<meta property=\"og:locale:alternate\" content=\"en_US\" \/>\n<meta property=\"og:locale:alternate\" content=\"pt_PT\" \/>\n<meta property=\"og:locale:alternate\" content=\"sr_RS\" \/>\n<meta property=\"og:locale:alternate\" content=\"bg_BG\" \/>\n<meta property=\"og:locale:alternate\" content=\"pl_PL\" \/>\n<meta property=\"og:locale:alternate\" content=\"it_IT\" \/>\n<meta property=\"og:locale:alternate\" content=\"fr_FR\" \/>\n<meta property=\"og:type\" content=\"article\" \/>\n<meta property=\"og:title\" content=\"\u041a\u0430\u043a \u0438\u0433\u0440\u0430\u0442\u044c \u0438 \u043f\u043e\u0431\u0435\u0436\u0434\u0430\u0442\u044c \u0432 Aztec Fire: Hold and Win\" \/>\n<meta property=\"og:description\" content=\"\u0415\u0441\u043b\u0438 \u0432\u044b \u0440\u0435\u0448\u0438\u043b\u0438 \u0438\u0433\u0440\u0430\u0442\u044c \u0432 Aztec Fire, \u0442\u043e \u0432\u043e\u0437\u043c\u043e\u0436\u043d\u043e\u0441\u0442\u044c \u0432\u044b\u0438\u0433\u0440\u0430\u0442\u044c \u0440\u0435\u0430\u043b\u044c\u043d\u044b\u0435 \u0434\u0435\u043d\u044c\u0433\u0438 \u043d\u0435 \u0442\u0430\u043a \u0434\u0430\u043b\u0435\u043a\u0430, \u043a\u0430\u043a \u043a\u0430\u0436\u0435\u0442\u0441\u044f. \u0418\u0433\u0440\u0430\u0442\u044c \u0438 \u043f\u043e\u0431\u0435\u0436\u0434\u0430\u0442\u044c \u0432 Aztec Fire \u043c\u043e\u0436\u043d\u043e \u0443\u0436\u0435 \u0441\u0435\u0439\u0447\u0430\u0441\" \/>\n<meta property=\"og:url\" content=\"https:\/\/slotofaztec.com\/es\/the-gameplay-of-the-video-slot-aztec-fire-hold-and-win\/\" \/>\n<meta property=\"og:site_name\" content=\"Aztec Fire\" \/>\n<meta property=\"article:modified_time\" content=\"2024-03-22T15:45:03+00:00\" \/>\n<meta name=\"twitter:card\" content=\"summary_large_image\" \/>\n<meta name=\"twitter:label1\" content=\"Tiempo de lectura\" \/>\n\t<meta name=\"twitter:data1\" content=\"12 minutos\" \/>\n<script type=\"application\/ld+json\" class=\"yoast-schema-graph\">{\"@context\":\"https:\/\/schema.org\",\"@graph\":[{\"@type\":\"WebPage\",\"@id\":\"https:\/\/slotofaztec.com\/the-gameplay-of-the-video-slot-aztec-fire-hold-and-win\/\",\"url\":\"https:\/\/slotofaztec.com\/the-gameplay-of-the-video-slot-aztec-fire-hold-and-win\/\",\"name\":\"\u041a\u0430\u043a \u0438\u0433\u0440\u0430\u0442\u044c \u0438 \u043f\u043e\u0431\u0435\u0436\u0434\u0430\u0442\u044c \u0432 Aztec Fire: Hold and Win\",\"isPartOf\":{\"@id\":\"https:\/\/slotofaztec.com\/#website\"},\"datePublished\":\"2024-01-07T23:01:26+00:00\",\"dateModified\":\"2024-03-22T15:45:03+00:00\",\"description\":\"\u0415\u0441\u043b\u0438 \u0432\u044b \u0440\u0435\u0448\u0438\u043b\u0438 \u0438\u0433\u0440\u0430\u0442\u044c \u0432 Aztec Fire, \u0442\u043e \u0432\u043e\u0437\u043c\u043e\u0436\u043d\u043e\u0441\u0442\u044c \u0432\u044b\u0438\u0433\u0440\u0430\u0442\u044c \u0440\u0435\u0430\u043b\u044c\u043d\u044b\u0435 \u0434\u0435\u043d\u044c\u0433\u0438 \u043d\u0435 \u0442\u0430\u043a \u0434\u0430\u043b\u0435\u043a\u0430, \u043a\u0430\u043a \u043a\u0430\u0436\u0435\u0442\u0441\u044f. \u0418\u0433\u0440\u0430\u0442\u044c \u0438 \u043f\u043e\u0431\u0435\u0436\u0434\u0430\u0442\u044c \u0432 Aztec Fire \u043c\u043e\u0436\u043d\u043e \u0443\u0436\u0435 \u0441\u0435\u0439\u0447\u0430\u0441\",\"breadcrumb\":{\"@id\":\"https:\/\/slotofaztec.com\/the-gameplay-of-the-video-slot-aztec-fire-hold-and-win\/#breadcrumb\"},\"inLanguage\":\"es-ES\",\"potentialAction\":[{\"@type\":\"ReadAction\",\"target\":[\"https:\/\/slotofaztec.com\/the-gameplay-of-the-video-slot-aztec-fire-hold-and-win\/\"]}]},{\"@type\":\"BreadcrumbList\",\"@id\":\"https:\/\/slotofaztec.com\/the-gameplay-of-the-video-slot-aztec-fire-hold-and-win\/#breadcrumb\",\"itemListElement\":[{\"@type\":\"ListItem\",\"position\":1,\"name\":\"Home\",\"item\":\"https:\/\/slotofaztec.com\/\"},{\"@type\":\"ListItem\",\"position\":2,\"name\":\"\u041f\u0440\u043e\u0446\u0435\u0441\u0441 \u0438\u0433\u0440\u044b \u0432 \u0432\u0438\u0434\u0435\u043e\u0441\u043b\u043e\u0442\u0435 Aztec Fire: Hold and Win\"}]},{\"@type\":\"WebSite\",\"@id\":\"https:\/\/slotofaztec.com\/#website\",\"url\":\"https:\/\/slotofaztec.com\/\",\"name\":\"Aztec Fire\",\"description\":\"\",\"publisher\":{\"@id\":\"https:\/\/slotofaztec.com\/#organization\"},\"potentialAction\":[{\"@type\":\"SearchAction\",\"target\":{\"@type\":\"EntryPoint\",\"urlTemplate\":\"https:\/\/slotofaztec.com\/?s={search_term_string}\"},\"query-input\":{\"@type\":\"PropertyValueSpecification\",\"valueRequired\":true,\"valueName\":\"search_term_string\"}}],\"inLanguage\":\"es-ES\"},{\"@type\":\"Organization\",\"@id\":\"https:\/\/slotofaztec.com\/#organization\",\"name\":\"Aztec Fire\",\"url\":\"https:\/\/slotofaztec.com\/\",\"logo\":{\"@type\":\"ImageObject\",\"inLanguage\":\"es-ES\",\"@id\":\"https:\/\/slotofaztec.com\/#\/schema\/logo\/image\/\",\"url\":\"https:\/\/slotofaztec.com\/wp-content\/uploads\/2024\/01\/aztec_fire_logo_ekcvl_200x200.png\",\"contentUrl\":\"https:\/\/slotofaztec.com\/wp-content\/uploads\/2024\/01\/aztec_fire_logo_ekcvl_200x200.png\",\"width\":200,\"height\":200,\"caption\":\"Aztec Fire\"},\"image\":{\"@id\":\"https:\/\/slotofaztec.com\/#\/schema\/logo\/image\/\"}}]}<\/script>\n<!-- \/ Yoast SEO plugin. -->","yoast_head_json":{"title":"\u041a\u0430\u043a \u0438\u0433\u0440\u0430\u0442\u044c \u0438 \u043f\u043e\u0431\u0435\u0436\u0434\u0430\u0442\u044c \u0432 Aztec Fire: Hold and Win","description":"Si has decidido jugar a Aztec Fire, la oportunidad de ganar dinero real no est\u00e1 tan lejos como parece. Puedes jugar y ganar en Aztec Fire ahora mismo.","robots":{"index":"index","follow":"follow","max-snippet":"max-snippet:-1","max-image-preview":"max-image-preview:large","max-video-preview":"max-video-preview:-1"},"canonical":"https:\/\/slotofaztec.com\/es\/the-gameplay-of-the-video-slot-aztec-fire-hold-and-win\/","og_locale":"es_ES","og_type":"article","og_title":"\u041a\u0430\u043a \u0438\u0433\u0440\u0430\u0442\u044c \u0438 \u043f\u043e\u0431\u0435\u0436\u0434\u0430\u0442\u044c \u0432 Aztec Fire: Hold and Win","og_description":"\u0415\u0441\u043b\u0438 \u0432\u044b \u0440\u0435\u0448\u0438\u043b\u0438 \u0438\u0433\u0440\u0430\u0442\u044c \u0432 Aztec Fire, \u0442\u043e \u0432\u043e\u0437\u043c\u043e\u0436\u043d\u043e\u0441\u0442\u044c \u0432\u044b\u0438\u0433\u0440\u0430\u0442\u044c \u0440\u0435\u0430\u043b\u044c\u043d\u044b\u0435 \u0434\u0435\u043d\u044c\u0433\u0438 \u043d\u0435 \u0442\u0430\u043a \u0434\u0430\u043b\u0435\u043a\u0430, \u043a\u0430\u043a \u043a\u0430\u0436\u0435\u0442\u0441\u044f. \u0418\u0433\u0440\u0430\u0442\u044c \u0438 \u043f\u043e\u0431\u0435\u0436\u0434\u0430\u0442\u044c \u0432 Aztec Fire \u043c\u043e\u0436\u043d\u043e \u0443\u0436\u0435 \u0441\u0435\u0439\u0447\u0430\u0441","og_url":"https:\/\/slotofaztec.com\/es\/the-gameplay-of-the-video-slot-aztec-fire-hold-and-win\/","og_site_name":"Aztec Fire","article_modified_time":"2024-03-22T15:45:03+00:00","twitter_card":"summary_large_image","twitter_misc":{"Tiempo de lectura":"12 minutos"},"schema":{"@context":"https:\/\/schema.org","@graph":[{"@type":"WebPage","@id":"https:\/\/slotofaztec.com\/the-gameplay-of-the-video-slot-aztec-fire-hold-and-win\/","url":"https:\/\/slotofaztec.com\/the-gameplay-of-the-video-slot-aztec-fire-hold-and-win\/","name":"\u041a\u0430\u043a \u0438\u0433\u0440\u0430\u0442\u044c \u0438 \u043f\u043e\u0431\u0435\u0436\u0434\u0430\u0442\u044c \u0432 Aztec Fire: Hold and Win","isPartOf":{"@id":"https:\/\/slotofaztec.com\/#website"},"datePublished":"2024-01-07T23:01:26+00:00","dateModified":"2024-03-22T15:45:03+00:00","description":"\u0415\u0441\u043b\u0438 \u0432\u044b \u0440\u0435\u0448\u0438\u043b\u0438 \u0438\u0433\u0440\u0430\u0442\u044c \u0432 Aztec Fire, \u0442\u043e \u0432\u043e\u0437\u043c\u043e\u0436\u043d\u043e\u0441\u0442\u044c \u0432\u044b\u0438\u0433\u0440\u0430\u0442\u044c \u0440\u0435\u0430\u043b\u044c\u043d\u044b\u0435 \u0434\u0435\u043d\u044c\u0433\u0438 \u043d\u0435 \u0442\u0430\u043a \u0434\u0430\u043b\u0435\u043a\u0430, \u043a\u0430\u043a \u043a\u0430\u0436\u0435\u0442\u0441\u044f. \u0418\u0433\u0440\u0430\u0442\u044c \u0438 \u043f\u043e\u0431\u0435\u0436\u0434\u0430\u0442\u044c \u0432 Aztec Fire \u043c\u043e\u0436\u043d\u043e \u0443\u0436\u0435 \u0441\u0435\u0439\u0447\u0430\u0441","breadcrumb":{"@id":"https:\/\/slotofaztec.com\/the-gameplay-of-the-video-slot-aztec-fire-hold-and-win\/#breadcrumb"},"inLanguage":"es-ES","potentialAction":[{"@type":"ReadAction","target":["https:\/\/slotofaztec.com\/the-gameplay-of-the-video-slot-aztec-fire-hold-and-win\/"]}]},{"@type":"BreadcrumbList","@id":"https:\/\/slotofaztec.com\/the-gameplay-of-the-video-slot-aztec-fire-hold-and-win\/#breadcrumb","itemListElement":[{"@type":"ListItem","position":1,"name":"Home","item":"https:\/\/slotofaztec.com\/"},{"@type":"ListItem","position":2,"name":"\u041f\u0440\u043e\u0446\u0435\u0441\u0441 \u0438\u0433\u0440\u044b \u0432 \u0432\u0438\u0434\u0435\u043e\u0441\u043b\u043e\u0442\u0435 Aztec Fire: Hold and Win"}]},{"@type":"WebSite","@id":"https:\/\/slotofaztec.com\/#website","url":"https:\/\/slotofaztec.com\/","name":"Aztec Fire","description":"","publisher":{"@id":"https:\/\/slotofaztec.com\/#organization"},"potentialAction":[{"@type":"SearchAction","target":{"@type":"EntryPoint","urlTemplate":"https:\/\/slotofaztec.com\/?s={search_term_string}"},"query-input":{"@type":"PropertyValueSpecification","valueRequired":true,"valueName":"search_term_string"}}],"inLanguage":"es-ES"},{"@type":"Organization","@id":"https:\/\/slotofaztec.com\/#organization","name":"Aztec Fire","url":"https:\/\/slotofaztec.com\/","logo":{"@type":"ImageObject","inLanguage":"es-ES","@id":"https:\/\/slotofaztec.com\/#\/schema\/logo\/image\/","url":"https:\/\/slotofaztec.com\/wp-content\/uploads\/2024\/01\/aztec_fire_logo_ekcvl_200x200.png","contentUrl":"https:\/\/slotofaztec.com\/wp-content\/uploads\/2024\/01\/aztec_fire_logo_ekcvl_200x200.png","width":200,"height":200,"caption":"Aztec Fire"},"image":{"@id":"https:\/\/slotofaztec.com\/#\/schema\/logo\/image\/"}}]}},"_links":{"self":[{"href":"https:\/\/slotofaztec.com\/es\/wp-json\/wp\/v2\/pages\/8","targetHints":{"allow":["GET"]}}],"collection":[{"href":"https:\/\/slotofaztec.com\/es\/wp-json\/wp\/v2\/pages"}],"about":[{"href":"https:\/\/slotofaztec.com\/es\/wp-json\/wp\/v2\/types\/page"}],"author":[{"embeddable":true,"href":"https:\/\/slotofaztec.com\/es\/wp-json\/wp\/v2\/users\/1"}],"replies":[{"embeddable":true,"href":"https:\/\/slotofaztec.com\/es\/wp-json\/wp\/v2\/comments?post=8"}],"version-history":[{"count":27,"href":"https:\/\/slotofaztec.com\/es\/wp-json\/wp\/v2\/pages\/8\/revisions"}],"predecessor-version":[{"id":129,"href":"https:\/\/slotofaztec.com\/es\/wp-json\/wp\/v2\/pages\/8\/revisions\/129"}],"wp:attachment":[{"href":"https:\/\/slotofaztec.com\/es\/wp-json\/wp\/v2\/media?parent=8"}],"curies":[{"name":"wp","href":"https:\/\/api.w.org\/{rel}","templated":true}]}}