{"id":6,"date":"2024-01-07T22:59:55","date_gmt":"2024-01-07T22:59:55","guid":{"rendered":"https:\/\/slotofaztec.com\/?page_id=6"},"modified":"2024-03-22T15:44:41","modified_gmt":"2024-03-22T15:44:41","slug":"the-aztec-fire-slot-machine-features-and-advantages","status":"publish","type":"page","link":"https:\/\/slotofaztec.com\/es\/","title":{"rendered":"La tragamonedas Aztec Fire: caracter\u00edsticas y ventajas"},"content":{"rendered":"<p>Las cl\u00e1sicas m\u00e1quinas tragamonedas siguen siendo populares entre los entusiastas de los casinos. Las tragamonedas dedicadas a la b\u00fasqueda de tesoros perdidos de antiguas civilizaciones son ampliamente demandadas. Un modelo de este tipo es la tragamonedas Aztec Fire: Hold and Win del estudio 3 Oaks (Booongo). El desarrollador present\u00f3 el nuevo modelo de juego en 2022. La tragamonedas se caracteriza por una trama interesante, multiplicadores de apuestas altos y funciones de bonificaci\u00f3n. En el juego, puedes obtener una ganancia bastante grande con un multiplicador de hasta x10000 y participar en emocionantes rondas tem\u00e1ticas.<\/p>\n<h2>Caracter\u00edsticas de la tragamonedas Aztec Fire<\/h2>\n<p>La tragamonedas de video Aztec Fire tiene 5 carretes giratorios dispuestos en 4 filas y 20 l\u00edneas de pago. La tragamonedas invita a los jugadores a embarcarse en un viaje virtual en busca de los tesoros de la antigua civilizaci\u00f3n azteca. La trama se desarrolla en las selvas mesoamericanas con vegetaci\u00f3n vibrante y r\u00edos azules tranquilos. En los carretes aparecen \u00edconos con im\u00e1genes de animales salvajes y representantes de la tribu azteca. Las principales caracter\u00edsticas de la tragamonedas:<\/p>\n<ul>\n<li>Porcentaje te\u00f3rico de retorno &#8211; 95.5%;<\/li>\n<li>Nivel de volatilidad &#8211; medio;<\/li>\n<li>Tama\u00f1o m\u00e1ximo de ganancia &#8211; x10000 apuestas;<\/li>\n<li>Rango de apuestas por giro &#8211; de 0.2 a 30 euros (d\u00f3lares);<\/li>\n<li>Multiplicadores aleatorios de x1 a x12 apuestas;<\/li>\n<li>Opci\u00f3n de s\u00edmbolos de bonificaci\u00f3n expansibles;<\/li>\n<li>Re-spins con s\u00edmbolos de jackpot aleatorios;<\/li>\n<li>Dispersos que activan ocho giros gratis;<\/li>\n<li>Premio instant\u00e1neo en efectivo, el doble de la apuesta.<\/li>\n<\/ul>\n<p>La tragamonedas Aztec Fire: Hold and Win tiene s\u00edmbolos salvajes, se implementa la funci\u00f3n \u00abHold and Spin\u00bb. Existe la opci\u00f3n de cambiar el conjunto de carretes del juego y el rango del porcentaje te\u00f3rico de retorno. Los s\u00edmbolos aleatorios, los \u00edconos de bonificaci\u00f3n y los s\u00edmbolos especiales aumentan significativamente las posibilidades de ganar.<\/p>\n<h2>Reglas del juego Aztec Fire: Hold and Win<\/h2>\n<p>El juego Aztec Fire: Hold and Win de 3 Oaks (Booongo) es una tragamonedas en l\u00ednea con funciones y reglas emocionantes. Aqu\u00ed est\u00e1n las reglas b\u00e1sicas del juego:<\/p>\n<ol>\n<li><strong>Configuraci\u00f3n de carretes:<\/strong> El juego suele tener una rejilla de carretes est\u00e1ndar, por ejemplo, 5 carretes y 3 filas de s\u00edmbolos.<\/li>\n<li>S\u00edmbolos: El juego utiliza s\u00edmbolos inspirados en la tem\u00e1tica azteca, como estatuas doradas, piedras preciosas, m\u00e1scaras aztecas y cartas de juego tradicionales del 10 al As.<\/li>\n<li><strong>Apuestas:<\/strong> Los jugadores eligen el tama\u00f1o de la apuesta antes de cada giro de los carretes. El tama\u00f1o de la apuesta puede variar seg\u00fan las reglas de un casino en particular.<\/li>\n<li><strong>Combinaciones ganadoras:<\/strong> Las combinaciones ganadoras se forman cuando ciertos s\u00edmbolos coinciden en las l\u00edneas de pago activas. La cantidad de l\u00edneas de pago tambi\u00e9n la determinan las reglas del juego.<\/li>\n<li><strong>Funci\u00f3n Hold and Win:<\/strong> Esta caracter\u00edstica se activa cuando aparece cierta cantidad de s\u00edmbolos especiales (como s\u00edmbolos de bonificaci\u00f3n o dispersos). En este modo, los jugadores obtienen un n\u00famero limitado de re-spins, durante los cuales los s\u00edmbolos especiales pueden aportar ganancias adicionales o jackpots.<\/li>\n<li><strong>Rondas de bonificaci\u00f3n:<\/strong> El juego puede incluir rondas de bonificaci\u00f3n, como giros gratis o mini juegos, que se activan con la aparici\u00f3n de ciertos s\u00edmbolos.<\/li>\n<li><strong>Jackpots:<\/strong> En algunas versiones de la tragamonedas, pueden estar disponibles jackpots fijos o progresivos.<\/li>\n<li><strong>Autoplay:<\/strong> Los jugadores pueden utilizar la funci\u00f3n de juego autom\u00e1tico para una serie de giros continuos de los carretes con una apuesta preestablecida.<\/li>\n<li><strong>Tabla de pagos:<\/strong> Los jugadores pueden consultar la tabla de pagos en el juego para conocer las posibles combinaciones ganadoras y sus valores.<\/li>\n<\/ol>\n<p>Es importante recordar que en las tragamonedas, los resultados son completamente aleatorios y el resultado de cada giro est\u00e1 determinado por un generador de n\u00fameros aleatorios. Esto hace que jugar a las tragamonedas sea emocionante, pero al mismo tiempo implica que los jugadores deben abordar el juego de manera responsable.<\/p>\n","protected":false},"excerpt":{"rendered":"<p>Las cl\u00e1sicas m\u00e1quinas tragamonedas siguen siendo populares entre los entusiastas de los casinos. Las tragamonedas dedicadas a la b\u00fasqueda de tesoros perdidos de antiguas civilizaciones son ampliamente demandadas. Un modelo de este tipo es la tragamonedas Aztec Fire: Hold and Win del estudio 3 Oaks (Booongo). El desarrollador present\u00f3 el nuevo modelo de juego en 2022. La tragamonedas se caracteriza por una trama interesante, multiplicadores de apuestas altos y funciones de bonificaci\u00f3n. En el juego,&hellip; <\/p>\n","protected":false},"author":1,"featured_media":0,"parent":0,"menu_order":0,"comment_status":"closed","ping_status":"closed","template":"","meta":{"footnotes":""},"class_list":["post-6","page","type-page","status-publish","hentry"],"yoast_head":"<!-- This site is optimized with the Yoast SEO plugin v27.2 - https:\/\/yoast.com\/product\/yoast-seo-wordpress\/ -->\n<title>\u0418\u0433\u0440\u0430\u0442\u044c \u0432 Aztec Fire: Hold and Win \u0432 \u043e\u043d\u043b\u0430\u0439\u043d \u043a\u0430\u0437\u0438\u043d\u043e<\/title>\n<meta name=\"description\" content=\"Juega y gana dinero real en la tragamonedas Aztec Fire: Hold and Win. Descarga la aplicaci\u00f3n para iPhone o Android, juega gratis y disfruta de giros gratis.\" \/>\n<meta name=\"robots\" content=\"index, follow, max-snippet:-1, max-image-preview:large, max-video-preview:-1\" \/>\n<link rel=\"canonical\" href=\"https:\/\/slotofaztec.com\/es\/\" \/>\n<meta property=\"og:locale\" content=\"es_ES\" \/>\n<meta property=\"og:locale:alternate\" content=\"ru_RU\" \/>\n<meta property=\"og:locale:alternate\" content=\"en_US\" \/>\n<meta property=\"og:locale:alternate\" content=\"pt_PT\" \/>\n<meta property=\"og:locale:alternate\" content=\"sr_RS\" \/>\n<meta property=\"og:locale:alternate\" content=\"bg_BG\" \/>\n<meta property=\"og:locale:alternate\" content=\"pl_PL\" \/>\n<meta property=\"og:locale:alternate\" content=\"it_IT\" \/>\n<meta property=\"og:locale:alternate\" content=\"fr_FR\" \/>\n<meta property=\"og:type\" content=\"article\" \/>\n<meta property=\"og:title\" content=\"\u0418\u0433\u0440\u0430\u0442\u044c \u0432 Aztec Fire: Hold and Win \u0432 \u043e\u043d\u043b\u0430\u0439\u043d \u043a\u0430\u0437\u0438\u043d\u043e\" \/>\n<meta property=\"og:description\" content=\"\u0418\u0433\u0440\u0430\u0442\u044c \u0438 \u0432\u044b\u0438\u0433\u0440\u044b\u0432\u0430\u0442\u044c \u0440\u0435\u0430\u043b\u044c\u043d\u044b\u0435 \u0434\u0435\u043d\u044c\u0433\u0438 \u0432 \u0438\u0433\u0440\u043e\u0432\u043e\u043c \u0430\u0432\u0442\u043e\u043c\u0430\u0442\u0435 Aztec Fire: Hold and Win. \u0421\u043a\u0430\u0447\u0430\u0442\u044c \u043f\u0440\u0438\u043b\u043e\u0436\u0435\u043d\u0438\u0435 \u0430\u0439\u0444\u043e\u043d \u0438\u043b\u0438 \u0410\u043d\u0434\u0440\u043e\u0438\u0434, \u0438\u0433\u0440\u0430\u0442\u044c \u0431\u0435\u0441\u043f\u043b\u0430\u0442\u043d\u043e, \u0431\u0435\u0441\u043f\u043b\u0430\u0442\u043d\u044b\u0435 \u0432\u0440\u0430\u0449\u0435\u043d\u0438\u044f\" \/>\n<meta property=\"og:url\" content=\"https:\/\/slotofaztec.com\/es\/\" \/>\n<meta property=\"og:site_name\" content=\"Aztec Fire\" \/>\n<meta property=\"article:modified_time\" content=\"2024-03-22T15:44:41+00:00\" \/>\n<meta name=\"twitter:card\" content=\"summary_large_image\" \/>\n<meta name=\"twitter:label1\" content=\"Tiempo de lectura\" \/>\n\t<meta name=\"twitter:data1\" content=\"19 minutos\" \/>\n<script type=\"application\/ld+json\" class=\"yoast-schema-graph\">{\"@context\":\"https:\/\/schema.org\",\"@graph\":[{\"@type\":\"WebPage\",\"@id\":\"https:\/\/slotofaztec.com\/\",\"url\":\"https:\/\/slotofaztec.com\/\",\"name\":\"\u0418\u0433\u0440\u0430\u0442\u044c \u0432 Aztec Fire: Hold and Win \u0432 \u043e\u043d\u043b\u0430\u0439\u043d \u043a\u0430\u0437\u0438\u043d\u043e\",\"isPartOf\":{\"@id\":\"https:\/\/slotofaztec.com\/#website\"},\"datePublished\":\"2024-01-07T22:59:55+00:00\",\"dateModified\":\"2024-03-22T15:44:41+00:00\",\"description\":\"\u0418\u0433\u0440\u0430\u0442\u044c \u0438 \u0432\u044b\u0438\u0433\u0440\u044b\u0432\u0430\u0442\u044c \u0440\u0435\u0430\u043b\u044c\u043d\u044b\u0435 \u0434\u0435\u043d\u044c\u0433\u0438 \u0432 \u0438\u0433\u0440\u043e\u0432\u043e\u043c \u0430\u0432\u0442\u043e\u043c\u0430\u0442\u0435 Aztec Fire: Hold and Win. \u0421\u043a\u0430\u0447\u0430\u0442\u044c \u043f\u0440\u0438\u043b\u043e\u0436\u0435\u043d\u0438\u0435 \u0430\u0439\u0444\u043e\u043d \u0438\u043b\u0438 \u0410\u043d\u0434\u0440\u043e\u0438\u0434, \u0438\u0433\u0440\u0430\u0442\u044c \u0431\u0435\u0441\u043f\u043b\u0430\u0442\u043d\u043e, \u0431\u0435\u0441\u043f\u043b\u0430\u0442\u043d\u044b\u0435 \u0432\u0440\u0430\u0449\u0435\u043d\u0438\u044f\",\"breadcrumb\":{\"@id\":\"https:\/\/slotofaztec.com\/#breadcrumb\"},\"inLanguage\":\"es-ES\",\"potentialAction\":[{\"@type\":\"ReadAction\",\"target\":[\"https:\/\/slotofaztec.com\/\"]}]},{\"@type\":\"BreadcrumbList\",\"@id\":\"https:\/\/slotofaztec.com\/#breadcrumb\",\"itemListElement\":[{\"@type\":\"ListItem\",\"position\":1,\"name\":\"Home\",\"item\":\"https:\/\/slotofaztec.com\/\"},{\"@type\":\"ListItem\",\"position\":2,\"name\":\"\u0418\u0433\u0440\u043e\u0432\u043e\u0439 \u0430\u0432\u0442\u043e\u043c\u0430\u0442 Aztec Fire \u2013 \u043e\u0441\u043e\u0431\u0435\u043d\u043d\u043e\u0441\u0442\u0438 \u0438 \u043f\u0440\u0435\u0438\u043c\u0443\u0449\u0435\u0441\u0442\u0432\u0430\"}]},{\"@type\":\"WebSite\",\"@id\":\"https:\/\/slotofaztec.com\/#website\",\"url\":\"https:\/\/slotofaztec.com\/\",\"name\":\"Aztec Fire\",\"description\":\"\",\"publisher\":{\"@id\":\"https:\/\/slotofaztec.com\/#organization\"},\"potentialAction\":[{\"@type\":\"SearchAction\",\"target\":{\"@type\":\"EntryPoint\",\"urlTemplate\":\"https:\/\/slotofaztec.com\/?s={search_term_string}\"},\"query-input\":{\"@type\":\"PropertyValueSpecification\",\"valueRequired\":true,\"valueName\":\"search_term_string\"}}],\"inLanguage\":\"es-ES\"},{\"@type\":\"Organization\",\"@id\":\"https:\/\/slotofaztec.com\/#organization\",\"name\":\"Aztec Fire\",\"url\":\"https:\/\/slotofaztec.com\/\",\"logo\":{\"@type\":\"ImageObject\",\"inLanguage\":\"es-ES\",\"@id\":\"https:\/\/slotofaztec.com\/#\/schema\/logo\/image\/\",\"url\":\"https:\/\/slotofaztec.com\/wp-content\/uploads\/2024\/01\/aztec_fire_logo_ekcvl_200x200.png\",\"contentUrl\":\"https:\/\/slotofaztec.com\/wp-content\/uploads\/2024\/01\/aztec_fire_logo_ekcvl_200x200.png\",\"width\":200,\"height\":200,\"caption\":\"Aztec Fire\"},\"image\":{\"@id\":\"https:\/\/slotofaztec.com\/#\/schema\/logo\/image\/\"}}]}<\/script>\n<!-- \/ Yoast SEO plugin. -->","yoast_head_json":{"title":"\u0418\u0433\u0440\u0430\u0442\u044c \u0432 Aztec Fire: Hold and Win \u0432 \u043e\u043d\u043b\u0430\u0439\u043d \u043a\u0430\u0437\u0438\u043d\u043e","description":"Juega y gana dinero real en la tragamonedas Aztec Fire: Hold and Win. Descarga la aplicaci\u00f3n para iPhone o Android, juega gratis y disfruta de giros gratis.","robots":{"index":"index","follow":"follow","max-snippet":"max-snippet:-1","max-image-preview":"max-image-preview:large","max-video-preview":"max-video-preview:-1"},"canonical":"https:\/\/slotofaztec.com\/es\/","og_locale":"es_ES","og_type":"article","og_title":"\u0418\u0433\u0440\u0430\u0442\u044c \u0432 Aztec Fire: Hold and Win \u0432 \u043e\u043d\u043b\u0430\u0439\u043d \u043a\u0430\u0437\u0438\u043d\u043e","og_description":"\u0418\u0433\u0440\u0430\u0442\u044c \u0438 \u0432\u044b\u0438\u0433\u0440\u044b\u0432\u0430\u0442\u044c \u0440\u0435\u0430\u043b\u044c\u043d\u044b\u0435 \u0434\u0435\u043d\u044c\u0433\u0438 \u0432 \u0438\u0433\u0440\u043e\u0432\u043e\u043c \u0430\u0432\u0442\u043e\u043c\u0430\u0442\u0435 Aztec Fire: Hold and Win. \u0421\u043a\u0430\u0447\u0430\u0442\u044c \u043f\u0440\u0438\u043b\u043e\u0436\u0435\u043d\u0438\u0435 \u0430\u0439\u0444\u043e\u043d \u0438\u043b\u0438 \u0410\u043d\u0434\u0440\u043e\u0438\u0434, \u0438\u0433\u0440\u0430\u0442\u044c \u0431\u0435\u0441\u043f\u043b\u0430\u0442\u043d\u043e, \u0431\u0435\u0441\u043f\u043b\u0430\u0442\u043d\u044b\u0435 \u0432\u0440\u0430\u0449\u0435\u043d\u0438\u044f","og_url":"https:\/\/slotofaztec.com\/es\/","og_site_name":"Aztec Fire","article_modified_time":"2024-03-22T15:44:41+00:00","twitter_card":"summary_large_image","twitter_misc":{"Tiempo de lectura":"19 minutos"},"schema":{"@context":"https:\/\/schema.org","@graph":[{"@type":"WebPage","@id":"https:\/\/slotofaztec.com\/","url":"https:\/\/slotofaztec.com\/","name":"\u0418\u0433\u0440\u0430\u0442\u044c \u0432 Aztec Fire: Hold and Win \u0432 \u043e\u043d\u043b\u0430\u0439\u043d \u043a\u0430\u0437\u0438\u043d\u043e","isPartOf":{"@id":"https:\/\/slotofaztec.com\/#website"},"datePublished":"2024-01-07T22:59:55+00:00","dateModified":"2024-03-22T15:44:41+00:00","description":"\u0418\u0433\u0440\u0430\u0442\u044c \u0438 \u0432\u044b\u0438\u0433\u0440\u044b\u0432\u0430\u0442\u044c \u0440\u0435\u0430\u043b\u044c\u043d\u044b\u0435 \u0434\u0435\u043d\u044c\u0433\u0438 \u0432 \u0438\u0433\u0440\u043e\u0432\u043e\u043c \u0430\u0432\u0442\u043e\u043c\u0430\u0442\u0435 Aztec Fire: Hold and Win. \u0421\u043a\u0430\u0447\u0430\u0442\u044c \u043f\u0440\u0438\u043b\u043e\u0436\u0435\u043d\u0438\u0435 \u0430\u0439\u0444\u043e\u043d \u0438\u043b\u0438 \u0410\u043d\u0434\u0440\u043e\u0438\u0434, \u0438\u0433\u0440\u0430\u0442\u044c \u0431\u0435\u0441\u043f\u043b\u0430\u0442\u043d\u043e, \u0431\u0435\u0441\u043f\u043b\u0430\u0442\u043d\u044b\u0435 \u0432\u0440\u0430\u0449\u0435\u043d\u0438\u044f","breadcrumb":{"@id":"https:\/\/slotofaztec.com\/#breadcrumb"},"inLanguage":"es-ES","potentialAction":[{"@type":"ReadAction","target":["https:\/\/slotofaztec.com\/"]}]},{"@type":"BreadcrumbList","@id":"https:\/\/slotofaztec.com\/#breadcrumb","itemListElement":[{"@type":"ListItem","position":1,"name":"Home","item":"https:\/\/slotofaztec.com\/"},{"@type":"ListItem","position":2,"name":"\u0418\u0433\u0440\u043e\u0432\u043e\u0439 \u0430\u0432\u0442\u043e\u043c\u0430\u0442 Aztec Fire \u2013 \u043e\u0441\u043e\u0431\u0435\u043d\u043d\u043e\u0441\u0442\u0438 \u0438 \u043f\u0440\u0435\u0438\u043c\u0443\u0449\u0435\u0441\u0442\u0432\u0430"}]},{"@type":"WebSite","@id":"https:\/\/slotofaztec.com\/#website","url":"https:\/\/slotofaztec.com\/","name":"Aztec Fire","description":"","publisher":{"@id":"https:\/\/slotofaztec.com\/#organization"},"potentialAction":[{"@type":"SearchAction","target":{"@type":"EntryPoint","urlTemplate":"https:\/\/slotofaztec.com\/?s={search_term_string}"},"query-input":{"@type":"PropertyValueSpecification","valueRequired":true,"valueName":"search_term_string"}}],"inLanguage":"es-ES"},{"@type":"Organization","@id":"https:\/\/slotofaztec.com\/#organization","name":"Aztec Fire","url":"https:\/\/slotofaztec.com\/","logo":{"@type":"ImageObject","inLanguage":"es-ES","@id":"https:\/\/slotofaztec.com\/#\/schema\/logo\/image\/","url":"https:\/\/slotofaztec.com\/wp-content\/uploads\/2024\/01\/aztec_fire_logo_ekcvl_200x200.png","contentUrl":"https:\/\/slotofaztec.com\/wp-content\/uploads\/2024\/01\/aztec_fire_logo_ekcvl_200x200.png","width":200,"height":200,"caption":"Aztec Fire"},"image":{"@id":"https:\/\/slotofaztec.com\/#\/schema\/logo\/image\/"}}]}},"_links":{"self":[{"href":"https:\/\/slotofaztec.com\/es\/wp-json\/wp\/v2\/pages\/6","targetHints":{"allow":["GET"]}}],"collection":[{"href":"https:\/\/slotofaztec.com\/es\/wp-json\/wp\/v2\/pages"}],"about":[{"href":"https:\/\/slotofaztec.com\/es\/wp-json\/wp\/v2\/types\/page"}],"author":[{"embeddable":true,"href":"https:\/\/slotofaztec.com\/es\/wp-json\/wp\/v2\/users\/1"}],"replies":[{"embeddable":true,"href":"https:\/\/slotofaztec.com\/es\/wp-json\/wp\/v2\/comments?post=6"}],"version-history":[{"count":25,"href":"https:\/\/slotofaztec.com\/es\/wp-json\/wp\/v2\/pages\/6\/revisions"}],"predecessor-version":[{"id":126,"href":"https:\/\/slotofaztec.com\/es\/wp-json\/wp\/v2\/pages\/6\/revisions\/126"}],"wp:attachment":[{"href":"https:\/\/slotofaztec.com\/es\/wp-json\/wp\/v2\/media?parent=6"}],"curies":[{"name":"wp","href":"https:\/\/api.w.org\/{rel}","templated":true}]}}