{"id":13,"date":"2024-01-07T23:03:25","date_gmt":"2024-01-07T23:03:25","guid":{"rendered":"https:\/\/slotofaztec.com\/?page_id=13"},"modified":"2024-03-22T15:44:48","modified_gmt":"2024-03-22T15:44:48","slug":"player-reviews","status":"publish","type":"page","link":"https:\/\/slotofaztec.com\/es\/player-reviews\/","title":{"rendered":"Rese\u00f1as de Jugadores"},"content":{"rendered":"<p>Hemos recopilado opiniones, rese\u00f1as y comentarios de jugadores sobre la tragamonedas Aztec Fire: Hold and Win, lo que te ayudar\u00e1 a formar tu propia opini\u00f3n sobre el juego.<\/p>\n<ol>\n<li><strong>Alexey, 32 a\u00f1os:<\/strong> Una tragamonedas fant\u00e1stica con gr\u00e1ficos excelentes. \u00a1La funci\u00f3n &#8216;Hold and Win&#8217; realmente agrega emoci\u00f3n y oportunidades para grandes victorias! \u00daltimamente, he notado que solo elijo tragamonedas con la funci\u00f3n Hold and Win.<\/li>\n<li><strong>Marina, 28 a\u00f1os:<\/strong> Estoy encantada con la tem\u00e1tica azteca en &#8216;Aztec Fire&#8217;. Cada giro trae una sensaci\u00f3n de aventura. Sin embargo, a veces parece bastante desafiante ganar. Este sentimiento ocurre a menudo al jugar en m\u00e1quinas tragamonedas.<\/li>\n<li><strong>Igor, 35 a\u00f1os:<\/strong> \u00a1Uno de mis juegos favoritos! El juego de bonificaci\u00f3n &#8216;Hold and Win&#8217; vale la pena. Muy satisfecho con el dise\u00f1o y la animaci\u00f3n. El tipo de tragamonedas que seguir\u00e9 jugando incluso despu\u00e9s de 10 a\u00f1os.<\/li>\n<li><strong>Elena, 30 a\u00f1os:<\/strong> Una excelente tragamonedas para los fan\u00e1ticos de la cultura azteca. Jugado algunas veces y me sorprendi\u00f3 gratamente la frecuencia de los rondas de bonificaci\u00f3n. Gracias a los bonos, puedes ganar y mantener un saldo positivo.<\/li>\n<li><strong>Dmitry, 40 a\u00f1os:<\/strong> Aztec Fire es una buena tragamonedas, pero a veces parece que los bonos ocurren con demasiada poca frecuencia. Sin embargo, la impresi\u00f3n general es positiva. No puedo decir que sea mi tragamonedas favorita, pero &#8216;Aztec Fire&#8217; deja una impresi\u00f3n realmente positiva.<\/li>\n<li><strong>Olga, 26 a\u00f1os:<\/strong> \u00a1Estoy emocionada con &#8216;Aztec Fire: Hold and Win&#8217;! Es un juego con hermosos gr\u00e1ficos y caracter\u00edsticas interesantes. Los bonos hacen que el juego sea especialmente emocionante. Jugu\u00e9 antes y jugar\u00e9 de nuevo.<\/li>\n<li><strong>Anton, 37 a\u00f1os:<\/strong> La tragamonedas es decente, pero creo que es m\u00e1s adecuada para jugadores experimentados debido a su complejidad y numerosas funciones. Hay demasiada informaci\u00f3n para tener en cuenta. Definitivamente no recomendar\u00eda la tragamonedas a nuevos jugadores que reci\u00e9n comienzan su camino en el juego.<\/li>\n<li><strong>Svetlana, 29 a\u00f1os:<\/strong> Aztec Fire se ha convertido en uno de mis favoritos. Me gusta especialmente cuando se activa &#8216;Hold and Win&#8217;; \u00a1las posibilidades de ganar aumentan! Es realmente una excelente caracter\u00edstica.<\/li>\n<li><strong>Nikolay, 42 a\u00f1os:<\/strong> Jugu\u00e9 &#8216;Aztec Fire&#8217; varias veces y me gust\u00f3. Aunque las ganancias no siempre son grandes, el juego es cautivador y entretenido. Una muy buena manera de pasar el tiempo.<\/li>\n<li><strong>Katya, 34 a\u00f1os:<\/strong> Adoro la tem\u00e1tica azteca, y &#8216;Aztec Fire: Hold and Win&#8217; no decepcion\u00f3. Los gr\u00e1ficos y el sonido son de primera categor\u00eda, y las rondas de bonificaci\u00f3n a\u00f1aden emoci\u00f3n. Una excelente tragamonedas.<\/li>\n<\/ol>\n","protected":false},"excerpt":{"rendered":"<p>Hemos recopilado opiniones, rese\u00f1as y comentarios de jugadores sobre la tragamonedas Aztec Fire: Hold and Win, lo que te ayudar\u00e1 a formar tu propia opini\u00f3n sobre el juego. Alexey, 32 a\u00f1os: Una tragamonedas fant\u00e1stica con gr\u00e1ficos excelentes. \u00a1La funci\u00f3n &#8216;Hold and Win&#8217; realmente agrega emoci\u00f3n y oportunidades para grandes victorias! \u00daltimamente, he notado que solo elijo tragamonedas con la funci\u00f3n Hold and Win. Marina, 28 a\u00f1os: Estoy encantada con la tem\u00e1tica azteca en &#8216;Aztec Fire&#8217;.&hellip; <\/p>\n","protected":false},"author":1,"featured_media":0,"parent":0,"menu_order":0,"comment_status":"closed","ping_status":"closed","template":"","meta":{"footnotes":""},"class_list":["post-13","page","type-page","status-publish","hentry"],"yoast_head":"<!-- This site is optimized with the Yoast SEO plugin v27.2 - https:\/\/yoast.com\/product\/yoast-seo-wordpress\/ -->\n<title>Rese\u00f1as de Jugadores sobre la Tragamonedas Aztec Fire: Hold and Win<\/title>\n<meta name=\"description\" content=\"Opiniones, rese\u00f1as y descripci\u00f3n de la tragamonedas Aztec Fire: Hold and Win por jugadores reales. Comentarios honestos.\" \/>\n<meta name=\"robots\" content=\"index, follow, max-snippet:-1, max-image-preview:large, max-video-preview:-1\" \/>\n<link rel=\"canonical\" href=\"https:\/\/slotofaztec.com\/es\/player-reviews\/\" \/>\n<meta property=\"og:locale\" content=\"es_ES\" \/>\n<meta property=\"og:locale:alternate\" content=\"ru_RU\" \/>\n<meta property=\"og:locale:alternate\" content=\"en_US\" \/>\n<meta property=\"og:locale:alternate\" content=\"pt_PT\" \/>\n<meta property=\"og:locale:alternate\" content=\"sr_RS\" \/>\n<meta property=\"og:locale:alternate\" content=\"bg_BG\" \/>\n<meta property=\"og:locale:alternate\" content=\"pl_PL\" \/>\n<meta property=\"og:locale:alternate\" content=\"it_IT\" \/>\n<meta property=\"og:locale:alternate\" content=\"fr_FR\" \/>\n<meta property=\"og:type\" content=\"article\" \/>\n<meta property=\"og:title\" content=\"Rese\u00f1as de Jugadores sobre la Tragamonedas Aztec Fire: Hold and Win\" \/>\n<meta property=\"og:description\" content=\"Opiniones, rese\u00f1as y descripci\u00f3n de la tragamonedas Aztec Fire: Hold and Win por jugadores reales. Comentarios honestos.\" \/>\n<meta property=\"og:url\" content=\"https:\/\/slotofaztec.com\/es\/player-reviews\/\" \/>\n<meta property=\"og:site_name\" content=\"Aztec Fire\" \/>\n<meta property=\"article:modified_time\" content=\"2024-03-22T15:44:48+00:00\" \/>\n<meta name=\"twitter:card\" content=\"summary_large_image\" \/>\n<meta name=\"twitter:label1\" content=\"Tiempo de lectura\" \/>\n\t<meta name=\"twitter:data1\" content=\"13 minutos\" \/>\n<script type=\"application\/ld+json\" class=\"yoast-schema-graph\">{\"@context\":\"https:\/\/schema.org\",\"@graph\":[{\"@type\":\"WebPage\",\"@id\":\"https:\/\/slotofaztec.com\/es\/player-reviews\/\",\"url\":\"https:\/\/slotofaztec.com\/es\/player-reviews\/\",\"name\":\"Rese\u00f1as de Jugadores sobre la Tragamonedas Aztec Fire: Hold and Win\",\"isPartOf\":{\"@id\":\"https:\/\/slotofaztec.com\/#website\"},\"datePublished\":\"2024-01-07T23:03:25+00:00\",\"dateModified\":\"2024-03-22T15:44:48+00:00\",\"description\":\"Opiniones, rese\u00f1as y descripci\u00f3n de la tragamonedas Aztec Fire: Hold and Win por jugadores reales. Comentarios honestos.\",\"breadcrumb\":{\"@id\":\"https:\/\/slotofaztec.com\/es\/player-reviews\/#breadcrumb\"},\"inLanguage\":\"es-ES\",\"potentialAction\":[{\"@type\":\"ReadAction\",\"target\":[\"https:\/\/slotofaztec.com\/es\/player-reviews\/\"]}]},{\"@type\":\"BreadcrumbList\",\"@id\":\"https:\/\/slotofaztec.com\/es\/player-reviews\/#breadcrumb\",\"itemListElement\":[{\"@type\":\"ListItem\",\"position\":1,\"name\":\"Home\",\"item\":\"https:\/\/slotofaztec.com\/\"},{\"@type\":\"ListItem\",\"position\":2,\"name\":\"Rese\u00f1as de Jugadores\"}]},{\"@type\":\"WebSite\",\"@id\":\"https:\/\/slotofaztec.com\/#website\",\"url\":\"https:\/\/slotofaztec.com\/\",\"name\":\"Aztec Fire\",\"description\":\"\",\"publisher\":{\"@id\":\"https:\/\/slotofaztec.com\/#organization\"},\"potentialAction\":[{\"@type\":\"SearchAction\",\"target\":{\"@type\":\"EntryPoint\",\"urlTemplate\":\"https:\/\/slotofaztec.com\/?s={search_term_string}\"},\"query-input\":{\"@type\":\"PropertyValueSpecification\",\"valueRequired\":true,\"valueName\":\"search_term_string\"}}],\"inLanguage\":\"es-ES\"},{\"@type\":\"Organization\",\"@id\":\"https:\/\/slotofaztec.com\/#organization\",\"name\":\"Aztec Fire\",\"url\":\"https:\/\/slotofaztec.com\/\",\"logo\":{\"@type\":\"ImageObject\",\"inLanguage\":\"es-ES\",\"@id\":\"https:\/\/slotofaztec.com\/#\/schema\/logo\/image\/\",\"url\":\"https:\/\/slotofaztec.com\/wp-content\/uploads\/2024\/01\/aztec_fire_logo_ekcvl_200x200.png\",\"contentUrl\":\"https:\/\/slotofaztec.com\/wp-content\/uploads\/2024\/01\/aztec_fire_logo_ekcvl_200x200.png\",\"width\":200,\"height\":200,\"caption\":\"Aztec Fire\"},\"image\":{\"@id\":\"https:\/\/slotofaztec.com\/#\/schema\/logo\/image\/\"}}]}<\/script>\n<!-- \/ Yoast SEO plugin. -->","yoast_head_json":{"title":"Rese\u00f1as de Jugadores sobre la Tragamonedas Aztec Fire: Hold and Win","description":"Opiniones, rese\u00f1as y descripci\u00f3n de la tragamonedas Aztec Fire: Hold and Win por jugadores reales. Comentarios honestos.","robots":{"index":"index","follow":"follow","max-snippet":"max-snippet:-1","max-image-preview":"max-image-preview:large","max-video-preview":"max-video-preview:-1"},"canonical":"https:\/\/slotofaztec.com\/es\/player-reviews\/","og_locale":"es_ES","og_type":"article","og_title":"Rese\u00f1as de Jugadores sobre la Tragamonedas Aztec Fire: Hold and Win","og_description":"Opiniones, rese\u00f1as y descripci\u00f3n de la tragamonedas Aztec Fire: Hold and Win por jugadores reales. Comentarios honestos.","og_url":"https:\/\/slotofaztec.com\/es\/player-reviews\/","og_site_name":"Aztec Fire","article_modified_time":"2024-03-22T15:44:48+00:00","twitter_card":"summary_large_image","twitter_misc":{"Tiempo de lectura":"13 minutos"},"schema":{"@context":"https:\/\/schema.org","@graph":[{"@type":"WebPage","@id":"https:\/\/slotofaztec.com\/es\/player-reviews\/","url":"https:\/\/slotofaztec.com\/es\/player-reviews\/","name":"Rese\u00f1as de Jugadores sobre la Tragamonedas Aztec Fire: Hold and Win","isPartOf":{"@id":"https:\/\/slotofaztec.com\/#website"},"datePublished":"2024-01-07T23:03:25+00:00","dateModified":"2024-03-22T15:44:48+00:00","description":"Opiniones, rese\u00f1as y descripci\u00f3n de la tragamonedas Aztec Fire: Hold and Win por jugadores reales. Comentarios honestos.","breadcrumb":{"@id":"https:\/\/slotofaztec.com\/es\/player-reviews\/#breadcrumb"},"inLanguage":"es-ES","potentialAction":[{"@type":"ReadAction","target":["https:\/\/slotofaztec.com\/es\/player-reviews\/"]}]},{"@type":"BreadcrumbList","@id":"https:\/\/slotofaztec.com\/es\/player-reviews\/#breadcrumb","itemListElement":[{"@type":"ListItem","position":1,"name":"Home","item":"https:\/\/slotofaztec.com\/"},{"@type":"ListItem","position":2,"name":"Rese\u00f1as de Jugadores"}]},{"@type":"WebSite","@id":"https:\/\/slotofaztec.com\/#website","url":"https:\/\/slotofaztec.com\/","name":"Aztec Fire","description":"","publisher":{"@id":"https:\/\/slotofaztec.com\/#organization"},"potentialAction":[{"@type":"SearchAction","target":{"@type":"EntryPoint","urlTemplate":"https:\/\/slotofaztec.com\/?s={search_term_string}"},"query-input":{"@type":"PropertyValueSpecification","valueRequired":true,"valueName":"search_term_string"}}],"inLanguage":"es-ES"},{"@type":"Organization","@id":"https:\/\/slotofaztec.com\/#organization","name":"Aztec Fire","url":"https:\/\/slotofaztec.com\/","logo":{"@type":"ImageObject","inLanguage":"es-ES","@id":"https:\/\/slotofaztec.com\/#\/schema\/logo\/image\/","url":"https:\/\/slotofaztec.com\/wp-content\/uploads\/2024\/01\/aztec_fire_logo_ekcvl_200x200.png","contentUrl":"https:\/\/slotofaztec.com\/wp-content\/uploads\/2024\/01\/aztec_fire_logo_ekcvl_200x200.png","width":200,"height":200,"caption":"Aztec Fire"},"image":{"@id":"https:\/\/slotofaztec.com\/#\/schema\/logo\/image\/"}}]}},"_links":{"self":[{"href":"https:\/\/slotofaztec.com\/es\/wp-json\/wp\/v2\/pages\/13","targetHints":{"allow":["GET"]}}],"collection":[{"href":"https:\/\/slotofaztec.com\/es\/wp-json\/wp\/v2\/pages"}],"about":[{"href":"https:\/\/slotofaztec.com\/es\/wp-json\/wp\/v2\/types\/page"}],"author":[{"embeddable":true,"href":"https:\/\/slotofaztec.com\/es\/wp-json\/wp\/v2\/users\/1"}],"replies":[{"embeddable":true,"href":"https:\/\/slotofaztec.com\/es\/wp-json\/wp\/v2\/comments?post=13"}],"version-history":[{"count":26,"href":"https:\/\/slotofaztec.com\/es\/wp-json\/wp\/v2\/pages\/13\/revisions"}],"predecessor-version":[{"id":127,"href":"https:\/\/slotofaztec.com\/es\/wp-json\/wp\/v2\/pages\/13\/revisions\/127"}],"wp:attachment":[{"href":"https:\/\/slotofaztec.com\/es\/wp-json\/wp\/v2\/media?parent=13"}],"curies":[{"name":"wp","href":"https:\/\/api.w.org\/{rel}","templated":true}]}}