{"id":11,"date":"2024-01-07T23:02:26","date_gmt":"2024-01-07T23:02:26","guid":{"rendered":"https:\/\/slotofaztec.com\/?page_id=11"},"modified":"2024-03-22T15:44:55","modified_gmt":"2024-03-22T15:44:55","slug":"re-spins-and-free-spins-in-aztec-fire","status":"publish","type":"page","link":"https:\/\/slotofaztec.com\/en\/re-spins-and-free-spins-in-aztec-fire\/","title":{"rendered":"Re-Spins and Free Spins in Aztec Fire"},"content":{"rendered":"<p>At the bonus level, the player initially receives three respins, and each time a new bonus symbol appears, the counter for free spins resets to three launches. In this round, special jackpot symbols can randomly appear on the screen. The maximum prize is implemented in three formats \u2013 Mini, Minor, Major, and Grand, which bring the gambler a win of twenty, fifty, one hundred, or a thousand times the bet. The bonus continues until the entire grid of the game field is filled with bonus icons. If the player manages to collect 40 bonus symbols, they receive the Royal Jackpot, exceeding the initial bet size by 10,000 times.<\/p>\n<p>Another profitable feature of the Aztec Fire slot is free spins. The function is activated by three or more scatters on the reels. For three scatter symbols, the player receives 8 free spins with an instant cash reward, twice the placed bet. The bonus is played out the same way as in the base game. However, there is an interesting feature \u2013 during the free spin series, only high-paying symbols appear on the screen. Free spins are renewable. If two or more scatters appear on the reels during free spins, the player gets three additional free spins.<\/p>\n<p>The Aztec Fire: Hold and Win slot machine enjoys immense popularity among gamblers. The slot allows players to win a fairly large jackpot due to the unique mechanics of the gameplay and the presence of profitable bonus features. Free spins, respins, special and bonus symbols, four jackpot options, random multipliers, expanding reels \u2013 these are important advantages of the game model. The presence of additional options can significantly increase the player&#8217;s monetary reward and bring the desired prize at 10,000 times the bet. The slot is characterized by beautiful graphics and impressive animations, attractive sound accompaniment, and an exciting plot.<\/p>\n","protected":false},"excerpt":{"rendered":"<p>At the bonus level, the player initially receives three respins, and each time a new bonus symbol appears, the counter for free spins resets to three launches. In this round, special jackpot symbols can randomly appear on the screen. The maximum prize is implemented in three formats \u2013 Mini, Minor, Major, and Grand, which bring the gambler a win of twenty, fifty, one hundred, or a thousand times the bet. The bonus continues until the&hellip; <\/p>\n","protected":false},"author":1,"featured_media":0,"parent":0,"menu_order":0,"comment_status":"closed","ping_status":"closed","template":"","meta":{"footnotes":""},"class_list":["post-11","page","type-page","status-publish","hentry"],"yoast_head":"<!-- This site is optimized with the Yoast SEO plugin v27.2 - https:\/\/yoast.com\/product\/yoast-seo-wordpress\/ -->\n<title>Jugar Gratis en la Tragamonedas Aztec Fire: Hold and Win<\/title>\n<meta name=\"description\" content=\"Play the demo version and enjoy playing the Aztec Fire: Hold and Win slot for free. Get free spins in the Aztec Fire: Hold and Win slot.\" \/>\n<meta name=\"robots\" content=\"index, follow, max-snippet:-1, max-image-preview:large, max-video-preview:-1\" \/>\n<link rel=\"canonical\" href=\"https:\/\/slotofaztec.com\/en\/re-spins-and-free-spins-in-aztec-fire\/\" \/>\n<meta property=\"og:locale\" content=\"en_US\" \/>\n<meta property=\"og:locale:alternate\" content=\"ru_RU\" \/>\n<meta property=\"og:locale:alternate\" content=\"pt_PT\" \/>\n<meta property=\"og:locale:alternate\" content=\"es_ES\" \/>\n<meta property=\"og:locale:alternate\" content=\"sr_RS\" \/>\n<meta property=\"og:locale:alternate\" content=\"bg_BG\" \/>\n<meta property=\"og:locale:alternate\" content=\"pl_PL\" \/>\n<meta property=\"og:locale:alternate\" content=\"it_IT\" \/>\n<meta property=\"og:locale:alternate\" content=\"fr_FR\" \/>\n<meta property=\"og:type\" content=\"article\" \/>\n<meta property=\"og:title\" content=\"Jugar Gratis en la Tragamonedas Aztec Fire: Hold and Win\" \/>\n<meta property=\"og:description\" content=\"Juega la versi\u00f3n de demostraci\u00f3n y disfruta jugando gratis en la tragamonedas Aztec Fire: Hold and Win. Obt\u00e9n giros gratis en la tragamonedas Aztec Fire: Hold and Win.\" \/>\n<meta property=\"og:url\" content=\"https:\/\/slotofaztec.com\/en\/re-spins-and-free-spins-in-aztec-fire\/\" \/>\n<meta property=\"og:site_name\" content=\"Aztec Fire\" \/>\n<meta property=\"article:modified_time\" content=\"2024-03-22T15:44:55+00:00\" \/>\n<meta name=\"twitter:card\" content=\"summary_large_image\" \/>\n<meta name=\"twitter:label1\" content=\"Est. reading time\" \/>\n\t<meta name=\"twitter:data1\" content=\"10 minutes\" \/>\n<script type=\"application\/ld+json\" class=\"yoast-schema-graph\">{\"@context\":\"https:\/\/schema.org\",\"@graph\":[{\"@type\":\"WebPage\",\"@id\":\"https:\/\/slotofaztec.com\/es\/re-spins-and-free-spins-in-aztec-fire\/\",\"url\":\"https:\/\/slotofaztec.com\/es\/re-spins-and-free-spins-in-aztec-fire\/\",\"name\":\"Jugar Gratis en la Tragamonedas Aztec Fire: Hold and Win\",\"isPartOf\":{\"@id\":\"https:\/\/slotofaztec.com\/#website\"},\"datePublished\":\"2024-01-07T23:02:26+00:00\",\"dateModified\":\"2024-03-22T15:44:55+00:00\",\"description\":\"Juega la versi\u00f3n de demostraci\u00f3n y disfruta jugando gratis en la tragamonedas Aztec Fire: Hold and Win. Obt\u00e9n giros gratis en la tragamonedas Aztec Fire: Hold and Win.\",\"breadcrumb\":{\"@id\":\"https:\/\/slotofaztec.com\/es\/re-spins-and-free-spins-in-aztec-fire\/#breadcrumb\"},\"inLanguage\":\"en-US\",\"potentialAction\":[{\"@type\":\"ReadAction\",\"target\":[\"https:\/\/slotofaztec.com\/es\/re-spins-and-free-spins-in-aztec-fire\/\"]}]},{\"@type\":\"BreadcrumbList\",\"@id\":\"https:\/\/slotofaztec.com\/es\/re-spins-and-free-spins-in-aztec-fire\/#breadcrumb\",\"itemListElement\":[{\"@type\":\"ListItem\",\"position\":1,\"name\":\"Home\",\"item\":\"https:\/\/slotofaztec.com\/\"},{\"@type\":\"ListItem\",\"position\":2,\"name\":\"Re-spins y giros gratis en Aztec Fire\"}]},{\"@type\":\"WebSite\",\"@id\":\"https:\/\/slotofaztec.com\/#website\",\"url\":\"https:\/\/slotofaztec.com\/\",\"name\":\"Aztec Fire\",\"description\":\"\",\"publisher\":{\"@id\":\"https:\/\/slotofaztec.com\/#organization\"},\"potentialAction\":[{\"@type\":\"SearchAction\",\"target\":{\"@type\":\"EntryPoint\",\"urlTemplate\":\"https:\/\/slotofaztec.com\/?s={search_term_string}\"},\"query-input\":{\"@type\":\"PropertyValueSpecification\",\"valueRequired\":true,\"valueName\":\"search_term_string\"}}],\"inLanguage\":\"en-US\"},{\"@type\":\"Organization\",\"@id\":\"https:\/\/slotofaztec.com\/#organization\",\"name\":\"Aztec Fire\",\"url\":\"https:\/\/slotofaztec.com\/\",\"logo\":{\"@type\":\"ImageObject\",\"inLanguage\":\"en-US\",\"@id\":\"https:\/\/slotofaztec.com\/#\/schema\/logo\/image\/\",\"url\":\"https:\/\/slotofaztec.com\/wp-content\/uploads\/2024\/01\/aztec_fire_logo_ekcvl_200x200.png\",\"contentUrl\":\"https:\/\/slotofaztec.com\/wp-content\/uploads\/2024\/01\/aztec_fire_logo_ekcvl_200x200.png\",\"width\":200,\"height\":200,\"caption\":\"Aztec Fire\"},\"image\":{\"@id\":\"https:\/\/slotofaztec.com\/#\/schema\/logo\/image\/\"}}]}<\/script>\n<!-- \/ Yoast SEO plugin. -->","yoast_head_json":{"title":"Jugar Gratis en la Tragamonedas Aztec Fire: Hold and Win","description":"Play the demo version and enjoy playing the Aztec Fire: Hold and Win slot for free. Get free spins in the Aztec Fire: Hold and Win slot.","robots":{"index":"index","follow":"follow","max-snippet":"max-snippet:-1","max-image-preview":"max-image-preview:large","max-video-preview":"max-video-preview:-1"},"canonical":"https:\/\/slotofaztec.com\/en\/re-spins-and-free-spins-in-aztec-fire\/","og_locale":"en_US","og_type":"article","og_title":"Jugar Gratis en la Tragamonedas Aztec Fire: Hold and Win","og_description":"Juega la versi\u00f3n de demostraci\u00f3n y disfruta jugando gratis en la tragamonedas Aztec Fire: Hold and Win. Obt\u00e9n giros gratis en la tragamonedas Aztec Fire: Hold and Win.","og_url":"https:\/\/slotofaztec.com\/en\/re-spins-and-free-spins-in-aztec-fire\/","og_site_name":"Aztec Fire","article_modified_time":"2024-03-22T15:44:55+00:00","twitter_card":"summary_large_image","twitter_misc":{"Est. reading time":"10 minutes"},"schema":{"@context":"https:\/\/schema.org","@graph":[{"@type":"WebPage","@id":"https:\/\/slotofaztec.com\/es\/re-spins-and-free-spins-in-aztec-fire\/","url":"https:\/\/slotofaztec.com\/es\/re-spins-and-free-spins-in-aztec-fire\/","name":"Jugar Gratis en la Tragamonedas Aztec Fire: Hold and Win","isPartOf":{"@id":"https:\/\/slotofaztec.com\/#website"},"datePublished":"2024-01-07T23:02:26+00:00","dateModified":"2024-03-22T15:44:55+00:00","description":"Juega la versi\u00f3n de demostraci\u00f3n y disfruta jugando gratis en la tragamonedas Aztec Fire: Hold and Win. Obt\u00e9n giros gratis en la tragamonedas Aztec Fire: Hold and Win.","breadcrumb":{"@id":"https:\/\/slotofaztec.com\/es\/re-spins-and-free-spins-in-aztec-fire\/#breadcrumb"},"inLanguage":"en-US","potentialAction":[{"@type":"ReadAction","target":["https:\/\/slotofaztec.com\/es\/re-spins-and-free-spins-in-aztec-fire\/"]}]},{"@type":"BreadcrumbList","@id":"https:\/\/slotofaztec.com\/es\/re-spins-and-free-spins-in-aztec-fire\/#breadcrumb","itemListElement":[{"@type":"ListItem","position":1,"name":"Home","item":"https:\/\/slotofaztec.com\/"},{"@type":"ListItem","position":2,"name":"Re-spins y giros gratis en Aztec Fire"}]},{"@type":"WebSite","@id":"https:\/\/slotofaztec.com\/#website","url":"https:\/\/slotofaztec.com\/","name":"Aztec Fire","description":"","publisher":{"@id":"https:\/\/slotofaztec.com\/#organization"},"potentialAction":[{"@type":"SearchAction","target":{"@type":"EntryPoint","urlTemplate":"https:\/\/slotofaztec.com\/?s={search_term_string}"},"query-input":{"@type":"PropertyValueSpecification","valueRequired":true,"valueName":"search_term_string"}}],"inLanguage":"en-US"},{"@type":"Organization","@id":"https:\/\/slotofaztec.com\/#organization","name":"Aztec Fire","url":"https:\/\/slotofaztec.com\/","logo":{"@type":"ImageObject","inLanguage":"en-US","@id":"https:\/\/slotofaztec.com\/#\/schema\/logo\/image\/","url":"https:\/\/slotofaztec.com\/wp-content\/uploads\/2024\/01\/aztec_fire_logo_ekcvl_200x200.png","contentUrl":"https:\/\/slotofaztec.com\/wp-content\/uploads\/2024\/01\/aztec_fire_logo_ekcvl_200x200.png","width":200,"height":200,"caption":"Aztec Fire"},"image":{"@id":"https:\/\/slotofaztec.com\/#\/schema\/logo\/image\/"}}]}},"_links":{"self":[{"href":"https:\/\/slotofaztec.com\/en\/wp-json\/wp\/v2\/pages\/11","targetHints":{"allow":["GET"]}}],"collection":[{"href":"https:\/\/slotofaztec.com\/en\/wp-json\/wp\/v2\/pages"}],"about":[{"href":"https:\/\/slotofaztec.com\/en\/wp-json\/wp\/v2\/types\/page"}],"author":[{"embeddable":true,"href":"https:\/\/slotofaztec.com\/en\/wp-json\/wp\/v2\/users\/1"}],"replies":[{"embeddable":true,"href":"https:\/\/slotofaztec.com\/en\/wp-json\/wp\/v2\/comments?post=11"}],"version-history":[{"count":18,"href":"https:\/\/slotofaztec.com\/en\/wp-json\/wp\/v2\/pages\/11\/revisions"}],"predecessor-version":[{"id":128,"href":"https:\/\/slotofaztec.com\/en\/wp-json\/wp\/v2\/pages\/11\/revisions\/128"}],"wp:attachment":[{"href":"https:\/\/slotofaztec.com\/en\/wp-json\/wp\/v2\/media?parent=11"}],"curies":[{"name":"wp","href":"https:\/\/api.w.org\/{rel}","templated":true}]}}